{"id":18532,"date":"2022-08-15T12:23:36","date_gmt":"2022-08-15T10:23:36","guid":{"rendered":"https:\/\/amtprojekt.si\/?page_id=18532"},"modified":"2022-11-16T09:25:37","modified_gmt":"2022-11-16T08:25:37","slug":"products-grp","status":"publish","type":"page","link":"https:\/\/amtprojekt.si\/sl\/references\/products-grp\/","title":{"rendered":"Poliester izdelki"},"content":{"rendered":"<div id=\"fws_69daa00da9ce2\"  data-column-margin=\"default\" data-midnight=\"dark\" data-top-percent=\"4%\" data-bottom-percent=\"4%\"  class=\"wpb_row vc_row-fluid vc_row full-width-section vc_row-o-equal-height vc_row-flex vc_row-o-content-middle parallax_section\"  style=\"padding-top: calc(100vw * 0.04); padding-bottom: calc(100vw * 0.04); \"><div class=\"row-bg-wrap\" data-bg-animation=\"none\" data-bg-overlay=\"false\"><div class=\"inner-wrap using-image\"><div class=\"row-bg viewport-desktop using-image using-bg-color\" data-parallax-speed=\"fast\" style=\"background-position: left top; background-repeat: no-repeat; background-color: #f4f4f4; \"><\/div><\/div><\/div><div class=\"row_col_wrap_12 col span_12 dark left\">\n\t<div  class=\"vc_col-sm-4 wpb_column column_container vc_column_container col no-extra-padding inherit_tablet inherit_phone\"  data-padding-pos=\"all\" data-has-bg-color=\"false\" data-bg-color=\"\" data-bg-opacity=\"1\" data-animation=\"\" data-delay=\"0\" >\n\t\t<div class=\"vc_column-inner\" >\n\t\t\t<div class=\"wpb_wrapper\">\n\t\t\t\t<div class=\"img-with-aniamtion-wrap center\" data-max-width=\"100%\" data-max-width-mobile=\"default\" data-border-radius=\"10px\" data-shadow=\"x_large_depth\" data-animation=\"fade-in-from-left\" >\r\n      <div class=\"inner\">\r\n        <div class=\"hover-wrap\"> \r\n          <div class=\"hover-wrap-inner\">\r\n            <img loading=\"lazy\" decoding=\"async\" class=\"img-with-animation skip-lazy\" data-delay=\"0\" height=\"600\" width=\"800\" data-animation=\"fade-in-from-left\" src=\"https:\/\/amtprojekt.si\/wp-content\/uploads\/2022\/06\/b83689b60f28.jpeg\" alt=\"\" srcset=\"https:\/\/amtprojekt.si\/wp-content\/uploads\/2022\/06\/b83689b60f28.jpeg 800w, https:\/\/amtprojekt.si\/wp-content\/uploads\/2022\/06\/b83689b60f28-300x225.jpeg 300w, https:\/\/amtprojekt.si\/wp-content\/uploads\/2022\/06\/b83689b60f28-768x576.jpeg 768w\" sizes=\"auto, (max-width: 800px) 100vw, 800px\" \/>\r\n          <\/div>\r\n        <\/div>\r\n      <\/div>\r\n    <\/div>\n\t\t\t<\/div> \n\t\t<\/div>\n\t<\/div> \n\n\t<div  class=\"vc_col-sm-8 wpb_column column_container vc_column_container col padding-5-percent inherit_tablet inherit_phone\"  data-padding-pos=\"all\" data-has-bg-color=\"false\" data-bg-color=\"\" data-bg-opacity=\"1\" data-animation=\"\" data-delay=\"0\" >\n\t\t<div class=\"vc_column-inner\" >\n\t\t\t<div class=\"wpb_wrapper\">\n\t\t\t\t<div id=\"fws_69daa00daa6f5\" data-midnight=\"\" data-column-margin=\"default\" class=\"wpb_row vc_row-fluid vc_row inner_row\"  style=\"\"><div class=\"row-bg-wrap\"> <div class=\"row-bg\" ><\/div> <\/div><div class=\"row_col_wrap_12_inner col span_12  left\">\n\t<div  class=\"vc_col-sm-12 wpb_column column_container vc_column_container col child_column has-animation no-extra-padding inherit_tablet inherit_phone\"   data-padding-pos=\"all\" data-has-bg-color=\"false\" data-bg-color=\"\" data-bg-opacity=\"1\" data-animation=\"fade-in\" data-delay=\"0\" >\n\t\t<div class=\"vc_column-inner\" >\n\t\t<div class=\"wpb_wrapper\">\n\t\t\t\r\n<div class=\"wpb_text_column wpb_content_element\" >\r\n\t<div class=\"wpb_wrapper\">\r\n\t\t<h1>Poliester izdelki<\/h1>\n\t<\/div>\r\n<\/div>\r\n\r\n\r\n\r\n\n\t\t<\/div> \n\t<\/div>\n\t<\/div> \n<\/div><\/div>\n\t\t\t<\/div> \n\t\t<\/div>\n\t<\/div> \n<\/div><\/div>\r\n\t\t<div id=\"impact\"  data-column-margin=\"20px\" data-midnight=\"dark\" data-top-percent=\"6%\"  class=\"wpb_row vc_row-fluid vc_row full-width-content vc_row-o-equal-height vc_row-flex vc_row-o-content-top  right_padding_8pct left_padding_8pct nectar-overflow-hidden top_padding_tablet_15pct bottom_padding_tablet_15pct\"  style=\"padding-top: calc(100vw * 0.06); padding-bottom: 0px; \"><div class=\"row-bg-wrap\" data-bg-animation=\"none\" data-bg-overlay=\"false\"><div class=\"inner-wrap\"><div class=\"row-bg viewport-desktop\"  style=\"\"><\/div><\/div><\/div><div class=\"row_col_wrap_12 col span_12 dark left\">\n\t<div  class=\"vc_col-sm-4 wpb_column column_container vc_column_container col no-extra-padding inherit_tablet inherit_phone\"  data-padding-pos=\"all\" data-has-bg-color=\"false\" data-bg-color=\"\" data-bg-opacity=\"1\" data-animation=\"\" data-delay=\"0\" >\n\t\t<div class=\"vc_column-inner\" >\n\t\t\t<div class=\"wpb_wrapper\">\n\t\t\t\t<div class=\"nectar-fancy-box using-img  min_height_tablet_550px hover_o_opacity_0-4 o_opacity_0-9 hover_color_000000 icon_position_top disable-hover-movement\" style=\"min-height: 40vh\" data-style=\"hover_desc\" data-border-radius=\"default\" data-animation=\"\" data-bg-animation=\"none\" data-border=\"\" data-delay=\"\" data-alignment=\"left\" data-color=\"accent-color\" ><div class=\"box-bg\"  data-nectar-img-src=\"https:\/\/amtprojekt.si\/wp-content\/uploads\/2022\/06\/9e6d8f36d884.jpeg\"><\/div><div class=\"inner\"><div class=\"heading-wrap\">\n<h4>Pokrovi za posode za zelje<\/h4>\n<\/div><\/div>   <\/div>\n\t\t\t<\/div> \n\t\t<\/div>\n\t<\/div> \n\n\t<div  class=\"vc_col-sm-4 wpb_column column_container vc_column_container col no-extra-padding inherit_tablet inherit_phone\"  data-padding-pos=\"all\" data-has-bg-color=\"false\" data-bg-color=\"\" data-bg-opacity=\"1\" data-animation=\"\" data-delay=\"0\" >\n\t\t<div class=\"vc_column-inner\" >\n\t\t\t<div class=\"wpb_wrapper\">\n\t\t\t\t<div class=\"nectar-fancy-box using-img  min_height_tablet_550px hover_o_opacity_0-4 o_opacity_0-9 hover_color_000000 icon_position_top disable-hover-movement\" style=\"min-height: 40vh\" data-style=\"hover_desc\" data-border-radius=\"default\" data-animation=\"\" data-bg-animation=\"none\" data-border=\"\" data-delay=\"\" data-alignment=\"left\" data-color=\"accent-color\" ><div class=\"box-bg\"  data-nectar-img-src=\"https:\/\/amtprojekt.si\/wp-content\/uploads\/2022\/06\/a5fd5db4812f.jpeg\"><\/div><div class=\"inner\"><div class=\"heading-wrap\">\n<h4>4,8 m3 Container for HNO3 &#8211; Podgrad<\/h4>\n<\/div><\/div>   <\/div>\n\t\t\t<\/div> \n\t\t<\/div>\n\t<\/div> \n\n\t<div  class=\"vc_col-sm-4 wpb_column column_container vc_column_container col no-extra-padding inherit_tablet inherit_phone\"  data-padding-pos=\"all\" data-has-bg-color=\"false\" data-bg-color=\"\" data-bg-opacity=\"1\" data-animation=\"\" data-delay=\"0\" >\n\t\t<div class=\"vc_column-inner\" >\n\t\t\t<div class=\"wpb_wrapper\">\n\t\t\t\t<div class=\"nectar-fancy-box using-img  min_height_tablet_550px hover_o_opacity_0-4 o_opacity_0-9 hover_color_000000 icon_position_top disable-hover-movement\" style=\"min-height: 40vh\" data-style=\"hover_desc\" data-border-radius=\"default\" data-animation=\"\" data-bg-animation=\"none\" data-border=\"\" data-delay=\"\" data-alignment=\"left\" data-color=\"accent-color\" ><div class=\"box-bg\"  data-nectar-img-src=\"https:\/\/amtprojekt.si\/wp-content\/uploads\/2022\/06\/42e09c4e38d8.jpeg\"><\/div><div class=\"inner\"><div class=\"heading-wrap\">\n<h4>Obnovitev poliester obloge v lu\u017eilni kadi - SIJ Acroni, Jesenice<\/h4>\n<\/div><\/div>   <\/div>\n\t\t\t<\/div> \n\t\t<\/div>\n\t<\/div> \n<\/div><\/div>\r\n\t\t<div id=\"impact\"  data-column-margin=\"20px\" data-midnight=\"dark\" data-top-percent=\"2%\" data-bottom-percent=\"6%\"  class=\"wpb_row vc_row-fluid vc_row full-width-content vc_row-o-equal-height vc_row-flex vc_row-o-content-top  right_padding_8pct left_padding_8pct nectar-overflow-hidden top_padding_tablet_15pct bottom_padding_tablet_15pct\"  style=\"padding-top: calc(100vw * 0.02); padding-bottom: calc(100vw * 0.06); \"><div class=\"row-bg-wrap\" data-bg-animation=\"none\" data-bg-overlay=\"false\"><div class=\"inner-wrap\"><div class=\"row-bg viewport-desktop\"  style=\"\"><\/div><\/div><\/div><div class=\"row_col_wrap_12 col span_12 dark left\">\n\t<div  class=\"vc_col-sm-4 wpb_column column_container vc_column_container col no-extra-padding inherit_tablet inherit_phone\"  data-padding-pos=\"all\" data-has-bg-color=\"false\" data-bg-color=\"\" data-bg-opacity=\"1\" data-animation=\"\" data-delay=\"0\" >\n\t\t<div class=\"vc_column-inner\" >\n\t\t\t<div class=\"wpb_wrapper\">\n\t\t\t\t<div class=\"nectar-fancy-box using-img  min_height_tablet_550px hover_o_opacity_0-4 o_opacity_0-9 hover_color_000000 icon_position_top disable-hover-movement\" style=\"min-height: 40vh\" data-style=\"hover_desc\" data-border-radius=\"default\" data-animation=\"\" data-bg-animation=\"none\" data-border=\"\" data-delay=\"\" data-alignment=\"left\" data-color=\"accent-color\" ><div class=\"box-bg\"  data-nectar-img-src=\"https:\/\/amtprojekt.si\/wp-content\/uploads\/2022\/06\/cd070376f932.jpeg\"><\/div><div class=\"inner\"><div class=\"heading-wrap\">\n<h4>Revizijski ja\u0161ki fi 600, razli\u010dnih vi\u0161in - objekt Bra\u010d<\/h4>\n<\/div><\/div>   <\/div>\n\t\t\t<\/div> \n\t\t<\/div>\n\t<\/div> \n\n\t<div  class=\"vc_col-sm-4 wpb_column column_container vc_column_container col no-extra-padding inherit_tablet inherit_phone\"  data-padding-pos=\"all\" data-has-bg-color=\"false\" data-bg-color=\"\" data-bg-opacity=\"1\" data-animation=\"\" data-delay=\"0\" >\n\t\t<div class=\"vc_column-inner\" >\n\t\t\t<div class=\"wpb_wrapper\">\n\t\t\t\t<div class=\"nectar-fancy-box using-img  min_height_tablet_550px hover_o_opacity_0-4 o_opacity_0-9 hover_color_000000 icon_position_top disable-hover-movement\" style=\"min-height: 40vh\" data-style=\"hover_desc\" data-border-radius=\"default\" data-animation=\"\" data-bg-animation=\"none\" data-border=\"\" data-delay=\"\" data-alignment=\"left\" data-color=\"accent-color\" ><div class=\"box-bg\"  data-nectar-img-src=\"https:\/\/amtprojekt.si\/wp-content\/uploads\/2022\/06\/ea58c1c6f239.jpeg\"><\/div><div class=\"inner\"><div class=\"heading-wrap\">\n<h4>Vinska klet \/klet za ozimnico<\/h4>\n<\/div><\/div>   <\/div>\n\t\t\t<\/div> \n\t\t<\/div>\n\t<\/div> \n\n\t<div  class=\"vc_col-sm-4 wpb_column column_container vc_column_container col no-extra-padding inherit_tablet inherit_phone\"  data-padding-pos=\"all\" data-has-bg-color=\"false\" data-bg-color=\"\" data-bg-opacity=\"1\" data-animation=\"\" data-delay=\"0\" >\n\t\t<div class=\"vc_column-inner\" >\n\t\t\t<div class=\"wpb_wrapper\">\n\t\t\t\t\n\t\t\t<\/div> \n\t\t<\/div>\n\t<\/div> \n<\/div><\/div>","protected":false},"excerpt":{"rendered":"GRP products Carbon storage container 4,8 m3 Container for HNO3 - Podgrad Restoration of GRP lining in the pickling bath - SIJ Acroni, Jesenice Manholes - Bra\u010d Wine cellar winterized","protected":false},"author":1,"featured_media":0,"parent":17712,"menu_order":0,"comment_status":"closed","ping_status":"closed","template":"","meta":{"footnotes":""},"class_list":["post-18532","page","type-page","status-publish"],"yoast_head":"<!-- This site is optimized with the Yoast SEO plugin v27.3 - https:\/\/yoast.com\/product\/yoast-seo-wordpress\/ -->\n<title>Products GRP - AMT Projekt<\/title>\n<meta name=\"robots\" content=\"index, follow, max-snippet:-1, max-image-preview:large, max-video-preview:-1\" \/>\n<link rel=\"canonical\" href=\"https:\/\/amtprojekt.si\/sl\/references\/products-grp\/\" \/>\n<meta property=\"og:locale\" content=\"sl_SI\" \/>\n<meta property=\"og:type\" content=\"article\" \/>\n<meta property=\"og:title\" content=\"Products GRP - AMT Projekt\" \/>\n<meta property=\"og:url\" content=\"https:\/\/amtprojekt.si\/sl\/references\/products-grp\/\" \/>\n<meta property=\"og:site_name\" content=\"AMT Projekt\" \/>\n<meta property=\"article:modified_time\" content=\"2022-11-16T08:25:37+00:00\" \/>\n<meta name=\"twitter:card\" content=\"summary_large_image\" \/>\n<meta name=\"twitter:label1\" content=\"Est. reading time\" \/>\n\t<meta name=\"twitter:data1\" content=\"8 minut\" \/>\n<script type=\"application\/ld+json\" class=\"yoast-schema-graph\">{\"@context\":\"https:\\\/\\\/schema.org\",\"@graph\":[{\"@type\":\"WebPage\",\"@id\":\"https:\\\/\\\/amtprojekt.si\\\/references\\\/products-grp\\\/\",\"url\":\"https:\\\/\\\/amtprojekt.si\\\/references\\\/products-grp\\\/\",\"name\":\"Products GRP - AMT Projekt\",\"isPartOf\":{\"@id\":\"https:\\\/\\\/amtprojekt.si\\\/#website\"},\"datePublished\":\"2022-08-15T10:23:36+00:00\",\"dateModified\":\"2022-11-16T08:25:37+00:00\",\"breadcrumb\":{\"@id\":\"https:\\\/\\\/amtprojekt.si\\\/references\\\/products-grp\\\/#breadcrumb\"},\"inLanguage\":\"sl-SI\",\"potentialAction\":[{\"@type\":\"ReadAction\",\"target\":[\"https:\\\/\\\/amtprojekt.si\\\/references\\\/products-grp\\\/\"]}]},{\"@type\":\"BreadcrumbList\",\"@id\":\"https:\\\/\\\/amtprojekt.si\\\/references\\\/products-grp\\\/#breadcrumb\",\"itemListElement\":[{\"@type\":\"ListItem\",\"position\":1,\"name\":\"Hem\",\"item\":\"https:\\\/\\\/amtprojekt.si\\\/\"},{\"@type\":\"ListItem\",\"position\":2,\"name\":\"References\",\"item\":\"https:\\\/\\\/amtprojekt.si\\\/references\\\/\"},{\"@type\":\"ListItem\",\"position\":3,\"name\":\"Products GRP\"}]},{\"@type\":\"WebSite\",\"@id\":\"https:\\\/\\\/amtprojekt.si\\\/#website\",\"url\":\"https:\\\/\\\/amtprojekt.si\\\/\",\"name\":\"AMT Projekt\",\"description\":\"producer and seller of products for the construction of communal infrastructure.\",\"potentialAction\":[{\"@type\":\"SearchAction\",\"target\":{\"@type\":\"EntryPoint\",\"urlTemplate\":\"https:\\\/\\\/amtprojekt.si\\\/?s={search_term_string}\"},\"query-input\":{\"@type\":\"PropertyValueSpecification\",\"valueRequired\":true,\"valueName\":\"search_term_string\"}}],\"inLanguage\":\"sl-SI\"}]}<\/script>\n<!-- \/ Yoast SEO plugin. -->","yoast_head_json":{"title":"Products GRP - AMT Projekt","robots":{"index":"index","follow":"follow","max-snippet":"max-snippet:-1","max-image-preview":"max-image-preview:large","max-video-preview":"max-video-preview:-1"},"canonical":"https:\/\/amtprojekt.si\/sl\/references\/products-grp\/","og_locale":"sl_SI","og_type":"article","og_title":"Products GRP - AMT Projekt","og_url":"https:\/\/amtprojekt.si\/sl\/references\/products-grp\/","og_site_name":"AMT Projekt","article_modified_time":"2022-11-16T08:25:37+00:00","twitter_card":"summary_large_image","twitter_misc":{"Est. reading time":"8 minut"},"schema":{"@context":"https:\/\/schema.org","@graph":[{"@type":"WebPage","@id":"https:\/\/amtprojekt.si\/references\/products-grp\/","url":"https:\/\/amtprojekt.si\/references\/products-grp\/","name":"Products GRP - AMT Projekt","isPartOf":{"@id":"https:\/\/amtprojekt.si\/#website"},"datePublished":"2022-08-15T10:23:36+00:00","dateModified":"2022-11-16T08:25:37+00:00","breadcrumb":{"@id":"https:\/\/amtprojekt.si\/references\/products-grp\/#breadcrumb"},"inLanguage":"sl-SI","potentialAction":[{"@type":"ReadAction","target":["https:\/\/amtprojekt.si\/references\/products-grp\/"]}]},{"@type":"BreadcrumbList","@id":"https:\/\/amtprojekt.si\/references\/products-grp\/#breadcrumb","itemListElement":[{"@type":"ListItem","position":1,"name":"Hem","item":"https:\/\/amtprojekt.si\/"},{"@type":"ListItem","position":2,"name":"References","item":"https:\/\/amtprojekt.si\/references\/"},{"@type":"ListItem","position":3,"name":"Products GRP"}]},{"@type":"WebSite","@id":"https:\/\/amtprojekt.si\/#website","url":"https:\/\/amtprojekt.si\/","name":"AMT Projekt","description":"producer and seller of products for the construction of communal infrastructure.","potentialAction":[{"@type":"SearchAction","target":{"@type":"EntryPoint","urlTemplate":"https:\/\/amtprojekt.si\/?s={search_term_string}"},"query-input":{"@type":"PropertyValueSpecification","valueRequired":true,"valueName":"search_term_string"}}],"inLanguage":"sl-SI"}]}},"_links":{"self":[{"href":"https:\/\/amtprojekt.si\/sl\/wp-json\/wp\/v2\/pages\/18532","targetHints":{"allow":["GET"]}}],"collection":[{"href":"https:\/\/amtprojekt.si\/sl\/wp-json\/wp\/v2\/pages"}],"about":[{"href":"https:\/\/amtprojekt.si\/sl\/wp-json\/wp\/v2\/types\/page"}],"author":[{"embeddable":true,"href":"https:\/\/amtprojekt.si\/sl\/wp-json\/wp\/v2\/users\/1"}],"replies":[{"embeddable":true,"href":"https:\/\/amtprojekt.si\/sl\/wp-json\/wp\/v2\/comments?post=18532"}],"version-history":[{"count":9,"href":"https:\/\/amtprojekt.si\/sl\/wp-json\/wp\/v2\/pages\/18532\/revisions"}],"predecessor-version":[{"id":18699,"href":"https:\/\/amtprojekt.si\/sl\/wp-json\/wp\/v2\/pages\/18532\/revisions\/18699"}],"up":[{"embeddable":true,"href":"https:\/\/amtprojekt.si\/sl\/wp-json\/wp\/v2\/pages\/17712"}],"wp:attachment":[{"href":"https:\/\/amtprojekt.si\/sl\/wp-json\/wp\/v2\/media?parent=18532"}],"curies":[{"name":"wp","href":"https:\/\/api.w.org\/{rel}","templated":true}]}}