{"id":18253,"date":"2022-06-27T14:13:09","date_gmt":"2022-06-27T12:13:09","guid":{"rendered":"https:\/\/amtprojekt.si\/?page_id=18253"},"modified":"2025-06-17T16:25:03","modified_gmt":"2025-06-17T14:25:03","slug":"news","status":"publish","type":"page","link":"https:\/\/amtprojekt.si\/sl\/news\/","title":{"rendered":"Novice"},"content":{"rendered":"<div id=\"fws_69da8c11b4bdd\"  data-column-margin=\"default\" data-midnight=\"dark\"  class=\"wpb_row vc_row-fluid vc_row\"  style=\"padding-top: 0px; padding-bottom: 0px; \"><div class=\"row-bg-wrap\" data-bg-animation=\"none\" data-bg-overlay=\"false\"><div class=\"inner-wrap\"><div class=\"row-bg viewport-desktop\"  style=\"\"><\/div><\/div><\/div><div class=\"row_col_wrap_12 col span_12 dark left\">\n\t<div  class=\"vc_col-sm-12 wpb_column column_container vc_column_container col no-extra-padding inherit_tablet inherit_phone\"  data-padding-pos=\"all\" data-has-bg-color=\"false\" data-bg-color=\"\" data-bg-opacity=\"1\" data-animation=\"\" data-delay=\"0\" >\n\t\t<div class=\"vc_column-inner\" >\n\t\t\t<div class=\"wpb_wrapper\">\n\t\t\t\t<div class='nectar-post-grid-wrap text-color-dark spacing-25px' data-el-settings='{\"post_type\":\"post\",\"pagination\":\"load-more\",\"image_size\":\"large\",\"aspect_ratio_image_size\":\"\",\"display_categories\":\"0\",\"display_excerpt\":\"yes\",\"display_date\":\"0\",\"color_overlay\":\"\",\"color_overlay_opacity\":\"\",\"color_overlay_hover_opacity\":\"\",\"card_bg_color\":\"\",\"grid_style\":\"content_under_image\",\"hover_effect\":\"zoom\",\"post_title_overlay\":\"\",\"heading_tag\":\"default\",\"enable_gallery_lightbox\":\"0\",\"overlay_secondary_project_image\":\"\",\"vertical_list_hover_effect\":\"none\",\"vertical_list_read_more\":\"\"}' data-style='content_under_image' data-query='{\"post_type\":\"post\",\"posts_per_page\":\"9\",\"order\":\"DESC\",\"orderby\":\"date\",\"offset\":\"0\",\"cpt_name\":\"post\",\"custom_query_tax\":\"\",\"ignore_sticky_posts\":\"\"}' data-load-more-color='black' data-load-more-text='Load More'><div class=\"nectar-post-grid-filters\" data-active-color=\"default\" data-align=\"default\" data-animation=\"none\" data-sortable=\"\"><h4>Filter<\/h4><div><a href=\"#\" class=\"active all-filter\" data-total-count=\"42\" data-filter=\"-1\">All<\/a><a href=\"#\" data-filter=\"posts\" data-total-count=\"42\">Objava<\/a><\/div><\/div><div class=\"nectar-post-grid\" data-indicator=\"\" data-indicator-style=\"default\" data-indicator-text-color=\"#fff\" data-indicator-color=\"#000\" data-indicator-text=\"View\" data-columns=\"3\" data-hover-effect=\"zoom\" data-text-style=\"default\" data-border-radius=\"5px\" data-grid-item-height=\"30vh\" data-grid-spacing=\"25px\" data-text-layout=\"top_left\" data-text-color=\"dark\" data-text-hover-color=\"dark\" data-shadow-hover=\"\" data-animation=\"none\" data-cat-click=\"default\" data-lock-aspect=\"\"  data-text-align=\"left\" data-card=\"\"><div class=\"nectar-post-grid-item\" data-has-img=\"true\"> <div class=\"inner\"><div class=\"nectar-post-grid-item-bg-wrap\"><div class=\"nectar-post-grid-item-bg-wrap-inner\"><a class=\"bg-wrap-link\" aria-label=\"Tehnolo\u0161ke inovacije kot del trajnostne proizvodnje\" href=\"https:\/\/amtprojekt.si\/sl\/tehnoloske-inovacije-kot-del-trajnostne-proizvodnje\/\"><\/a><div class=\"nectar-post-grid-item-bg\" style=\"background-image:url(https:\/\/amtprojekt.si\/wp-content\/uploads\/2026\/03\/IMG-1328e10f79553b89e25ab679aa3e0845-V-1024x768.webp);\"><\/div><\/div><\/div><div class=\"content\"><a class=\"nectar-post-grid-link\" href=\"https:\/\/amtprojekt.si\/sl\/tehnoloske-inovacije-kot-del-trajnostne-proizvodnje\/\" aria-label=\"Tehnolo\u0161ke inovacije kot del trajnostne proizvodnje\"><\/a><div class=\"item-main\"><h3 class=\"post-heading\"><a href=\"https:\/\/amtprojekt.si\/sl\/tehnoloske-inovacije-kot-del-trajnostne-proizvodnje\/\"><span>Tehnolo\u0161ke inovacije kot del trajnostne proizvodnje<\/span><\/a><\/h3><div class=\"item-meta-extra\"><span class=\"meta-excerpt\">V podjetju AMT Projekt d.o.o. trajnost povezujemo z razvojem tehnolo\u0161kih re\u0161itev, ki izbolj\u0161ujejo u\u010dinkovitost proizvodnje in hkrati zmanj\u0161ujejo vpliv na okolje. Eden izmed tak\u0161nih korakov je izdelava silikonskih kalupov za ve\u010dkratno uporabo, namenjenih proizvodnji kompozitnih (GRP) komponent. Silikonski kalupi omogo\u010dajo visoko natan\u010dnost izdelave, stabilno kakovost ter ponovljivost proizvodnih procesov. Njihova glavna prednost je dolga \u017eivljenjska doba, saj jih je mogo\u010de uporabiti v ve\u010d sto proizvodnih&hellip;<\/span><\/div><\/div><\/div><\/div><\/div><div class=\"nectar-post-grid-item\" data-has-img=\"true\"> <div class=\"inner\"><div class=\"nectar-post-grid-item-bg-wrap\"><div class=\"nectar-post-grid-item-bg-wrap-inner\"><a class=\"bg-wrap-link\" aria-label=\"Prejeli smo certifikat Business Excellent SME Slovenia\" href=\"https:\/\/amtprojekt.si\/sl\/business-excellent-sme\/\"><\/a><div class=\"nectar-post-grid-item-bg\" style=\"background-image:url(https:\/\/amtprojekt.si\/wp-content\/uploads\/2026\/01\/Screenshot-2026-01-23-at-08.18.50-817x1024.webp);\"><\/div><\/div><\/div><div class=\"content\"><a class=\"nectar-post-grid-link\" href=\"https:\/\/amtprojekt.si\/sl\/business-excellent-sme\/\" aria-label=\"Prejeli smo certifikat Business Excellent SME Slovenia\"><\/a><div class=\"item-main\"><h3 class=\"post-heading\"><a href=\"https:\/\/amtprojekt.si\/sl\/business-excellent-sme\/\"><span>Prejeli smo certifikat Business Excellent SME Slovenia<\/span><\/a><\/h3><div class=\"item-meta-extra\"><span class=\"meta-excerpt\">Z veseljem sporo\u010damo, da smo v podjetju AMT Projekt d.o.o., Lesce prejeli certifikat Business Excellent SME Slovenia, ki ga podeljuje Gospodarska zbornica Slovenije v sodelovanju z mednarodno bonitetno hi\u0161o Coface.Certifikat potrjuje, da izpolnjujemo visoke kriterije poslovne odli\u010dnosti, finan\u010dne stabilnosti in zanesljivosti. Temelji na bonitetni oceni ter rednem monitoringu mednarodne skupine Coface, kar predstavlja objektivno in neodvisno presojo na\u0161ega poslovanja. Pridobitev certifikata razumemo kot priznanje za&hellip;<\/span><\/div><\/div><\/div><\/div><\/div><div class=\"nectar-post-grid-item\" data-has-img=\"true\"> <div class=\"inner\"><div class=\"nectar-post-grid-item-bg-wrap\"><div class=\"nectar-post-grid-item-bg-wrap-inner\"><a class=\"bg-wrap-link\" aria-label=\"Platinasta boniteta odli\u010dnosti\" href=\"https:\/\/amtprojekt.si\/sl\/platinasta-boniteta-odlicnosti\/\"><\/a><div class=\"nectar-post-grid-item-bg\" style=\"background-image:url(https:\/\/amtprojekt.si\/wp-content\/uploads\/2024\/04\/SI1000006532306_DigitalCertificate_sl-SI.jpg);\"><\/div><\/div><\/div><div class=\"content\"><a class=\"nectar-post-grid-link\" href=\"https:\/\/amtprojekt.si\/sl\/platinasta-boniteta-odlicnosti\/\" aria-label=\"Platinasta boniteta odli\u010dnosti\"><\/a><div class=\"item-main\"><h3 class=\"post-heading\"><a href=\"https:\/\/amtprojekt.si\/sl\/platinasta-boniteta-odlicnosti\/\"><span>Platinasta boniteta odli\u010dnosti<\/span><\/a><\/h3><div class=\"item-meta-extra\"><span class=\"meta-excerpt\">Prejeli smo platinasto boniteto odli\u010dnosti.<\/span><\/div><\/div><\/div><\/div><\/div><div class=\"nectar-post-grid-item\" data-has-img=\"true\"> <div class=\"inner\"><div class=\"nectar-post-grid-item-bg-wrap\"><div class=\"nectar-post-grid-item-bg-wrap-inner\"><a class=\"bg-wrap-link\" aria-label=\"Projekt \u00bbLight RTM tehnologija za produktno skupino \u2013 GRP vrata delovnega stroja\u00ab.\" href=\"https:\/\/amtprojekt.si\/sl\/projekt-light-rtm-tehnologija-za-produktno-skupino-grp-vrata-delovnega-stroja\/\"><\/a><div class=\"nectar-post-grid-item-bg\" style=\"background-image:url(https:\/\/amtprojekt.si\/wp-content\/uploads\/2024\/02\/20240726_100527-768x1024.jpg);\"><\/div><\/div><\/div><div class=\"content\"><a class=\"nectar-post-grid-link\" href=\"https:\/\/amtprojekt.si\/sl\/projekt-light-rtm-tehnologija-za-produktno-skupino-grp-vrata-delovnega-stroja\/\" aria-label=\"Projekt \u00bbLight RTM tehnologija za produktno skupino \u2013 GRP vrata delovnega stroja\u00ab.\"><\/a><div class=\"item-main\"><h3 class=\"post-heading\"><a href=\"https:\/\/amtprojekt.si\/sl\/projekt-light-rtm-tehnologija-za-produktno-skupino-grp-vrata-delovnega-stroja\/\"><span>Projekt \u00bbLight RTM tehnologija za produktno skupino \u2013 GRP vrata delovnega stroja\u00ab.<\/span><\/a><\/h3><div class=\"item-meta-extra\"><span class=\"meta-excerpt\">V podjetju AMT PROJEKT d.o.o. smo pristopili k izvedbi projekta: Light RTM tehnologija za produktno skupino \u2013 GRP vrata delovnega stroja. \u00a0Namen \u00a0razvoja tehnologije Light RTM (vrata delovnih strojev - tip DW2268.2, to je garnitura, ki vsebuje 7 razli\u010dnih artiklov \u2013 nova tehnologija). Vklju\u010duje tri pomembne vidike izbolj\u0161anja na\u010del kro\u017enega gospodarjenja v podjetju, ki so: optimizacija rabe materialov, optimizacija emisij, izbolj\u0161anje kakovosti in reduciranje odpadkov.&hellip;<\/span><\/div><\/div><\/div><\/div><\/div><div class=\"nectar-post-grid-item\" data-has-img=\"true\"> <div class=\"inner\"><div class=\"nectar-post-grid-item-bg-wrap\"><div class=\"nectar-post-grid-item-bg-wrap-inner\"><a class=\"bg-wrap-link\" aria-label=\"Priznanje trajnostne in kro\u017ene transformacije\" href=\"https:\/\/amtprojekt.si\/sl\/priznanje-trajnostne-in-krozne-transformacije\/\"><\/a><div class=\"nectar-post-grid-item-bg\" style=\"background-image:url(https:\/\/amtprojekt.si\/wp-content\/uploads\/2023\/09\/Slika1-e1694165322253-1024x747.png);\"><\/div><\/div><\/div><div class=\"content\"><a class=\"nectar-post-grid-link\" href=\"https:\/\/amtprojekt.si\/sl\/priznanje-trajnostne-in-krozne-transformacije\/\" aria-label=\"Priznanje trajnostne in kro\u017ene transformacije\"><\/a><div class=\"item-main\"><h3 class=\"post-heading\"><a href=\"https:\/\/amtprojekt.si\/sl\/priznanje-trajnostne-in-krozne-transformacije\/\"><span>Priznanje trajnostne in kro\u017ene transformacije<\/span><\/a><\/h3><div class=\"item-meta-extra\"><span class=\"meta-excerpt\">Prejeli smo priznanje za uspe\u0161no zaklju\u010den celovit proces strate\u0161ke, trajnostne in kro\u017ene transformacije podjetja, ki ga v sklopu nacionalnega programa izvaja SPIRIT Slovenija, javna agencija.<\/span><\/div><\/div><\/div><\/div><\/div><div class=\"nectar-post-grid-item\" data-has-img=\"true\"> <div class=\"inner\"><div class=\"nectar-post-grid-item-bg-wrap\"><div class=\"nectar-post-grid-item-bg-wrap-inner\"><a class=\"bg-wrap-link\" aria-label=\"Zaklju\u010dek projekta &#8211; Akademija trajnostne in kro\u017ene transformacije\" href=\"https:\/\/amtprojekt.si\/sl\/zakljucek-projekta-akademija-trajnostne-in-krozne-transformacije\/\"><\/a><div class=\"nectar-post-grid-item-bg\" style=\"background-image:url(https:\/\/amtprojekt.si\/wp-content\/uploads\/2023\/08\/Slika-konec-projekta-TKT-1024x576.jpg);\"><\/div><\/div><\/div><div class=\"content\"><a class=\"nectar-post-grid-link\" href=\"https:\/\/amtprojekt.si\/sl\/zakljucek-projekta-akademija-trajnostne-in-krozne-transformacije\/\" aria-label=\"Zaklju\u010dek projekta &#8211; Akademija trajnostne in kro\u017ene transformacije\"><\/a><div class=\"item-main\"><h3 class=\"post-heading\"><a href=\"https:\/\/amtprojekt.si\/sl\/zakljucek-projekta-akademija-trajnostne-in-krozne-transformacije\/\"><span>Zaklju\u010dek projekta &#8211; Akademija trajnostne in kro\u017ene transformacije<\/span><\/a><\/h3><div class=\"item-meta-extra\"><span class=\"meta-excerpt\">Z mesecem avgustom 2023 zaklju\u010dujemo projekt programa Akademije trajnostne in kro\u017ene transformacije.<\/span><\/div><\/div><\/div><\/div><\/div><div class=\"nectar-post-grid-item\" data-has-img=\"true\"> <div class=\"inner\"><div class=\"nectar-post-grid-item-bg-wrap\"><div class=\"nectar-post-grid-item-bg-wrap-inner\"><a class=\"bg-wrap-link\" aria-label=\"\u010crpali\u0161\u010de fi 1600 x 2730 mm za kupca na Hrva\u0161kem\" href=\"https:\/\/amtprojekt.si\/sl\/crpalisce-fi-1600-x-2730-mm-za-kupca-na-hrvaskem\/\"><\/a><div class=\"nectar-post-grid-item-bg\" style=\"background-image:url(https:\/\/amtprojekt.si\/wp-content\/uploads\/2023\/08\/Crpalisce-Rapavel-1024x768.jpg);\"><\/div><\/div><\/div><div class=\"content\"><a class=\"nectar-post-grid-link\" href=\"https:\/\/amtprojekt.si\/sl\/crpalisce-fi-1600-x-2730-mm-za-kupca-na-hrvaskem\/\" aria-label=\"\u010crpali\u0161\u010de fi 1600 x 2730 mm za kupca na Hrva\u0161kem\"><\/a><div class=\"item-main\"><h3 class=\"post-heading\"><a href=\"https:\/\/amtprojekt.si\/sl\/crpalisce-fi-1600-x-2730-mm-za-kupca-na-hrvaskem\/\"><span>\u010crpali\u0161\u010de fi 1600 x 2730 mm za kupca na Hrva\u0161kem<\/span><\/a><\/h3><div class=\"item-meta-extra\"><span class=\"meta-excerpt\">V mesecu juliju smo izdelali \u010drpali\u0161\u010de fi 1600 x 2730 mm za kupca na Hrva\u0161kem.<\/span><\/div><\/div><\/div><\/div><\/div><div class=\"nectar-post-grid-item\" data-has-img=\"true\"> <div class=\"inner\"><div class=\"nectar-post-grid-item-bg-wrap\"><div class=\"nectar-post-grid-item-bg-wrap-inner\"><a class=\"bg-wrap-link\" aria-label=\"AED defibrilator\" href=\"https:\/\/amtprojekt.si\/sl\/aed-defibrillator\/\"><\/a><div class=\"nectar-post-grid-item-bg\" style=\"background-image:url(https:\/\/amtprojekt.si\/wp-content\/uploads\/2023\/06\/20230614_165451-1024x1024.jpg);\"><\/div><\/div><\/div><div class=\"content\"><a class=\"nectar-post-grid-link\" href=\"https:\/\/amtprojekt.si\/sl\/aed-defibrillator\/\" aria-label=\"AED defibrilator\"><\/a><div class=\"item-main\"><h3 class=\"post-heading\"><a href=\"https:\/\/amtprojekt.si\/sl\/aed-defibrillator\/\"><span>AED defibrilator<\/span><\/a><\/h3><div class=\"item-meta-extra\"><span class=\"meta-excerpt\">V sklopu projekta \"Akademija TKT - Trajnostna in kro\u017ena poslovna transformacija slovenskih majhnih in srednje velikih podjetij\" smo na na\u0161o poslovno stavbo v Lescah namestili defibrilator AED.<\/span><\/div><\/div><\/div><\/div><\/div><div class=\"nectar-post-grid-item\" data-has-img=\"true\"> <div class=\"inner\"><div class=\"nectar-post-grid-item-bg-wrap\"><div class=\"nectar-post-grid-item-bg-wrap-inner\"><a class=\"bg-wrap-link\" aria-label=\"\u010crpali\u0161\u010de fi 2000 x 2500 mm za kupca na Hrva\u0161kem\" href=\"https:\/\/amtprojekt.si\/sl\/crpalisce-fi-2000-x-2500-mm-za-kupca-na-hrvaskem\/\"><\/a><div class=\"nectar-post-grid-item-bg\" style=\"background-image:url(https:\/\/amtprojekt.si\/wp-content\/uploads\/2023\/08\/Kula-norisnka-1024x768.jpg);\"><\/div><\/div><\/div><div class=\"content\"><a class=\"nectar-post-grid-link\" href=\"https:\/\/amtprojekt.si\/sl\/crpalisce-fi-2000-x-2500-mm-za-kupca-na-hrvaskem\/\" aria-label=\"\u010crpali\u0161\u010de fi 2000 x 2500 mm za kupca na Hrva\u0161kem\"><\/a><div class=\"item-main\"><h3 class=\"post-heading\"><a href=\"https:\/\/amtprojekt.si\/sl\/crpalisce-fi-2000-x-2500-mm-za-kupca-na-hrvaskem\/\"><span>\u010crpali\u0161\u010de fi 2000 x 2500 mm za kupca na Hrva\u0161kem<\/span><\/a><\/h3><div class=\"item-meta-extra\"><span class=\"meta-excerpt\">V mesecu juniju smo izdelali \u010drpali\u0161\u010de\u00a0fi 2000 x 2500 mm za kupca.<\/span><\/div><\/div><\/div><\/div><\/div><\/div><\/div>\n\t\t\t<\/div> \n\t\t<\/div>\n\t<\/div> \n<\/div><\/div>","protected":false},"excerpt":{"rendered":"V mesecu juniju smo izdelali \u010drpali\u0161\u010de\u00a0fi 2000 x 2500 mm za kupca.","protected":false},"author":1,"featured_media":0,"parent":0,"menu_order":0,"comment_status":"closed","ping_status":"closed","template":"","meta":{"footnotes":""},"class_list":["post-18253","page","type-page","status-publish"],"yoast_head":"<!-- This site is optimized with the Yoast SEO plugin v27.3 - https:\/\/yoast.com\/product\/yoast-seo-wordpress\/ -->\n<title>News - AMT Projekt<\/title>\n<meta name=\"robots\" content=\"index, follow, max-snippet:-1, max-image-preview:large, max-video-preview:-1\" \/>\n<link rel=\"canonical\" href=\"https:\/\/amtprojekt.si\/sl\/news\/\" \/>\n<meta property=\"og:locale\" content=\"sl_SI\" \/>\n<meta property=\"og:type\" content=\"article\" \/>\n<meta property=\"og:title\" content=\"News - AMT Projekt\" \/>\n<meta property=\"og:url\" content=\"https:\/\/amtprojekt.si\/sl\/news\/\" \/>\n<meta property=\"og:site_name\" content=\"AMT Projekt\" \/>\n<meta property=\"article:modified_time\" content=\"2025-06-17T14:25:03+00:00\" \/>\n<meta name=\"twitter:card\" content=\"summary_large_image\" \/>\n<meta name=\"twitter:label1\" content=\"Est. reading time\" \/>\n\t<meta name=\"twitter:data1\" content=\"1 minuta\" \/>\n<script type=\"application\/ld+json\" class=\"yoast-schema-graph\">{\"@context\":\"https:\\\/\\\/schema.org\",\"@graph\":[{\"@type\":\"WebPage\",\"@id\":\"https:\\\/\\\/amtprojekt.si\\\/news\\\/\",\"url\":\"https:\\\/\\\/amtprojekt.si\\\/news\\\/\",\"name\":\"News - AMT Projekt\",\"isPartOf\":{\"@id\":\"https:\\\/\\\/amtprojekt.si\\\/#website\"},\"datePublished\":\"2022-06-27T12:13:09+00:00\",\"dateModified\":\"2025-06-17T14:25:03+00:00\",\"breadcrumb\":{\"@id\":\"https:\\\/\\\/amtprojekt.si\\\/news\\\/#breadcrumb\"},\"inLanguage\":\"sl-SI\",\"potentialAction\":[{\"@type\":\"ReadAction\",\"target\":[\"https:\\\/\\\/amtprojekt.si\\\/news\\\/\"]}]},{\"@type\":\"BreadcrumbList\",\"@id\":\"https:\\\/\\\/amtprojekt.si\\\/news\\\/#breadcrumb\",\"itemListElement\":[{\"@type\":\"ListItem\",\"position\":1,\"name\":\"Hem\",\"item\":\"https:\\\/\\\/amtprojekt.si\\\/\"},{\"@type\":\"ListItem\",\"position\":2,\"name\":\"News\"}]},{\"@type\":\"WebSite\",\"@id\":\"https:\\\/\\\/amtprojekt.si\\\/#website\",\"url\":\"https:\\\/\\\/amtprojekt.si\\\/\",\"name\":\"AMT Projekt\",\"description\":\"producer and seller of products for the construction of communal infrastructure.\",\"potentialAction\":[{\"@type\":\"SearchAction\",\"target\":{\"@type\":\"EntryPoint\",\"urlTemplate\":\"https:\\\/\\\/amtprojekt.si\\\/?s={search_term_string}\"},\"query-input\":{\"@type\":\"PropertyValueSpecification\",\"valueRequired\":true,\"valueName\":\"search_term_string\"}}],\"inLanguage\":\"sl-SI\"}]}<\/script>\n<!-- \/ Yoast SEO plugin. -->","yoast_head_json":{"title":"News - AMT Projekt","robots":{"index":"index","follow":"follow","max-snippet":"max-snippet:-1","max-image-preview":"max-image-preview:large","max-video-preview":"max-video-preview:-1"},"canonical":"https:\/\/amtprojekt.si\/sl\/news\/","og_locale":"sl_SI","og_type":"article","og_title":"News - AMT Projekt","og_url":"https:\/\/amtprojekt.si\/sl\/news\/","og_site_name":"AMT Projekt","article_modified_time":"2025-06-17T14:25:03+00:00","twitter_card":"summary_large_image","twitter_misc":{"Est. reading time":"1 minuta"},"schema":{"@context":"https:\/\/schema.org","@graph":[{"@type":"WebPage","@id":"https:\/\/amtprojekt.si\/news\/","url":"https:\/\/amtprojekt.si\/news\/","name":"News - AMT Projekt","isPartOf":{"@id":"https:\/\/amtprojekt.si\/#website"},"datePublished":"2022-06-27T12:13:09+00:00","dateModified":"2025-06-17T14:25:03+00:00","breadcrumb":{"@id":"https:\/\/amtprojekt.si\/news\/#breadcrumb"},"inLanguage":"sl-SI","potentialAction":[{"@type":"ReadAction","target":["https:\/\/amtprojekt.si\/news\/"]}]},{"@type":"BreadcrumbList","@id":"https:\/\/amtprojekt.si\/news\/#breadcrumb","itemListElement":[{"@type":"ListItem","position":1,"name":"Hem","item":"https:\/\/amtprojekt.si\/"},{"@type":"ListItem","position":2,"name":"News"}]},{"@type":"WebSite","@id":"https:\/\/amtprojekt.si\/#website","url":"https:\/\/amtprojekt.si\/","name":"AMT Projekt","description":"producer and seller of products for the construction of communal infrastructure.","potentialAction":[{"@type":"SearchAction","target":{"@type":"EntryPoint","urlTemplate":"https:\/\/amtprojekt.si\/?s={search_term_string}"},"query-input":{"@type":"PropertyValueSpecification","valueRequired":true,"valueName":"search_term_string"}}],"inLanguage":"sl-SI"}]}},"_links":{"self":[{"href":"https:\/\/amtprojekt.si\/sl\/wp-json\/wp\/v2\/pages\/18253","targetHints":{"allow":["GET"]}}],"collection":[{"href":"https:\/\/amtprojekt.si\/sl\/wp-json\/wp\/v2\/pages"}],"about":[{"href":"https:\/\/amtprojekt.si\/sl\/wp-json\/wp\/v2\/types\/page"}],"author":[{"embeddable":true,"href":"https:\/\/amtprojekt.si\/sl\/wp-json\/wp\/v2\/users\/1"}],"replies":[{"embeddable":true,"href":"https:\/\/amtprojekt.si\/sl\/wp-json\/wp\/v2\/comments?post=18253"}],"version-history":[{"count":7,"href":"https:\/\/amtprojekt.si\/sl\/wp-json\/wp\/v2\/pages\/18253\/revisions"}],"predecessor-version":[{"id":19145,"href":"https:\/\/amtprojekt.si\/sl\/wp-json\/wp\/v2\/pages\/18253\/revisions\/19145"}],"wp:attachment":[{"href":"https:\/\/amtprojekt.si\/sl\/wp-json\/wp\/v2\/media?parent=18253"}],"curies":[{"name":"wp","href":"https:\/\/api.w.org\/{rel}","templated":true}]}}