{"id":18170,"date":"2022-06-10T15:01:41","date_gmt":"2022-06-10T13:01:41","guid":{"rendered":"https:\/\/amtprojekt.si\/?page_id=18170"},"modified":"2025-04-11T11:18:42","modified_gmt":"2025-04-11T09:18:42","slug":"contact","status":"publish","type":"page","link":"https:\/\/amtprojekt.si\/sl\/contact\/","title":{"rendered":"Kontakt"},"content":{"rendered":"\r\n\t\t<div id=\"fws_69daa00da01c7\"  data-column-margin=\"default\" data-midnight=\"dark\"  class=\"wpb_row vc_row-fluid vc_row full-width-content vc_row-o-equal-height vc_row-flex vc_row-o-content-top\"  style=\"padding-top: 0px; padding-bottom: 0px; \"><div class=\"row-bg-wrap\" data-bg-animation=\"none\" data-bg-overlay=\"false\"><div class=\"inner-wrap\"><div class=\"row-bg viewport-desktop using-bg-color\"  style=\"background-color: #f4f4f4; \"><\/div><\/div><\/div><div class=\"row_col_wrap_12 col span_12 dark left\">\n\t<div  class=\"vc_col-sm-6 wpb_column column_container vc_column_container col no-extra-padding inherit_tablet inherit_phone \"  data-padding-pos=\"all\" data-has-bg-color=\"false\" data-bg-color=\"\" data-bg-opacity=\"1\" data-animation=\"\" data-delay=\"0\" >\n\t\t<div class=\"vc_column-inner\" >\n\t\t\t<div class=\"wpb_wrapper\">\n\t\t\t\t<div id=\"map_69daa00da05bc\" style=\"height: 450px;\" class=\"nectar-leaflet-map\" data-infowindow-start-open=\"\" data-dark-color-scheme=\"\" data-marker-style=\"nectar\" data-nectar-marker-color=\"extra-color-2\" data-ultra-flat=\"\" data-greyscale=\"\" data-extra-color=\"\" data-enable-animation=\"false\" data-enable-zoom=\"\" data-zoom-level=\"16\" data-center-lat=\"46.35923515651618\" data-center-lng=\"14.156824573925247\" data-marker-img=\"\"><\/div><div class=\"map_69daa00da05bc map-marker-list\"><div class=\"map-marker\" data-marker-image-width=\"50\" data-marker-image-height=\"50\" data-lat=\"46.35923515651618\" data-lng=\" 14.156824573925247\" data-mapinfo=\"\"><\/div><\/div>\n\t\t\t<\/div> \n\t\t<\/div>\n\t<\/div> \n\n\t<div  class=\"vc_col-sm-6 wpb_column column_container vc_column_container col padding-7-percent inherit_tablet inherit_phone \"  data-padding-pos=\"left-right\" data-has-bg-color=\"false\" data-bg-color=\"\" data-bg-opacity=\"1\" data-animation=\"\" data-delay=\"0\" >\n\t\t<div class=\"vc_column-inner\" >\n\t\t\t<div class=\"wpb_wrapper\">\n\t\t\t\t<div id=\"fws_69daa00da0819\" data-midnight=\"\" data-column-margin=\"default\" class=\"wpb_row vc_row-fluid vc_row inner_row\"  style=\"padding-top: 5%; \"><div class=\"row-bg-wrap\"> <div class=\"row-bg\" ><\/div> <\/div><div class=\"row_col_wrap_12_inner col span_12  left\">\n\t<div  class=\"vc_col-sm-12 wpb_column column_container vc_column_container col child_column no-extra-padding inherit_tablet inherit_phone \"   data-padding-pos=\"all\" data-has-bg-color=\"false\" data-bg-color=\"\" data-bg-opacity=\"1\" data-animation=\"\" data-delay=\"0\" >\n\t\t<div class=\"vc_column-inner\" >\n\t\t<div class=\"wpb_wrapper\">\n\t\t\t\r\n<div class=\"wpb_text_column wpb_content_element \" >\r\n\t<div class=\"wpb_wrapper\">\r\n\t\t<div class=\"web5_container_row ng-scope\">\n<div class=\"web5_draggable\">\n<div class=\"web5_container\">\n<div id=\"WidgetContainerweb5U1603121602314U398cU8eeeU9320U5d0dUa722U4e3aUc1a4Uf4b3\" class=\"_web5_widget_container ng-scope\">\n<div class=\"ng-scope header-panel content\">\n<div class=\"header-title content\">\n<h2 class=\"no-margin inheritFont ng-scope\"><span class=\"web5_plain_text_wraper ng-isolate-scope\"><span class=\"web5_text_wrapper_static ng-scope\"><span class=\"web5_text_class ng-binding ng-scope\">Contacts<\/span><\/span><\/span><\/h2>\n<\/div>\n<\/div>\n<\/div>\n<\/div>\n<\/div>\n<\/div>\n\t<\/div>\r\n<\/div>\r\n\r\n\r\n\r\n\n\t\t<\/div> \n\t<\/div>\n\t<\/div> \n<\/div><\/div><div id=\"fws_69daa00da0b60\" data-midnight=\"\" data-column-margin=\"default\" class=\"wpb_row vc_row-fluid vc_row inner_row\"  style=\"\"><div class=\"row-bg-wrap\"> <div class=\"row-bg\" ><\/div> <\/div><div class=\"row_col_wrap_12_inner col span_12  left\">\n\t<div  class=\"vc_col-sm-12 wpb_column column_container vc_column_container col child_column no-extra-padding inherit_tablet inherit_phone \"   data-padding-pos=\"all\" data-has-bg-color=\"false\" data-bg-color=\"\" data-bg-opacity=\"1\" data-animation=\"\" data-delay=\"0\" >\n\t\t<div class=\"vc_column-inner\" >\n\t\t<div class=\"wpb_wrapper\">\n\t\t\t\r\n<div class=\"wpb_text_column wpb_content_element \" >\r\n\t<div class=\"wpb_wrapper\">\r\n\t\t<div class=\"web5_container_row ng-scope\">\n<div class=\"web5_draggable\">\n<div class=\"web5_container\">\n<div id=\"WidgetContainerweb5U1603121602314U398cU8eeeU9320U5d0dUa722U4e3aUc1a4Uf4b3\" class=\"_web5_widget_container ng-scope\">\n<div class=\"ng-scope header-panel content\">\n<h5 class=\"header-title content\"><strong>AMT Projekt d.o.o.<\/strong><br \/>\n<strong><span class=\"web5_plain_text_wraper ng-isolate-scope\"><span class=\"web5_text_wrapper_static ng-scope\"><span class=\"web5_text_class ng-binding ng-scope\">Alpska cesta 43<br \/>\n<\/span><\/span><\/span><span class=\"web5_plain_text_wraper ng-isolate-scope\"><span class=\"web5_text_wrapper_static ng-scope\"><span class=\"web5_text_class ng-binding ng-scope\">4248 Lesce<\/span><\/span><\/span><\/strong><\/h5>\n<p>46\u00b021&#8217;32.9&#8243;N 14\u00b009&#8217;24.8&#8243;E\n<\/p><\/div>\n<\/div>\n<\/div>\n<\/div>\n<\/div>\n\t<\/div>\r\n<\/div>\r\n\r\n\r\n\r\n\r\n<div class=\"wpb_text_column wpb_content_element \" >\r\n\t<div class=\"wpb_wrapper\">\r\n\t\t<div class=\"_web5contactData_contact _web5contactData_phone ng-scope contact-link content\"><span class=\"web5_plain_text_wraper ng-isolate-scope\"><span class=\"web5_text_wrapper_static ng-scope\"><a class=\"web5_text_class ng-binding ng-scope\" href=\"tel:+38682007557\" target=\"_blank\" rel=\"noopener\">08 200 75 57<\/a><\/span><\/span><\/div>\n<div class=\"_web5contactData_contact _web5contactData_phone ng-scope contact-link content\"><span class=\"web5_plain_text_wraper ng-isolate-scope\"><span class=\"web5_text_wrapper_static ng-scope\"><a class=\"web5_text_class ng-binding ng-scope\" href=\"mailto:info@amtprojekt.si\" target=\"_blank\" rel=\"noopener\">info@amtprojekt.si<\/a><\/span><\/span><\/div>\n<div class=\"_web5contactData_contact _web5contactData_phone ng-scope contact-link content\"><span class=\"web5_plain_text_wraper ng-isolate-scope\"><span class=\"web5_text_wrapper_static ng-scope\"><a class=\"web5_text_class ng-binding ng-scope\" href=\"mailto:komerciala@amtprojekt.si\" target=\"_blank\" rel=\"noopener\">komerciala@amtprojekt.si<\/a><\/span><\/span><\/div>\n<div><\/div>\n<div>\n<p>Toma\u017e Ambro\u017ei\u010d, General Manager, Sales, email: <u><a href=\"mailto:tomaz@amtprojekt.si\">tomaz@amtprojekt.si<\/a><\/u><\/p>\n<p>Petra Bergant, General Manager, email: <a href=\"mailto:petra@amtprojekt.si\">petra@amtprojekt.si<\/a><\/p>\n<p>Elena Doneva, Procurement, email: <a href=\"mailto:elena@amtprojekt.si\">elena@amtprojekt.si<\/a><\/p>\n<p>Dejan Ogris, Technical Manager, email: <a href=\"mailto:dejan@amtprojekt.si\">dejan@amtprojekt.si<\/a><\/p>\n<p>Irma \u017dukovec, Quality and environment manager, email: <a href=\"mailto:irma@amtprojekt.si\">irma@amtprojekt.si<\/a><\/p>\n<\/div>\n\t<\/div>\r\n<\/div>\r\n\r\n\r\n\r\n\n\t\t<\/div> \n\t<\/div>\n\t<\/div> \n<\/div><\/div>\n\t\t\t<\/div> \n\t\t<\/div>\n\t<\/div> \n<\/div><\/div>\r\n\t\t<div id=\"fws_69daa00da1053\"  data-column-margin=\"default\" data-midnight=\"dark\" data-top-percent=\"5%\" data-bottom-percent=\"5%\"  class=\"wpb_row vc_row-fluid vc_row full-width-section  right_padding_15pct left_padding_15pct\"  style=\"padding-top: calc(100vw * 0.05); padding-bottom: calc(100vw * 0.05); \"><div class=\"row-bg-wrap\" data-bg-animation=\"none\" data-bg-overlay=\"false\"><div class=\"inner-wrap\"><div class=\"row-bg viewport-desktop using-bg-color\"  style=\"background-color: #ffffff; \"><\/div><\/div><\/div><div class=\"row_col_wrap_12 col span_12 dark left\">\n\t<div  class=\"vc_col-sm-12 wpb_column column_container vc_column_container col no-extra-padding inherit_tablet inherit_phone \"  data-padding-pos=\"all\" data-has-bg-color=\"false\" data-bg-color=\"\" data-bg-opacity=\"1\" data-animation=\"\" data-delay=\"0\" >\n\t\t<div class=\"vc_column-inner\" >\n\t\t\t<div class=\"wpb_wrapper\">\n\t\t\t\t\r\n<div class=\"wpb_text_column wpb_content_element \" >\r\n\t<div class=\"wpb_wrapper\">\r\n\t\t<div class=\"web5_container_row ng-scope\">\n<div class=\"web5_draggable\">\n<div class=\"web5_container\">\n<div id=\"WidgetContainerweb5U1603121602314U398cU8eeeU9320U5d0dUa722U4e3aUc1a4Uf4b3\" class=\"_web5_widget_container ng-scope\">\n<div class=\"ng-scope header-panel content\">\n<div class=\"header-title content\">\n<h2 class=\"no-margin inheritFont ng-scope\"><span class=\"web5_plain_text_wraper ng-isolate-scope\"><span class=\"web5_text_wrapper_static ng-scope\"><span class=\"web5_text_class ng-binding ng-scope\">Contact us<\/span><\/span><\/span><\/h2>\n<h5><strong>Do you have a question?<\/strong><\/h5>\n<\/div>\n<\/div>\n<\/div>\n<\/div>\n<\/div>\n<\/div>\n\t<\/div>\r\n<\/div>\r\n\r\n\r\n\r\n<script type=\"text\/javascript\">var gform;gform||(document.addEventListener(\"gform_main_scripts_loaded\",function(){gform.scriptsLoaded=!0}),window.addEventListener(\"DOMContentLoaded\",function(){gform.domLoaded=!0}),gform={domLoaded:!1,scriptsLoaded:!1,initializeOnLoaded:function(o){gform.domLoaded&&gform.scriptsLoaded?o():!gform.domLoaded&&gform.scriptsLoaded?window.addEventListener(\"DOMContentLoaded\",o):document.addEventListener(\"gform_main_scripts_loaded\",o)},hooks:{action:{},filter:{}},addAction:function(o,n,r,t){gform.addHook(\"action\",o,n,r,t)},addFilter:function(o,n,r,t){gform.addHook(\"filter\",o,n,r,t)},doAction:function(o){gform.doHook(\"action\",o,arguments)},applyFilters:function(o){return gform.doHook(\"filter\",o,arguments)},removeAction:function(o,n){gform.removeHook(\"action\",o,n)},removeFilter:function(o,n,r){gform.removeHook(\"filter\",o,n,r)},addHook:function(o,n,r,t,i){null==gform.hooks[o][n]&&(gform.hooks[o][n]=[]);var e=gform.hooks[o][n];null==i&&(i=n+\"_\"+e.length),gform.hooks[o][n].push({tag:i,callable:r,priority:t=null==t?10:t})},doHook:function(n,o,r){var t;if(r=Array.prototype.slice.call(r,1),null!=gform.hooks[n][o]&&((o=gform.hooks[n][o]).sort(function(o,n){return o.priority-n.priority}),o.forEach(function(o){\"function\"!=typeof(t=o.callable)&&(t=window[t]),\"action\"==n?t.apply(null,r):r[0]=t.apply(null,r)})),\"filter\"==n)return r[0]},removeHook:function(o,n,t,i){var r;null!=gform.hooks[o][n]&&(r=(r=gform.hooks[o][n]).filter(function(o,n,r){return!!(null!=i&&i!=o.tag||null!=t&&t!=o.priority)}),gform.hooks[o][n]=r)}});<\/script>\n                <div class='gf_browser_gecko gform_wrapper gravity-theme' id='gform_wrapper_19' ><form method='post' enctype='multipart\/form-data'  id='gform_19'  action='\/sl\/wp-json\/wp\/v2\/pages\/18170' novalidate>\n                        <div class='gform_body gform-body'><div id='gform_fields_19' class='gform_fields top_label form_sublabel_below description_below'><div id=\"field_19_1\"  class=\"gfield field_sublabel_below field_description_below gfield_visibility_visible\"  data-js-reload=\"field_19_1\"><label class='gfield_label' for='input_19_1' >E-mail or phone number<\/label><div class='ginput_container ginput_container_text'><input name='input_1' id='input_19_1' type='text' value='' class='large'      aria-invalid=\"false\"   \/> <\/div><\/div><div id=\"field_19_3\"  class=\"gfield gfield--width-full field_sublabel_below field_description_below gfield_visibility_visible\"  data-js-reload=\"field_19_3\"><label class='gfield_label' for='input_19_3' >Full name<\/label><div class='ginput_container ginput_container_text'><input name='input_3' id='input_19_3' type='text' value='' class='large'      aria-invalid=\"false\"   \/> <\/div><\/div><div id=\"field_19_4\"  class=\"gfield gfield--width-full field_sublabel_below field_description_below gfield_visibility_visible\"  data-js-reload=\"field_19_4\"><label class='gfield_label' for='input_19_4' >Message<\/label><div class='ginput_container ginput_container_textarea'><textarea name='input_4' id='input_19_4' class='textarea large'      aria-invalid=\"false\"   rows='10' cols='50'><\/textarea><\/div><\/div><div id=\"field_19_5\"  class=\"gfield gform_validation_container field_sublabel_below field_description_below gfield_visibility_visible\"  data-js-reload=\"field_19_5\"><label class='gfield_label' for='input_19_5' >Phone<\/label><div class='ginput_container'><input name='input_5' id='input_19_5' type='text' value='' autocomplete='new-password'\/><\/div><div class='gfield_description' id='gfield_description_19_5'>This field is for validation purposes and should be left unchanged.<\/div><\/div><\/div><\/div>\n        <div class='gform_footer top_label'> <input type='submit' id='gform_submit_button_19' class='gform_button button' value='Send'  onclick='if(window[\"gf_submitting_19\"]){return false;}  if( !jQuery(\"#gform_19\")[0].checkValidity || jQuery(\"#gform_19\")[0].checkValidity()){window[\"gf_submitting_19\"]=true;}  ' onkeypress='if( event.keyCode == 13 ){ if(window[\"gf_submitting_19\"]){return false;} if( !jQuery(\"#gform_19\")[0].checkValidity || jQuery(\"#gform_19\")[0].checkValidity()){window[\"gf_submitting_19\"]=true;}  jQuery(\"#gform_19\").trigger(\"submit\",[true]); }' \/> \n            <input type='hidden' class='gform_hidden' name='is_submit_19' value='1' \/>\n            <input type='hidden' class='gform_hidden' name='gform_submit' value='19' \/>\n            \n            <input type='hidden' class='gform_hidden' name='gform_unique_id' value='' \/>\n            <input type='hidden' class='gform_hidden' name='state_19' value='WyJbXSIsIjljMDAxNjQyYzQ1N2I5OWZjMmFkMDJiOGJiNTdhMmVmIl0=' \/>\n            <input type='hidden' class='gform_hidden' name='gform_target_page_number_19' id='gform_target_page_number_19' value='0' \/>\n            <input type='hidden' class='gform_hidden' name='gform_source_page_number_19' id='gform_source_page_number_19' value='1' \/>\n            <input type='hidden' name='gform_field_values' value='' \/>\n            \n        <\/div>\n                        <\/form>\n                        <\/div>\n\t\t\t<\/div> \n\t\t<\/div>\n\t<\/div> \n<\/div><\/div>\n","protected":false},"excerpt":{"rendered":"Contacts AMT Projekt d.o.o. Alpska cesta 43 4248 Lesce 46\u00b021'32.9\"N 14\u00b009'24.8\"E 08 200 75 57 info@amtprojekt.si komerciala@amtprojekt.si Toma\u017e Ambro\u017ei\u010d, General Manager, Sales, email: tomaz@amtprojekt.si Petra Bergant, General Manager, email: petra@amtprojekt.si Elena Doneva, Procurement, email: elena@amtprojekt.si Dejan Ogris, Technical Manager, email: dejan@amtprojekt.si Irma \u017dukovec, Quality and environment manager, email: irma@amtprojekt.si Contact us Do you have a question? E-mail or phone number Full name MessageEmailThis field is...","protected":false},"author":1,"featured_media":0,"parent":0,"menu_order":0,"comment_status":"closed","ping_status":"closed","template":"","meta":{"footnotes":""},"class_list":["post-18170","page","type-page","status-publish"],"yoast_head":"<!-- This site is optimized with the Yoast SEO plugin v27.3 - https:\/\/yoast.com\/product\/yoast-seo-wordpress\/ -->\n<title>Contact - AMT Projekt<\/title>\n<meta name=\"description\" content=\"Contact us at AMT Projekt d.o.o.Alpska cesta 434248 Lesce | 08 200 75 57 | info@amtprojekt.si | komerciala@amtprojekt.si\" \/>\n<meta name=\"robots\" content=\"index, follow, max-snippet:-1, max-image-preview:large, max-video-preview:-1\" \/>\n<link rel=\"canonical\" href=\"https:\/\/amtprojekt.si\/sl\/contact\/\" \/>\n<meta property=\"og:locale\" content=\"sl_SI\" \/>\n<meta property=\"og:type\" content=\"article\" \/>\n<meta property=\"og:title\" content=\"Contact - AMT Projekt\" \/>\n<meta property=\"og:description\" content=\"Contact us at AMT Projekt d.o.o.Alpska cesta 434248 Lesce | 08 200 75 57 | info@amtprojekt.si | komerciala@amtprojekt.si\" \/>\n<meta property=\"og:url\" content=\"https:\/\/amtprojekt.si\/sl\/contact\/\" \/>\n<meta property=\"og:site_name\" content=\"AMT Projekt\" \/>\n<meta property=\"article:modified_time\" content=\"2025-04-11T09:18:42+00:00\" \/>\n<meta name=\"twitter:card\" content=\"summary_large_image\" \/>\n<meta name=\"twitter:label1\" content=\"Est. reading time\" \/>\n\t<meta name=\"twitter:data1\" content=\"2 minuti\" \/>\n<script type=\"application\/ld+json\" class=\"yoast-schema-graph\">{\"@context\":\"https:\\\/\\\/schema.org\",\"@graph\":[{\"@type\":\"WebPage\",\"@id\":\"https:\\\/\\\/amtprojekt.si\\\/contact\\\/\",\"url\":\"https:\\\/\\\/amtprojekt.si\\\/contact\\\/\",\"name\":\"Contact - AMT Projekt\",\"isPartOf\":{\"@id\":\"https:\\\/\\\/amtprojekt.si\\\/#website\"},\"datePublished\":\"2022-06-10T13:01:41+00:00\",\"dateModified\":\"2025-04-11T09:18:42+00:00\",\"description\":\"Contact us at AMT Projekt d.o.o.Alpska cesta 434248 Lesce | 08 200 75 57 | info@amtprojekt.si | komerciala@amtprojekt.si\",\"breadcrumb\":{\"@id\":\"https:\\\/\\\/amtprojekt.si\\\/contact\\\/#breadcrumb\"},\"inLanguage\":\"sl-SI\",\"potentialAction\":[{\"@type\":\"ReadAction\",\"target\":[\"https:\\\/\\\/amtprojekt.si\\\/contact\\\/\"]}]},{\"@type\":\"BreadcrumbList\",\"@id\":\"https:\\\/\\\/amtprojekt.si\\\/contact\\\/#breadcrumb\",\"itemListElement\":[{\"@type\":\"ListItem\",\"position\":1,\"name\":\"Hem\",\"item\":\"https:\\\/\\\/amtprojekt.si\\\/\"},{\"@type\":\"ListItem\",\"position\":2,\"name\":\"Contact\"}]},{\"@type\":\"WebSite\",\"@id\":\"https:\\\/\\\/amtprojekt.si\\\/#website\",\"url\":\"https:\\\/\\\/amtprojekt.si\\\/\",\"name\":\"AMT Projekt\",\"description\":\"producer and seller of products for the construction of communal infrastructure.\",\"potentialAction\":[{\"@type\":\"SearchAction\",\"target\":{\"@type\":\"EntryPoint\",\"urlTemplate\":\"https:\\\/\\\/amtprojekt.si\\\/?s={search_term_string}\"},\"query-input\":{\"@type\":\"PropertyValueSpecification\",\"valueRequired\":true,\"valueName\":\"search_term_string\"}}],\"inLanguage\":\"sl-SI\"}]}<\/script>\n<!-- \/ Yoast SEO plugin. -->","yoast_head_json":{"title":"Contact - AMT Projekt","description":"Contact us at AMT Projekt d.o.o.Alpska cesta 434248 Lesce | 08 200 75 57 | info@amtprojekt.si | komerciala@amtprojekt.si","robots":{"index":"index","follow":"follow","max-snippet":"max-snippet:-1","max-image-preview":"max-image-preview:large","max-video-preview":"max-video-preview:-1"},"canonical":"https:\/\/amtprojekt.si\/sl\/contact\/","og_locale":"sl_SI","og_type":"article","og_title":"Contact - AMT Projekt","og_description":"Contact us at AMT Projekt d.o.o.Alpska cesta 434248 Lesce | 08 200 75 57 | info@amtprojekt.si | komerciala@amtprojekt.si","og_url":"https:\/\/amtprojekt.si\/sl\/contact\/","og_site_name":"AMT Projekt","article_modified_time":"2025-04-11T09:18:42+00:00","twitter_card":"summary_large_image","twitter_misc":{"Est. reading time":"2 minuti"},"schema":{"@context":"https:\/\/schema.org","@graph":[{"@type":"WebPage","@id":"https:\/\/amtprojekt.si\/contact\/","url":"https:\/\/amtprojekt.si\/contact\/","name":"Contact - AMT Projekt","isPartOf":{"@id":"https:\/\/amtprojekt.si\/#website"},"datePublished":"2022-06-10T13:01:41+00:00","dateModified":"2025-04-11T09:18:42+00:00","description":"Contact us at AMT Projekt d.o.o.Alpska cesta 434248 Lesce | 08 200 75 57 | info@amtprojekt.si | komerciala@amtprojekt.si","breadcrumb":{"@id":"https:\/\/amtprojekt.si\/contact\/#breadcrumb"},"inLanguage":"sl-SI","potentialAction":[{"@type":"ReadAction","target":["https:\/\/amtprojekt.si\/contact\/"]}]},{"@type":"BreadcrumbList","@id":"https:\/\/amtprojekt.si\/contact\/#breadcrumb","itemListElement":[{"@type":"ListItem","position":1,"name":"Hem","item":"https:\/\/amtprojekt.si\/"},{"@type":"ListItem","position":2,"name":"Contact"}]},{"@type":"WebSite","@id":"https:\/\/amtprojekt.si\/#website","url":"https:\/\/amtprojekt.si\/","name":"AMT Projekt","description":"producer and seller of products for the construction of communal infrastructure.","potentialAction":[{"@type":"SearchAction","target":{"@type":"EntryPoint","urlTemplate":"https:\/\/amtprojekt.si\/?s={search_term_string}"},"query-input":{"@type":"PropertyValueSpecification","valueRequired":true,"valueName":"search_term_string"}}],"inLanguage":"sl-SI"}]}},"_links":{"self":[{"href":"https:\/\/amtprojekt.si\/sl\/wp-json\/wp\/v2\/pages\/18170","targetHints":{"allow":["GET"]}}],"collection":[{"href":"https:\/\/amtprojekt.si\/sl\/wp-json\/wp\/v2\/pages"}],"about":[{"href":"https:\/\/amtprojekt.si\/sl\/wp-json\/wp\/v2\/types\/page"}],"author":[{"embeddable":true,"href":"https:\/\/amtprojekt.si\/sl\/wp-json\/wp\/v2\/users\/1"}],"replies":[{"embeddable":true,"href":"https:\/\/amtprojekt.si\/sl\/wp-json\/wp\/v2\/comments?post=18170"}],"version-history":[{"count":23,"href":"https:\/\/amtprojekt.si\/sl\/wp-json\/wp\/v2\/pages\/18170\/revisions"}],"predecessor-version":[{"id":19088,"href":"https:\/\/amtprojekt.si\/sl\/wp-json\/wp\/v2\/pages\/18170\/revisions\/19088"}],"wp:attachment":[{"href":"https:\/\/amtprojekt.si\/sl\/wp-json\/wp\/v2\/media?parent=18170"}],"curies":[{"name":"wp","href":"https:\/\/api.w.org\/{rel}","templated":true}]}}