{"id":17994,"date":"2022-06-10T11:56:11","date_gmt":"2022-06-10T09:56:11","guid":{"rendered":"https:\/\/amtprojekt.si\/?page_id=17994"},"modified":"2025-06-17T12:55:11","modified_gmt":"2025-06-17T10:55:11","slug":"maintenance-of-road-infrastructure-2","status":"publish","type":"page","link":"https:\/\/amtprojekt.si\/sl\/maintenance-of-road-infrastructure-2\/","title":{"rendered":"Vzdr\u017eevanje cestne infrastrukture"},"content":{"rendered":"<div id=\"fws_69da8c1cb69cf\"  data-column-margin=\"default\" data-midnight=\"dark\" data-top-percent=\"4%\" data-bottom-percent=\"4%\"  class=\"wpb_row vc_row-fluid vc_row full-width-section vc_row-o-equal-height vc_row-flex vc_row-o-content-middle parallax_section\"  style=\"padding-top: calc(100vw * 0.04); padding-bottom: calc(100vw * 0.04); \"><div class=\"row-bg-wrap\" data-bg-animation=\"none\" data-bg-overlay=\"false\"><div class=\"inner-wrap using-image\"><div class=\"row-bg viewport-desktop using-image using-bg-color\" data-parallax-speed=\"fast\" style=\"background-position: left top; background-repeat: no-repeat; background-color: #f4f4f4; \"><\/div><\/div><\/div><div class=\"row_col_wrap_12 col span_12 dark left\">\n\t<div  class=\"vc_col-sm-4 wpb_column column_container vc_column_container col no-extra-padding inherit_tablet inherit_phone\"  data-padding-pos=\"all\" data-has-bg-color=\"false\" data-bg-color=\"\" data-bg-opacity=\"1\" data-animation=\"\" data-delay=\"0\" >\n\t\t<div class=\"vc_column-inner\" >\n\t\t\t<div class=\"wpb_wrapper\">\n\t\t\t\t<div class=\"img-with-aniamtion-wrap center\" data-max-width=\"100%\" data-max-width-mobile=\"default\" data-border-radius=\"10px\" data-shadow=\"x_large_depth\" data-animation=\"fade-in-from-left\" >\r\n      <div class=\"inner\">\r\n        <div class=\"hover-wrap\"> \r\n          <div class=\"hover-wrap-inner\">\r\n            <img loading=\"lazy\" decoding=\"async\" class=\"img-with-animation skip-lazy\" data-delay=\"0\" height=\"480\" width=\"640\" data-animation=\"fade-in-from-left\" src=\"https:\/\/amtprojekt.si\/wp-content\/uploads\/2022\/06\/8ef6ce8373bf.jpeg\" alt=\"\" srcset=\"https:\/\/amtprojekt.si\/wp-content\/uploads\/2022\/06\/8ef6ce8373bf.jpeg 640w, https:\/\/amtprojekt.si\/wp-content\/uploads\/2022\/06\/8ef6ce8373bf-300x225.jpeg 300w\" sizes=\"auto, (max-width: 640px) 100vw, 640px\" \/>\r\n          <\/div>\r\n        <\/div>\r\n      <\/div>\r\n    <\/div>\n\t\t\t<\/div> \n\t\t<\/div>\n\t<\/div> \n\n\t<div  class=\"vc_col-sm-8 wpb_column column_container vc_column_container col padding-5-percent inherit_tablet inherit_phone\"  data-padding-pos=\"all\" data-has-bg-color=\"false\" data-bg-color=\"\" data-bg-opacity=\"1\" data-animation=\"\" data-delay=\"0\" >\n\t\t<div class=\"vc_column-inner\" >\n\t\t\t<div class=\"wpb_wrapper\">\n\t\t\t\t<div id=\"fws_69da8c1cb750f\" data-midnight=\"\" data-column-margin=\"default\" class=\"wpb_row vc_row-fluid vc_row inner_row\"  style=\"\"><div class=\"row-bg-wrap\"> <div class=\"row-bg\" ><\/div> <\/div><div class=\"row_col_wrap_12_inner col span_12  left\">\n\t<div  class=\"vc_col-sm-12 wpb_column column_container vc_column_container col child_column has-animation no-extra-padding inherit_tablet inherit_phone\"   data-padding-pos=\"all\" data-has-bg-color=\"false\" data-bg-color=\"\" data-bg-opacity=\"1\" data-animation=\"fade-in\" data-delay=\"0\" >\n\t\t<div class=\"vc_column-inner\" >\n\t\t<div class=\"wpb_wrapper\">\n\t\t\t\r\n<div class=\"wpb_text_column wpb_content_element\" >\r\n\t<div class=\"wpb_wrapper\">\r\n\t\t<h1>Vzdr\u017eevanje cestne infrastrukture<\/h1>\n\t<\/div>\r\n<\/div>\r\n\r\n\r\n\r\n\r\n<div class=\"wpb_text_column wpb_content_element\" >\r\n\t<div class=\"wpb_wrapper\">\r\n\t\t<p>Posode za vzdr\u017eevanje cestne infrastrukture (hranilniki za magnezijev in kalcijev klorid, me\u0161alne naprave za magnezijev in kalcijev klorid, posode za pesek, prevozne posode za vzdr\u017eevanje cest).<\/p>\n\t<\/div>\r\n<\/div>\r\n\r\n\r\n\r\n\n\t\t<\/div> \n\t<\/div>\n\t<\/div> \n<\/div><\/div>\n\t\t\t<\/div> \n\t\t<\/div>\n\t<\/div> \n<\/div><\/div>\r\n\t\t<div id=\"fws_69da8c1cb7b0b\"  data-column-margin=\"default\" data-midnight=\"dark\" data-top-percent=\"5%\"  class=\"wpb_row vc_row-fluid vc_row\"  style=\"padding-top: calc(100vw * 0.05); padding-bottom: 0px; \"><div class=\"row-bg-wrap\" data-bg-animation=\"none\" data-bg-overlay=\"false\"><div class=\"inner-wrap\"><div class=\"row-bg viewport-desktop\"  style=\"\"><\/div><\/div><\/div><div class=\"row_col_wrap_12 col span_12 dark left\">\n\t<div  class=\"vc_col-sm-3 wpb_column column_container vc_column_container col no-extra-padding inherit_tablet inherit_phone\"  data-padding-pos=\"all\" data-has-bg-color=\"false\" data-bg-color=\"\" data-bg-opacity=\"1\" data-animation=\"\" data-delay=\"0\" >\n\t\t<div class=\"vc_column-inner\" >\n\t\t\t<div class=\"wpb_wrapper\">\n\t\t\t\t\r\n<div class=\"wpb_text_column wpb_content_element\" >\r\n\t<div class=\"wpb_wrapper\">\r\n\t\t<div class=\"col-xs-18\">\n<div class=\"col-xs-18\">\n<div class=\"col-xs-18\">\n<div><img decoding=\"async\" class=\"fileWidget_image\" src=\"https:\/\/amt-projekt.si\/common\/images\/pdf.png\" alt=\"\" \/><\/div>\n<p><span class=\"web5_plain_text_wraper ng-isolate-scope\"><span class=\"web5_text_wrapper_static ng-scope\"><span class=\"web5_text_class ng-binding ng-scope\">Vzdr\u017eevanje cestne infrastrukture<\/span><\/span><\/span><\/p>\n<\/div>\n<div class=\"col-xs-6 fileWidget_size\">\n<p><a class=\"fileWidget_download ng-binding\" href=\"https:\/\/amtprojekt.si\/wp-content\/uploads\/2022\/10\/Letak-VZDRZEVANJE-CESTNE-INFRASTRUKTURE_AMT-PROJEKT_SLO.pdf\" target=\"_blank\" rel=\"noopener\">prenesi<\/a><\/p>\n<\/div>\n<\/div>\n<div class=\"col-xs-6 fileWidget_size\"><\/div>\n<\/div>\n\t<\/div>\r\n<\/div>\r\n\r\n\r\n\r\n\n\t\t\t<\/div> \n\t\t<\/div>\n\t<\/div> \n\n\t<div  class=\"vc_col-sm-3 wpb_column column_container vc_column_container col no-extra-padding inherit_tablet inherit_phone\"  data-padding-pos=\"all\" data-has-bg-color=\"false\" data-bg-color=\"\" data-bg-opacity=\"1\" data-animation=\"\" data-delay=\"0\" >\n\t\t<div class=\"vc_column-inner\" >\n\t\t\t<div class=\"wpb_wrapper\">\n\t\t\t\t\r\n<div class=\"wpb_text_column wpb_content_element\" >\r\n\t<div class=\"wpb_wrapper\">\r\n\t\t<div class=\"col-xs-18\">\n<div class=\"col-xs-18\">\n<div><img decoding=\"async\" class=\"fileWidget_image\" src=\"https:\/\/amt-projekt.si\/common\/images\/pdf.png\" alt=\"\" \/><\/div>\n<p><span class=\"web5_plain_text_wraper ng-isolate-scope\"><span class=\"web5_text_wrapper_static ng-scope\"><span class=\"web5_text_class ng-binding ng-scope\">Posoda za pesek<\/span><\/span><\/span><\/p>\n<\/div>\n<div class=\"col-xs-6 fileWidget_size\">\n<p><a class=\"fileWidget_download ng-binding\" href=\"https:\/\/amtprojekt.si\/wp-content\/uploads\/2022\/11\/Posoda-za-pesek_AMT.pdf\" target=\"_blank\" rel=\"noopener\">prenesi<\/a><\/p>\n<\/div>\n<\/div>\n\t<\/div>\r\n<\/div>\r\n\r\n\r\n\r\n\n\t\t\t<\/div> \n\t\t<\/div>\n\t<\/div> \n\n\t<div  class=\"vc_col-sm-3 wpb_column column_container vc_column_container col no-extra-padding inherit_tablet inherit_phone\"  data-padding-pos=\"all\" data-has-bg-color=\"false\" data-bg-color=\"\" data-bg-opacity=\"1\" data-animation=\"\" data-delay=\"0\" >\n\t\t<div class=\"vc_column-inner\" >\n\t\t\t<div class=\"wpb_wrapper\">\n\t\t\t\t\r\n<div class=\"wpb_text_column wpb_content_element\" >\r\n\t<div class=\"wpb_wrapper\">\r\n\t\t<div class=\"col-xs-18\">\n<div class=\"col-xs-18\">\n<div class=\"col-xs-18\">\n<div><img decoding=\"async\" class=\"fileWidget_image\" src=\"https:\/\/amt-projekt.si\/common\/images\/pdf.png\" alt=\"\" \/><\/div>\n<p><span class=\"web5_plain_text_wraper ng-isolate-scope\"><span class=\"web5_text_wrapper_static ng-scope\"><span class=\"web5_text_class ng-binding ng-scope\">Hranilnik<\/span><\/span><\/span><\/p>\n<\/div>\n<div class=\"col-xs-6 fileWidget_size\">\n<p><a class=\"fileWidget_download ng-binding\" href=\"https:\/\/amtprojekt.si\/wp-content\/uploads\/2022\/11\/Posoda_za_hranjenje_raztopin_AMT.pdf\" target=\"_blank\" rel=\"noopener\">prenesi<\/a><\/p>\n<\/div>\n<\/div>\n<div class=\"col-xs-6 fileWidget_size\"><\/div>\n<\/div>\n\t<\/div>\r\n<\/div>\r\n\r\n\r\n\r\n\n\t\t\t<\/div> \n\t\t<\/div>\n\t<\/div> \n\n\t<div  class=\"vc_col-sm-3 wpb_column column_container vc_column_container col no-extra-padding inherit_tablet inherit_phone\"  data-padding-pos=\"all\" data-has-bg-color=\"false\" data-bg-color=\"\" data-bg-opacity=\"1\" data-animation=\"\" data-delay=\"0\" >\n\t\t<div class=\"vc_column-inner\" >\n\t\t\t<div class=\"wpb_wrapper\">\n\t\t\t\t\r\n<div class=\"wpb_text_column wpb_content_element\" >\r\n\t<div class=\"wpb_wrapper\">\r\n\t\t<div class=\"col-xs-18\">\n<div class=\"col-xs-18\">\n<div class=\"col-xs-18\">\n<div><img decoding=\"async\" class=\"fileWidget_image\" src=\"https:\/\/amt-projekt.si\/common\/images\/pdf.png\" alt=\"\" \/><\/div>\n<p><span class=\"web5_plain_text_wraper ng-isolate-scope\"><span class=\"web5_text_wrapper_static ng-scope\"><span class=\"web5_text_class ng-binding ng-scope\">R-mix<\/span><\/span><\/span><\/p>\n<\/div>\n<div class=\"col-xs-6 fileWidget_size\">\n<p><a class=\"fileWidget_download ng-binding\" href=\"https:\/\/amtprojekt.si\/wp-content\/uploads\/2022\/11\/Posoda_za_raztapljanje_soli_R-mix5000_AMT.pdf\" target=\"_blank\" rel=\"noopener\">prenesi<\/a><\/p>\n<\/div>\n<\/div>\n<div class=\"col-xs-6 fileWidget_size\"><\/div>\n<\/div>\n\t<\/div>\r\n<\/div>\r\n\r\n\r\n\r\n\n\t\t\t<\/div> \n\t\t<\/div>\n\t<\/div> \n<\/div><\/div>\r\n\t\t<div id=\"fws_69da8c1cb87ed\"  data-column-margin=\"default\" data-midnight=\"dark\" data-bottom-percent=\"5%\"  class=\"wpb_row vc_row-fluid vc_row\"  style=\"padding-top: 0px; padding-bottom: calc(100vw * 0.05); \"><div class=\"row-bg-wrap\" data-bg-animation=\"none\" data-bg-overlay=\"false\"><div class=\"inner-wrap\"><div class=\"row-bg viewport-desktop\"  style=\"\"><\/div><\/div><\/div><div class=\"row_col_wrap_12 col span_12 dark left\">\n\t<div  class=\"vc_col-sm-12 wpb_column column_container vc_column_container col no-extra-padding inherit_tablet inherit_phone\"  data-padding-pos=\"all\" data-has-bg-color=\"false\" data-bg-color=\"\" data-bg-opacity=\"1\" data-animation=\"\" data-delay=\"0\" >\n\t\t<div class=\"vc_column-inner\" >\n\t\t\t<div class=\"wpb_wrapper\">\n\t\t\t\t\n\t\t\t<\/div> \n\t\t<\/div>\n\t<\/div> \n<\/div><\/div>","protected":false},"excerpt":{"rendered":"Maintenance of road infrastructure Containers for road infrastructure maintenance (magnesium and calcium chloride reservoirs, magnesium and calcium chloride mixers, sand containers, road maintenance containers). Maintenance of road infrastructure download Sand container download Container for storage of solutions download Salt dissolution container R-MIX download","protected":false},"author":1,"featured_media":0,"parent":0,"menu_order":0,"comment_status":"closed","ping_status":"closed","template":"","meta":{"footnotes":""},"class_list":["post-17994","page","type-page","status-publish"],"yoast_head":"<!-- This site is optimized with the Yoast SEO plugin v27.3 - https:\/\/yoast.com\/product\/yoast-seo-wordpress\/ -->\n<title>Maintenance of road infrastructure - AMT Projekt<\/title>\n<meta name=\"robots\" content=\"index, follow, max-snippet:-1, max-image-preview:large, max-video-preview:-1\" \/>\n<link rel=\"canonical\" href=\"https:\/\/amtprojekt.si\/sl\/maintenance-of-road-infrastructure-2\/\" \/>\n<meta property=\"og:locale\" content=\"sl_SI\" \/>\n<meta property=\"og:type\" content=\"article\" \/>\n<meta property=\"og:title\" content=\"Maintenance of road infrastructure - AMT Projekt\" \/>\n<meta property=\"og:url\" content=\"https:\/\/amtprojekt.si\/sl\/maintenance-of-road-infrastructure-2\/\" \/>\n<meta property=\"og:site_name\" content=\"AMT Projekt\" \/>\n<meta property=\"article:modified_time\" content=\"2025-06-17T10:55:11+00:00\" \/>\n<meta property=\"og:image\" content=\"https:\/\/amt-projekt.si\/common\/images\/pdf.png\" \/>\n<meta name=\"twitter:card\" content=\"summary_large_image\" \/>\n<meta name=\"twitter:label1\" content=\"Est. reading time\" \/>\n\t<meta name=\"twitter:data1\" content=\"3 minute\" \/>\n<script type=\"application\/ld+json\" class=\"yoast-schema-graph\">{\"@context\":\"https:\\\/\\\/schema.org\",\"@graph\":[{\"@type\":\"WebPage\",\"@id\":\"https:\\\/\\\/amtprojekt.si\\\/maintenance-of-road-infrastructure-2\\\/\",\"url\":\"https:\\\/\\\/amtprojekt.si\\\/maintenance-of-road-infrastructure-2\\\/\",\"name\":\"Maintenance of road infrastructure - AMT Projekt\",\"isPartOf\":{\"@id\":\"https:\\\/\\\/amtprojekt.si\\\/#website\"},\"primaryImageOfPage\":{\"@id\":\"https:\\\/\\\/amtprojekt.si\\\/maintenance-of-road-infrastructure-2\\\/#primaryimage\"},\"image\":{\"@id\":\"https:\\\/\\\/amtprojekt.si\\\/maintenance-of-road-infrastructure-2\\\/#primaryimage\"},\"thumbnailUrl\":\"https:\\\/\\\/amt-projekt.si\\\/common\\\/images\\\/pdf.png\",\"datePublished\":\"2022-06-10T09:56:11+00:00\",\"dateModified\":\"2025-06-17T10:55:11+00:00\",\"breadcrumb\":{\"@id\":\"https:\\\/\\\/amtprojekt.si\\\/maintenance-of-road-infrastructure-2\\\/#breadcrumb\"},\"inLanguage\":\"sl-SI\",\"potentialAction\":[{\"@type\":\"ReadAction\",\"target\":[\"https:\\\/\\\/amtprojekt.si\\\/maintenance-of-road-infrastructure-2\\\/\"]}]},{\"@type\":\"ImageObject\",\"inLanguage\":\"sl-SI\",\"@id\":\"https:\\\/\\\/amtprojekt.si\\\/maintenance-of-road-infrastructure-2\\\/#primaryimage\",\"url\":\"https:\\\/\\\/amt-projekt.si\\\/common\\\/images\\\/pdf.png\",\"contentUrl\":\"https:\\\/\\\/amt-projekt.si\\\/common\\\/images\\\/pdf.png\"},{\"@type\":\"BreadcrumbList\",\"@id\":\"https:\\\/\\\/amtprojekt.si\\\/maintenance-of-road-infrastructure-2\\\/#breadcrumb\",\"itemListElement\":[{\"@type\":\"ListItem\",\"position\":1,\"name\":\"Hem\",\"item\":\"https:\\\/\\\/amtprojekt.si\\\/\"},{\"@type\":\"ListItem\",\"position\":2,\"name\":\"Maintenance of road infrastructure\"}]},{\"@type\":\"WebSite\",\"@id\":\"https:\\\/\\\/amtprojekt.si\\\/#website\",\"url\":\"https:\\\/\\\/amtprojekt.si\\\/\",\"name\":\"AMT Projekt\",\"description\":\"producer and seller of products for the construction of communal infrastructure.\",\"potentialAction\":[{\"@type\":\"SearchAction\",\"target\":{\"@type\":\"EntryPoint\",\"urlTemplate\":\"https:\\\/\\\/amtprojekt.si\\\/?s={search_term_string}\"},\"query-input\":{\"@type\":\"PropertyValueSpecification\",\"valueRequired\":true,\"valueName\":\"search_term_string\"}}],\"inLanguage\":\"sl-SI\"}]}<\/script>\n<!-- \/ Yoast SEO plugin. -->","yoast_head_json":{"title":"Maintenance of road infrastructure - AMT Projekt","robots":{"index":"index","follow":"follow","max-snippet":"max-snippet:-1","max-image-preview":"max-image-preview:large","max-video-preview":"max-video-preview:-1"},"canonical":"https:\/\/amtprojekt.si\/sl\/maintenance-of-road-infrastructure-2\/","og_locale":"sl_SI","og_type":"article","og_title":"Maintenance of road infrastructure - AMT Projekt","og_url":"https:\/\/amtprojekt.si\/sl\/maintenance-of-road-infrastructure-2\/","og_site_name":"AMT Projekt","article_modified_time":"2025-06-17T10:55:11+00:00","og_image":[{"url":"https:\/\/amt-projekt.si\/common\/images\/pdf.png","type":"","width":"","height":""}],"twitter_card":"summary_large_image","twitter_misc":{"Est. reading time":"3 minute"},"schema":{"@context":"https:\/\/schema.org","@graph":[{"@type":"WebPage","@id":"https:\/\/amtprojekt.si\/maintenance-of-road-infrastructure-2\/","url":"https:\/\/amtprojekt.si\/maintenance-of-road-infrastructure-2\/","name":"Maintenance of road infrastructure - AMT Projekt","isPartOf":{"@id":"https:\/\/amtprojekt.si\/#website"},"primaryImageOfPage":{"@id":"https:\/\/amtprojekt.si\/maintenance-of-road-infrastructure-2\/#primaryimage"},"image":{"@id":"https:\/\/amtprojekt.si\/maintenance-of-road-infrastructure-2\/#primaryimage"},"thumbnailUrl":"https:\/\/amt-projekt.si\/common\/images\/pdf.png","datePublished":"2022-06-10T09:56:11+00:00","dateModified":"2025-06-17T10:55:11+00:00","breadcrumb":{"@id":"https:\/\/amtprojekt.si\/maintenance-of-road-infrastructure-2\/#breadcrumb"},"inLanguage":"sl-SI","potentialAction":[{"@type":"ReadAction","target":["https:\/\/amtprojekt.si\/maintenance-of-road-infrastructure-2\/"]}]},{"@type":"ImageObject","inLanguage":"sl-SI","@id":"https:\/\/amtprojekt.si\/maintenance-of-road-infrastructure-2\/#primaryimage","url":"https:\/\/amt-projekt.si\/common\/images\/pdf.png","contentUrl":"https:\/\/amt-projekt.si\/common\/images\/pdf.png"},{"@type":"BreadcrumbList","@id":"https:\/\/amtprojekt.si\/maintenance-of-road-infrastructure-2\/#breadcrumb","itemListElement":[{"@type":"ListItem","position":1,"name":"Hem","item":"https:\/\/amtprojekt.si\/"},{"@type":"ListItem","position":2,"name":"Maintenance of road infrastructure"}]},{"@type":"WebSite","@id":"https:\/\/amtprojekt.si\/#website","url":"https:\/\/amtprojekt.si\/","name":"AMT Projekt","description":"producer and seller of products for the construction of communal infrastructure.","potentialAction":[{"@type":"SearchAction","target":{"@type":"EntryPoint","urlTemplate":"https:\/\/amtprojekt.si\/?s={search_term_string}"},"query-input":{"@type":"PropertyValueSpecification","valueRequired":true,"valueName":"search_term_string"}}],"inLanguage":"sl-SI"}]}},"_links":{"self":[{"href":"https:\/\/amtprojekt.si\/sl\/wp-json\/wp\/v2\/pages\/17994","targetHints":{"allow":["GET"]}}],"collection":[{"href":"https:\/\/amtprojekt.si\/sl\/wp-json\/wp\/v2\/pages"}],"about":[{"href":"https:\/\/amtprojekt.si\/sl\/wp-json\/wp\/v2\/types\/page"}],"author":[{"embeddable":true,"href":"https:\/\/amtprojekt.si\/sl\/wp-json\/wp\/v2\/users\/1"}],"replies":[{"embeddable":true,"href":"https:\/\/amtprojekt.si\/sl\/wp-json\/wp\/v2\/comments?post=17994"}],"version-history":[{"count":6,"href":"https:\/\/amtprojekt.si\/sl\/wp-json\/wp\/v2\/pages\/17994\/revisions"}],"predecessor-version":[{"id":19131,"href":"https:\/\/amtprojekt.si\/sl\/wp-json\/wp\/v2\/pages\/17994\/revisions\/19131"}],"wp:attachment":[{"href":"https:\/\/amtprojekt.si\/sl\/wp-json\/wp\/v2\/media?parent=17994"}],"curies":[{"name":"wp","href":"https:\/\/api.w.org\/{rel}","templated":true}]}}