{"id":17955,"date":"2022-06-10T11:45:15","date_gmt":"2022-06-10T09:45:15","guid":{"rendered":"https:\/\/amtprojekt.si\/?page_id=17955"},"modified":"2023-01-16T11:21:32","modified_gmt":"2023-01-16T10:21:32","slug":"aquareg-nanofix-industrial-wastewater-treatment-plants-2","status":"publish","type":"page","link":"https:\/\/amtprojekt.si\/sl\/aquareg-nanofix-industrial-wastewater-treatment-plants-2\/","title":{"rendered":"Industrijske \u010distilne naprave AQUAREG NANOFIX"},"content":{"rendered":"<div id=\"fws_69daa4737aa06\"  data-column-margin=\"default\" data-midnight=\"dark\" data-top-percent=\"4%\" data-bottom-percent=\"4%\"  class=\"wpb_row vc_row-fluid vc_row full-width-section vc_row-o-equal-height vc_row-flex vc_row-o-content-middle parallax_section\"  style=\"padding-top: calc(100vw * 0.04); padding-bottom: calc(100vw * 0.04); \"><div class=\"row-bg-wrap\" data-bg-animation=\"none\" data-bg-overlay=\"false\"><div class=\"inner-wrap using-image\"><div class=\"row-bg viewport-desktop using-image using-bg-color\" data-parallax-speed=\"fast\" style=\"background-position: left top; background-repeat: no-repeat; background-color: #f4f4f4; \"><\/div><\/div><\/div><div class=\"row_col_wrap_12 col span_12 dark left\">\n\t<div  class=\"vc_col-sm-6 wpb_column column_container vc_column_container col no-extra-padding inherit_tablet inherit_phone\"  data-padding-pos=\"all\" data-has-bg-color=\"false\" data-bg-color=\"\" data-bg-opacity=\"1\" data-animation=\"\" data-delay=\"0\" >\n\t\t<div class=\"vc_column-inner\" >\n\t\t\t<div class=\"wpb_wrapper\">\n\t\t\t\t<div class=\"img-with-aniamtion-wrap center\" data-max-width=\"100%\" data-max-width-mobile=\"default\" data-border-radius=\"10px\" data-shadow=\"x_large_depth\" data-animation=\"fade-in-from-left\" >\r\n      <div class=\"inner\">\r\n        <div class=\"hover-wrap\"> \r\n          <div class=\"hover-wrap-inner\">\r\n            <img loading=\"lazy\" decoding=\"async\" class=\"img-with-animation skip-lazy\" data-delay=\"0\" height=\"280\" width=\"800\" data-animation=\"fade-in-from-left\" src=\"https:\/\/amtprojekt.si\/wp-content\/uploads\/2022\/06\/0800a8f5ae07.jpeg\" alt=\"\" srcset=\"https:\/\/amtprojekt.si\/wp-content\/uploads\/2022\/06\/0800a8f5ae07.jpeg 800w, https:\/\/amtprojekt.si\/wp-content\/uploads\/2022\/06\/0800a8f5ae07-300x105.jpeg 300w, https:\/\/amtprojekt.si\/wp-content\/uploads\/2022\/06\/0800a8f5ae07-768x269.jpeg 768w\" sizes=\"auto, (max-width: 800px) 100vw, 800px\" \/>\r\n          <\/div>\r\n        <\/div>\r\n      <\/div>\r\n    <\/div>\n\t\t\t<\/div> \n\t\t<\/div>\n\t<\/div> \n\n\t<div  class=\"vc_col-sm-6 wpb_column column_container vc_column_container col padding-5-percent inherit_tablet inherit_phone\"  data-padding-pos=\"all\" data-has-bg-color=\"false\" data-bg-color=\"\" data-bg-opacity=\"1\" data-animation=\"\" data-delay=\"0\" >\n\t\t<div class=\"vc_column-inner\" >\n\t\t\t<div class=\"wpb_wrapper\">\n\t\t\t\t<div id=\"fws_69daa4737b2cc\" data-midnight=\"\" data-column-margin=\"default\" class=\"wpb_row vc_row-fluid vc_row inner_row\"  style=\"\"><div class=\"row-bg-wrap\"> <div class=\"row-bg\" ><\/div> <\/div><div class=\"row_col_wrap_12_inner col span_12  left\">\n\t<div  class=\"vc_col-sm-12 wpb_column column_container vc_column_container col child_column has-animation no-extra-padding inherit_tablet inherit_phone\"   data-padding-pos=\"all\" data-has-bg-color=\"false\" data-bg-color=\"\" data-bg-opacity=\"1\" data-animation=\"fade-in\" data-delay=\"0\" >\n\t\t<div class=\"vc_column-inner\" >\n\t\t<div class=\"wpb_wrapper\">\n\t\t\t\r\n<div class=\"wpb_text_column wpb_content_element\" >\r\n\t<div class=\"wpb_wrapper\">\r\n\t\t<h1>Industrijske \u010distilne naprave AQUAREG NANOFIX<\/h1>\n\t<\/div>\r\n<\/div>\r\n\r\n\r\n\r\n\r\n<div class=\"wpb_text_column wpb_content_element\" >\r\n\t<div class=\"wpb_wrapper\">\r\n\t\t<p>\u010cistilna naprava AQUAREG \u2013 NANOFIX je namenjena \u010di\u0161\u010denju vode, onesna\u017eene s topili in meh\u010dali, v industrijskih objektih.<br \/>\nDelovanje \u010distilne naprave je samodejno. Ko se dvigne nivo vode v zadr\u017eevalniku skladi\u0161\u010da se vklopi in se pri\u010dne tehnolo\u0161ki postopek.<\/p>\n<p><strong>\u010cistilna naprava AQUAREG \u2013 NANOFIX je sestavljena iz spodnjih tehnolo\u0161kih sklopov:<\/strong><\/p>\n<p>1. Zajem onesna\u017eene vode<br \/>\n2. Zadr\u017eevalnik onesna\u017eene vode<br \/>\n3. Glavni zadr\u017eevalnik<br \/>\n4. Polnjenje lahkih frakcij<br \/>\n5. Usedalnik z grobim odstranjevanjem lahkih frakcij<br \/>\n6. Flotator s finim odstranjevanjem lahkih frakcij<br \/>\n7. Zalogovnik lahkih frakcij<br \/>\n8. Nanofix filter<br \/>\n9. \u010crpalka meteorne vode<br \/>\n10. Iztok z merilcem pretoka<\/p>\n\t<\/div>\r\n<\/div>\r\n\r\n\r\n\r\n\n\t\t<\/div> \n\t<\/div>\n\t<\/div> \n<\/div><\/div>\n\t\t\t<\/div> \n\t\t<\/div>\n\t<\/div> \n<\/div><\/div>\r\n\t\t<div id=\"fws_69daa4737b795\"  data-column-margin=\"default\" data-midnight=\"dark\" data-top-percent=\"5%\"  class=\"wpb_row vc_row-fluid vc_row\"  style=\"padding-top: calc(100vw * 0.05); padding-bottom: 0px; \"><div class=\"row-bg-wrap\" data-bg-animation=\"none\" data-bg-overlay=\"false\"><div class=\"inner-wrap\"><div class=\"row-bg viewport-desktop\"  style=\"\"><\/div><\/div><\/div><div class=\"row_col_wrap_12 col span_12 dark left\">\n\t<div  class=\"vc_col-sm-3 wpb_column column_container vc_column_container col no-extra-padding inherit_tablet inherit_phone\"  data-padding-pos=\"all\" data-has-bg-color=\"false\" data-bg-color=\"\" data-bg-opacity=\"1\" data-animation=\"\" data-delay=\"0\" >\n\t\t<div class=\"vc_column-inner\" >\n\t\t\t<div class=\"wpb_wrapper\">\n\t\t\t\t\r\n<div class=\"wpb_text_column wpb_content_element  english_lang\" >\r\n\t<div class=\"wpb_wrapper\">\r\n\t\t<div class=\"col-xs-18\">\n<div class=\"col-xs-18\">\n<div class=\"col-xs-18\">\n<div><img decoding=\"async\" class=\"fileWidget_image\" src=\"https:\/\/amt-projekt.si\/common\/images\/pdf.png\" alt=\"\" \/><\/div>\n<p><span class=\"web5_plain_text_wraper ng-isolate-scope\"><span class=\"web5_text_wrapper_static ng-scope\"><span class=\"web5_text_class ng-binding ng-scope\">Letak - Aquareg Nanofix<\/span><\/span><\/span><\/p>\n<\/div>\n<div class=\"col-xs-6 fileWidget_size\">\n<div class=\"ng-binding ng-scope\">1031 KB<\/div>\n<p><a class=\"fileWidget_download ng-binding\" href=\"https:\/\/amtprojekt.si\/wp-content\/uploads\/2022\/10\/LETAK_CN-Aquareg-Nanofix_16.10.2022.pdf\" target=\"_blank\" rel=\"noopener\">prenesi<\/a><\/p>\n<\/div>\n<\/div>\n<div class=\"col-xs-6 fileWidget_size\"><\/div>\n<\/div>\n\t<\/div>\r\n<\/div>\r\n\r\n\r\n\r\n\n\t\t\t<\/div> \n\t\t<\/div>\n\t<\/div> \n\n\t<div  class=\"vc_col-sm-3 wpb_column column_container vc_column_container col no-extra-padding inherit_tablet inherit_phone\"  data-padding-pos=\"all\" data-has-bg-color=\"false\" data-bg-color=\"\" data-bg-opacity=\"1\" data-animation=\"\" data-delay=\"0\" >\n\t\t<div class=\"vc_column-inner\" >\n\t\t\t<div class=\"wpb_wrapper\">\n\t\t\t\t\n\t\t\t<\/div> \n\t\t<\/div>\n\t<\/div> \n\n\t<div  class=\"vc_col-sm-3 wpb_column column_container vc_column_container col no-extra-padding inherit_tablet inherit_phone\"  data-padding-pos=\"all\" data-has-bg-color=\"false\" data-bg-color=\"\" data-bg-opacity=\"1\" data-animation=\"\" data-delay=\"0\" >\n\t\t<div class=\"vc_column-inner\" >\n\t\t\t<div class=\"wpb_wrapper\">\n\t\t\t\t\n\t\t\t<\/div> \n\t\t<\/div>\n\t<\/div> \n\n\t<div  class=\"vc_col-sm-3 wpb_column column_container vc_column_container col no-extra-padding inherit_tablet inherit_phone\"  data-padding-pos=\"all\" data-has-bg-color=\"false\" data-bg-color=\"\" data-bg-opacity=\"1\" data-animation=\"\" data-delay=\"0\" >\n\t\t<div class=\"vc_column-inner\" >\n\t\t\t<div class=\"wpb_wrapper\">\n\t\t\t\t\n\t\t\t<\/div> \n\t\t<\/div>\n\t<\/div> \n<\/div><\/div>\r\n\t\t<div id=\"fws_69daa4737bcae\"  data-column-margin=\"default\" data-midnight=\"dark\" data-bottom-percent=\"5%\"  class=\"wpb_row vc_row-fluid vc_row\"  style=\"padding-top: 0px; padding-bottom: calc(100vw * 0.05); \"><div class=\"row-bg-wrap\" data-bg-animation=\"none\" data-bg-overlay=\"false\"><div class=\"inner-wrap\"><div class=\"row-bg viewport-desktop\"  style=\"\"><\/div><\/div><\/div><div class=\"row_col_wrap_12 col span_12 dark left\">\n\t<div  class=\"vc_col-sm-12 wpb_column column_container vc_column_container col no-extra-padding inherit_tablet inherit_phone\"  data-padding-pos=\"all\" data-has-bg-color=\"false\" data-bg-color=\"\" data-bg-opacity=\"1\" data-animation=\"\" data-delay=\"0\" >\n\t\t<div class=\"vc_column-inner\" >\n\t\t\t<div class=\"wpb_wrapper\">\n\t\t\t\t\n\t\t\t<\/div> \n\t\t<\/div>\n\t<\/div> \n<\/div><\/div>","protected":false},"excerpt":{"rendered":"AQUAREG NANOFIX - Industrial wastewater treatment plants The Aquareg Nanofix wastewater treatment plant is used to purify solvent-contaminated water in industrial buildings. The operation of the treatment plant is automatic and starts by itself when the water level in the storage tank rises. Technological units and advantages for Aquareq Nanofix: 1. Captures contaminated water 2. Use as a water reservoir for contaminated water 3. Use...","protected":false},"author":1,"featured_media":0,"parent":0,"menu_order":0,"comment_status":"closed","ping_status":"closed","template":"","meta":{"footnotes":""},"class_list":["post-17955","page","type-page","status-publish"],"yoast_head":"<!-- This site is optimized with the Yoast SEO plugin v27.3 - https:\/\/yoast.com\/product\/yoast-seo-wordpress\/ -->\n<title>AQUAREG NANOFIX industrial wastewater treatment plants - AMT Projekt<\/title>\n<meta name=\"description\" content=\"The Aquareg Nanofix wastewater treatment plant is used to purify solvent-contaminatedwater in industrial buildings.\" \/>\n<meta name=\"robots\" content=\"index, follow, max-snippet:-1, max-image-preview:large, max-video-preview:-1\" \/>\n<link rel=\"canonical\" href=\"https:\/\/amtprojekt.si\/sl\/aquareg-nanofix-industrial-wastewater-treatment-plants-2\/\" \/>\n<meta property=\"og:locale\" content=\"sl_SI\" \/>\n<meta property=\"og:type\" content=\"article\" \/>\n<meta property=\"og:title\" content=\"AQUAREG NANOFIX industrial wastewater treatment plants - AMT Projekt\" \/>\n<meta property=\"og:description\" content=\"The Aquareg Nanofix wastewater treatment plant is used to purify solvent-contaminatedwater in industrial buildings.\" \/>\n<meta property=\"og:url\" content=\"https:\/\/amtprojekt.si\/sl\/aquareg-nanofix-industrial-wastewater-treatment-plants-2\/\" \/>\n<meta property=\"og:site_name\" content=\"AMT Projekt\" \/>\n<meta property=\"article:modified_time\" content=\"2023-01-16T10:21:32+00:00\" \/>\n<meta property=\"og:image\" content=\"https:\/\/amt-projekt.si\/common\/images\/pdf.png\" \/>\n<meta name=\"twitter:card\" content=\"summary_large_image\" \/>\n<meta name=\"twitter:label1\" content=\"Est. reading time\" \/>\n\t<meta name=\"twitter:data1\" content=\"2 minuti\" \/>\n<script type=\"application\/ld+json\" class=\"yoast-schema-graph\">{\"@context\":\"https:\\\/\\\/schema.org\",\"@graph\":[{\"@type\":\"WebPage\",\"@id\":\"https:\\\/\\\/amtprojekt.si\\\/aquareg-nanofix-industrial-wastewater-treatment-plants-2\\\/\",\"url\":\"https:\\\/\\\/amtprojekt.si\\\/aquareg-nanofix-industrial-wastewater-treatment-plants-2\\\/\",\"name\":\"AQUAREG NANOFIX industrial wastewater treatment plants - AMT Projekt\",\"isPartOf\":{\"@id\":\"https:\\\/\\\/amtprojekt.si\\\/#website\"},\"primaryImageOfPage\":{\"@id\":\"https:\\\/\\\/amtprojekt.si\\\/aquareg-nanofix-industrial-wastewater-treatment-plants-2\\\/#primaryimage\"},\"image\":{\"@id\":\"https:\\\/\\\/amtprojekt.si\\\/aquareg-nanofix-industrial-wastewater-treatment-plants-2\\\/#primaryimage\"},\"thumbnailUrl\":\"https:\\\/\\\/amt-projekt.si\\\/common\\\/images\\\/pdf.png\",\"datePublished\":\"2022-06-10T09:45:15+00:00\",\"dateModified\":\"2023-01-16T10:21:32+00:00\",\"description\":\"The Aquareg Nanofix wastewater treatment plant is used to purify solvent-contaminatedwater in industrial buildings.\",\"breadcrumb\":{\"@id\":\"https:\\\/\\\/amtprojekt.si\\\/aquareg-nanofix-industrial-wastewater-treatment-plants-2\\\/#breadcrumb\"},\"inLanguage\":\"sl-SI\",\"potentialAction\":[{\"@type\":\"ReadAction\",\"target\":[\"https:\\\/\\\/amtprojekt.si\\\/aquareg-nanofix-industrial-wastewater-treatment-plants-2\\\/\"]}]},{\"@type\":\"ImageObject\",\"inLanguage\":\"sl-SI\",\"@id\":\"https:\\\/\\\/amtprojekt.si\\\/aquareg-nanofix-industrial-wastewater-treatment-plants-2\\\/#primaryimage\",\"url\":\"https:\\\/\\\/amt-projekt.si\\\/common\\\/images\\\/pdf.png\",\"contentUrl\":\"https:\\\/\\\/amt-projekt.si\\\/common\\\/images\\\/pdf.png\"},{\"@type\":\"BreadcrumbList\",\"@id\":\"https:\\\/\\\/amtprojekt.si\\\/aquareg-nanofix-industrial-wastewater-treatment-plants-2\\\/#breadcrumb\",\"itemListElement\":[{\"@type\":\"ListItem\",\"position\":1,\"name\":\"Hem\",\"item\":\"https:\\\/\\\/amtprojekt.si\\\/\"},{\"@type\":\"ListItem\",\"position\":2,\"name\":\"AQUAREG NANOFIX industrial wastewater treatment plants\"}]},{\"@type\":\"WebSite\",\"@id\":\"https:\\\/\\\/amtprojekt.si\\\/#website\",\"url\":\"https:\\\/\\\/amtprojekt.si\\\/\",\"name\":\"AMT Projekt\",\"description\":\"producer and seller of products for the construction of communal infrastructure.\",\"potentialAction\":[{\"@type\":\"SearchAction\",\"target\":{\"@type\":\"EntryPoint\",\"urlTemplate\":\"https:\\\/\\\/amtprojekt.si\\\/?s={search_term_string}\"},\"query-input\":{\"@type\":\"PropertyValueSpecification\",\"valueRequired\":true,\"valueName\":\"search_term_string\"}}],\"inLanguage\":\"sl-SI\"}]}<\/script>\n<!-- \/ Yoast SEO plugin. -->","yoast_head_json":{"title":"AQUAREG NANOFIX industrial wastewater treatment plants - AMT Projekt","description":"The Aquareg Nanofix wastewater treatment plant is used to purify solvent-contaminatedwater in industrial buildings.","robots":{"index":"index","follow":"follow","max-snippet":"max-snippet:-1","max-image-preview":"max-image-preview:large","max-video-preview":"max-video-preview:-1"},"canonical":"https:\/\/amtprojekt.si\/sl\/aquareg-nanofix-industrial-wastewater-treatment-plants-2\/","og_locale":"sl_SI","og_type":"article","og_title":"AQUAREG NANOFIX industrial wastewater treatment plants - AMT Projekt","og_description":"The Aquareg Nanofix wastewater treatment plant is used to purify solvent-contaminatedwater in industrial buildings.","og_url":"https:\/\/amtprojekt.si\/sl\/aquareg-nanofix-industrial-wastewater-treatment-plants-2\/","og_site_name":"AMT Projekt","article_modified_time":"2023-01-16T10:21:32+00:00","og_image":[{"url":"https:\/\/amt-projekt.si\/common\/images\/pdf.png","type":"","width":"","height":""}],"twitter_card":"summary_large_image","twitter_misc":{"Est. reading time":"2 minuti"},"schema":{"@context":"https:\/\/schema.org","@graph":[{"@type":"WebPage","@id":"https:\/\/amtprojekt.si\/aquareg-nanofix-industrial-wastewater-treatment-plants-2\/","url":"https:\/\/amtprojekt.si\/aquareg-nanofix-industrial-wastewater-treatment-plants-2\/","name":"AQUAREG NANOFIX industrial wastewater treatment plants - AMT Projekt","isPartOf":{"@id":"https:\/\/amtprojekt.si\/#website"},"primaryImageOfPage":{"@id":"https:\/\/amtprojekt.si\/aquareg-nanofix-industrial-wastewater-treatment-plants-2\/#primaryimage"},"image":{"@id":"https:\/\/amtprojekt.si\/aquareg-nanofix-industrial-wastewater-treatment-plants-2\/#primaryimage"},"thumbnailUrl":"https:\/\/amt-projekt.si\/common\/images\/pdf.png","datePublished":"2022-06-10T09:45:15+00:00","dateModified":"2023-01-16T10:21:32+00:00","description":"The Aquareg Nanofix wastewater treatment plant is used to purify solvent-contaminatedwater in industrial buildings.","breadcrumb":{"@id":"https:\/\/amtprojekt.si\/aquareg-nanofix-industrial-wastewater-treatment-plants-2\/#breadcrumb"},"inLanguage":"sl-SI","potentialAction":[{"@type":"ReadAction","target":["https:\/\/amtprojekt.si\/aquareg-nanofix-industrial-wastewater-treatment-plants-2\/"]}]},{"@type":"ImageObject","inLanguage":"sl-SI","@id":"https:\/\/amtprojekt.si\/aquareg-nanofix-industrial-wastewater-treatment-plants-2\/#primaryimage","url":"https:\/\/amt-projekt.si\/common\/images\/pdf.png","contentUrl":"https:\/\/amt-projekt.si\/common\/images\/pdf.png"},{"@type":"BreadcrumbList","@id":"https:\/\/amtprojekt.si\/aquareg-nanofix-industrial-wastewater-treatment-plants-2\/#breadcrumb","itemListElement":[{"@type":"ListItem","position":1,"name":"Hem","item":"https:\/\/amtprojekt.si\/"},{"@type":"ListItem","position":2,"name":"AQUAREG NANOFIX industrial wastewater treatment plants"}]},{"@type":"WebSite","@id":"https:\/\/amtprojekt.si\/#website","url":"https:\/\/amtprojekt.si\/","name":"AMT Projekt","description":"producer and seller of products for the construction of communal infrastructure.","potentialAction":[{"@type":"SearchAction","target":{"@type":"EntryPoint","urlTemplate":"https:\/\/amtprojekt.si\/?s={search_term_string}"},"query-input":{"@type":"PropertyValueSpecification","valueRequired":true,"valueName":"search_term_string"}}],"inLanguage":"sl-SI"}]}},"_links":{"self":[{"href":"https:\/\/amtprojekt.si\/sl\/wp-json\/wp\/v2\/pages\/17955","targetHints":{"allow":["GET"]}}],"collection":[{"href":"https:\/\/amtprojekt.si\/sl\/wp-json\/wp\/v2\/pages"}],"about":[{"href":"https:\/\/amtprojekt.si\/sl\/wp-json\/wp\/v2\/types\/page"}],"author":[{"embeddable":true,"href":"https:\/\/amtprojekt.si\/sl\/wp-json\/wp\/v2\/users\/1"}],"replies":[{"embeddable":true,"href":"https:\/\/amtprojekt.si\/sl\/wp-json\/wp\/v2\/comments?post=17955"}],"version-history":[{"count":7,"href":"https:\/\/amtprojekt.si\/sl\/wp-json\/wp\/v2\/pages\/17955\/revisions"}],"predecessor-version":[{"id":18709,"href":"https:\/\/amtprojekt.si\/sl\/wp-json\/wp\/v2\/pages\/17955\/revisions\/18709"}],"wp:attachment":[{"href":"https:\/\/amtprojekt.si\/sl\/wp-json\/wp\/v2\/media?parent=17955"}],"curies":[{"name":"wp","href":"https:\/\/api.w.org\/{rel}","templated":true}]}}