{"id":17951,"date":"2022-06-10T11:43:28","date_gmt":"2022-06-10T09:43:28","guid":{"rendered":"https:\/\/amtprojekt.si\/?page_id=17951"},"modified":"2025-06-17T12:19:23","modified_gmt":"2025-06-17T10:19:23","slug":"biological-wastewater-treatment-plant-2","status":"publish","type":"page","link":"https:\/\/amtprojekt.si\/sl\/biological-wastewater-treatment-plant-2\/","title":{"rendered":"\u010cistilne naprave SBR REG"},"content":{"rendered":"<div id=\"fws_69d75702d1a86\"  data-column-margin=\"default\" data-midnight=\"dark\" data-top-percent=\"4%\" data-bottom-percent=\"4%\"  class=\"wpb_row vc_row-fluid vc_row full-width-section vc_row-o-equal-height vc_row-flex vc_row-o-content-middle parallax_section\"  style=\"padding-top: calc(100vw * 0.04); padding-bottom: calc(100vw * 0.04); \"><div class=\"row-bg-wrap\" data-bg-animation=\"none\" data-bg-overlay=\"false\"><div class=\"inner-wrap using-image\"><div class=\"row-bg viewport-desktop using-image using-bg-color\" data-parallax-speed=\"fast\" style=\"background-position: left top; background-repeat: no-repeat; background-color: #f4f4f4; \"><\/div><\/div><\/div><div class=\"row_col_wrap_12 col span_12 dark left\">\n\t<div  class=\"vc_col-sm-4 wpb_column column_container vc_column_container col no-extra-padding inherit_tablet inherit_phone\"  data-padding-pos=\"all\" data-has-bg-color=\"false\" data-bg-color=\"\" data-bg-opacity=\"1\" data-animation=\"\" data-delay=\"0\" >\n\t\t<div class=\"vc_column-inner\" >\n\t\t\t<div class=\"wpb_wrapper\">\n\t\t\t\t<div class=\"img-with-aniamtion-wrap center\" data-max-width=\"100%\" data-max-width-mobile=\"default\" data-border-radius=\"10px\" data-shadow=\"x_large_depth\" data-animation=\"fade-in-from-left\" >\r\n      <div class=\"inner\">\r\n        <div class=\"hover-wrap\"> \r\n          <div class=\"hover-wrap-inner\">\r\n            <img loading=\"lazy\" decoding=\"async\" class=\"img-with-animation skip-lazy\" data-delay=\"0\" height=\"395\" width=\"800\" data-animation=\"fade-in-from-left\" src=\"https:\/\/amtprojekt.si\/wp-content\/uploads\/2022\/06\/af86ce4bf415.jpeg\" alt=\"\" srcset=\"https:\/\/amtprojekt.si\/wp-content\/uploads\/2022\/06\/af86ce4bf415.jpeg 800w, https:\/\/amtprojekt.si\/wp-content\/uploads\/2022\/06\/af86ce4bf415-300x148.jpeg 300w, https:\/\/amtprojekt.si\/wp-content\/uploads\/2022\/06\/af86ce4bf415-768x379.jpeg 768w\" sizes=\"auto, (max-width: 800px) 100vw, 800px\" \/>\r\n          <\/div>\r\n        <\/div>\r\n      <\/div>\r\n    <\/div>\n\t\t\t<\/div> \n\t\t<\/div>\n\t<\/div> \n\n\t<div  class=\"vc_col-sm-8 wpb_column column_container vc_column_container col padding-5-percent inherit_tablet inherit_phone\"  data-padding-pos=\"all\" data-has-bg-color=\"false\" data-bg-color=\"\" data-bg-opacity=\"1\" data-animation=\"\" data-delay=\"0\" >\n\t\t<div class=\"vc_column-inner\" >\n\t\t\t<div class=\"wpb_wrapper\">\n\t\t\t\t<div id=\"fws_69d75702d245c\" data-midnight=\"\" data-column-margin=\"default\" class=\"wpb_row vc_row-fluid vc_row inner_row\"  style=\"\"><div class=\"row-bg-wrap\"> <div class=\"row-bg\" ><\/div> <\/div><div class=\"row_col_wrap_12_inner col span_12  left\">\n\t<div  class=\"vc_col-sm-12 wpb_column column_container vc_column_container col child_column has-animation no-extra-padding inherit_tablet inherit_phone\"   data-padding-pos=\"all\" data-has-bg-color=\"false\" data-bg-color=\"\" data-bg-opacity=\"1\" data-animation=\"fade-in\" data-delay=\"0\" >\n\t\t<div class=\"vc_column-inner\" >\n\t\t<div class=\"wpb_wrapper\">\n\t\t\t\r\n<div class=\"wpb_text_column wpb_content_element\" >\r\n\t<div class=\"wpb_wrapper\">\r\n\t\t<h1>\u010cistilne naprave SBR REG<\/h1>\n\t<\/div>\r\n<\/div>\r\n\r\n\r\n\r\n\r\n<div class=\"wpb_text_column wpb_content_element\" >\r\n\t<div class=\"wpb_wrapper\">\r\n\t\t<p>Biolo\u0161ke \u010distilne naprave so namenjene \u010di\u0161\u010denju odpadne vode iz strani\u0161\u010d, kopalnic, kuhinj in podobnih virov onesna\u017eenja v gospodinjstvu, poslovnih zgradbah, gostinskih lokalih,\u2026<\/p>\n\t<\/div>\r\n<\/div>\r\n\r\n\r\n\r\n\n\t\t<\/div> \n\t<\/div>\n\t<\/div> \n<\/div><\/div>\n\t\t\t<\/div> \n\t\t<\/div>\n\t<\/div> \n<\/div><\/div>\r\n\t\t<div id=\"fws_69d75702d2832\"  data-column-margin=\"default\" data-midnight=\"dark\" data-top-percent=\"5%\"  class=\"wpb_row vc_row-fluid vc_row\"  style=\"padding-top: calc(100vw * 0.05); padding-bottom: 0px; \"><div class=\"row-bg-wrap\" data-bg-animation=\"none\" data-bg-overlay=\"false\"><div class=\"inner-wrap\"><div class=\"row-bg viewport-desktop\"  style=\"\"><\/div><\/div><\/div><div class=\"row_col_wrap_12 col span_12 dark left\">\n\t<div  class=\"vc_col-sm-3 wpb_column column_container vc_column_container col no-extra-padding inherit_tablet inherit_phone\"  data-overlay-color=\"true\" data-padding-pos=\"all\" data-has-bg-color=\"false\" data-bg-color=\"\" data-bg-opacity=\"1\" data-animation=\"\" data-delay=\"0\" >\n\t\t<div class=\"vc_column-inner\" ><div class=\"column-bg-overlay-wrap\" data-bg-animation=\"none\"><div class=\"column-bg-overlay\"><\/div><div class=\"column-overlay-layer\" style=\"background-color:#ffffff;  opacity: 0.3; \"><\/div><\/div>\n\t\t\t<div class=\"wpb_wrapper\">\n\t\t\t\t\r\n<div class=\"wpb_text_column wpb_content_element\" >\r\n\t<div class=\"wpb_wrapper\">\r\n\t\t<div class=\"col-xs-18\">\n<div class=\"col-xs-18\">\n<div class=\"col-xs-18\">\n<div><img decoding=\"async\" class=\"fileWidget_image\" src=\"https:\/\/amt-projekt.si\/common\/images\/pdf.png\" alt=\"\" \/><\/div>\n<p><span class=\"web5_plain_text_wraper ng-isolate-scope\"><span class=\"web5_text_wrapper_static ng-scope\"><span class=\"web5_text_class ng-binding ng-scope\">\u010cistilne naprave SBR REG<\/span><\/span><\/span><\/p>\n<\/div>\n<div class=\"col-xs-6 fileWidget_size\">\n<p><a class=\"fileWidget_download ng-binding\" href=\"https:\/\/amtprojekt.si\/wp-content\/uploads\/2022\/10\/Letak-CISTILNE-NAPRAVE_AMT-PROJEKT_SLO.pdf\" target=\"_blank\" rel=\"noopener\">prenesi<\/a><\/p>\n<\/div>\n<\/div>\n<div class=\"col-xs-6 fileWidget_size\"><\/div>\n<\/div>\n\t<\/div>\r\n<\/div>\r\n\r\n\r\n\r\n\n\t\t\t<\/div> \n\t\t<\/div>\n\t<\/div> \n\n\t<div  class=\"vc_col-sm-3 wpb_column column_container vc_column_container col no-extra-padding inherit_tablet inherit_phone\"  data-padding-pos=\"all\" data-has-bg-color=\"false\" data-bg-color=\"\" data-bg-opacity=\"1\" data-animation=\"\" data-delay=\"0\" >\n\t\t<div class=\"vc_column-inner\" >\n\t\t\t<div class=\"wpb_wrapper\">\n\t\t\t\t\r\n<div class=\"wpb_text_column wpb_content_element\" >\r\n\t<div class=\"wpb_wrapper\">\r\n\t\t<div class=\"col-xs-18\">\n<div class=\"col-xs-18\">\n<div><img decoding=\"async\" class=\"fileWidget_image\" src=\"https:\/\/amt-projekt.si\/common\/images\/pdf.png\" alt=\"\" \/><\/div>\n<p><span class=\"web5_plain_text_wraper ng-isolate-scope\"><span class=\"web5_text_wrapper_static ng-scope\"><span class=\"web5_text_class ng-binding ng-scope\">SBR REG 5<\/span><\/span><\/span><\/p>\n<\/div>\n<div class=\"col-xs-6 fileWidget_size\">\n<p><a class=\"fileWidget_download ng-binding\" href=\"https:\/\/amtprojekt.si\/wp-content\/uploads\/2022\/11\/AMT_sbr_5_p.pdf\" target=\"_blank\" rel=\"noopener\">prenesi<\/a><\/p>\n<\/div>\n<\/div>\n\t<\/div>\r\n<\/div>\r\n\r\n\r\n\r\n\n\t\t\t<\/div> \n\t\t<\/div>\n\t<\/div> \n\n\t<div  class=\"vc_col-sm-3 wpb_column column_container vc_column_container col no-extra-padding inherit_tablet inherit_phone\"  data-padding-pos=\"all\" data-has-bg-color=\"false\" data-bg-color=\"\" data-bg-opacity=\"1\" data-animation=\"\" data-delay=\"0\" >\n\t\t<div class=\"vc_column-inner\" >\n\t\t\t<div class=\"wpb_wrapper\">\n\t\t\t\t\r\n<div class=\"wpb_text_column wpb_content_element\" >\r\n\t<div class=\"wpb_wrapper\">\r\n\t\t<div class=\"col-xs-18\">\n<div class=\"col-xs-18\">\n<div class=\"col-xs-18\">\n<div><img decoding=\"async\" class=\"fileWidget_image\" src=\"https:\/\/amt-projekt.si\/common\/images\/pdf.png\" alt=\"\" \/><\/div>\n<p><span class=\"web5_plain_text_wraper ng-isolate-scope\"><span class=\"web5_text_wrapper_static ng-scope\"><span class=\"web5_text_class ng-binding ng-scope\">SBR REG 8<\/span><\/span><\/span><\/p>\n<\/div>\n<div class=\"col-xs-6 fileWidget_size\">\n<p><a class=\"fileWidget_download ng-binding\" href=\"https:\/\/amtprojekt.si\/wp-content\/uploads\/2024\/01\/AMT_sbr_8_DN1800_A.pdf\" target=\"_blank\" rel=\"noopener\">prenesi<\/a><\/p>\n<\/div>\n<\/div>\n<div class=\"col-xs-6 fileWidget_size\"><\/div>\n<\/div>\n\t<\/div>\r\n<\/div>\r\n\r\n\r\n\r\n\n\t\t\t<\/div> \n\t\t<\/div>\n\t<\/div> \n\n\t<div  class=\"vc_col-sm-3 wpb_column column_container vc_column_container col no-extra-padding inherit_tablet inherit_phone\"  data-padding-pos=\"all\" data-has-bg-color=\"false\" data-bg-color=\"\" data-bg-opacity=\"1\" data-animation=\"\" data-delay=\"0\" >\n\t\t<div class=\"vc_column-inner\" >\n\t\t\t<div class=\"wpb_wrapper\">\n\t\t\t\t\r\n<div class=\"wpb_text_column wpb_content_element\" >\r\n\t<div class=\"wpb_wrapper\">\r\n\t\t<div class=\"col-xs-18\">\n<div class=\"col-xs-18\">\n<div class=\"col-xs-18\">\n<div><img decoding=\"async\" class=\"fileWidget_image\" src=\"https:\/\/amt-projekt.si\/common\/images\/pdf.png\" alt=\"\" \/><\/div>\n<p><span class=\"web5_plain_text_wraper ng-isolate-scope\"><span class=\"web5_text_wrapper_static ng-scope\"><span class=\"web5_text_class ng-binding ng-scope\">SBR REG 12<\/span><\/span><\/span><\/p>\n<\/div>\n<div class=\"col-xs-6 fileWidget_size\">\n<p><a class=\"fileWidget_download ng-binding\" href=\"https:\/\/amtprojekt.si\/wp-content\/uploads\/2022\/11\/AMT_sbr_12_p.pdf\" target=\"_blank\" rel=\"noopener\">prenesi<\/a><\/p>\n<\/div>\n<\/div>\n<div class=\"col-xs-6 fileWidget_size\"><\/div>\n<\/div>\n\t<\/div>\r\n<\/div>\r\n\r\n\r\n\r\n\n\t\t\t<\/div> \n\t\t<\/div>\n\t<\/div> \n<\/div><\/div>\r\n\t\t<div id=\"fws_69d75702d2fb9\"  data-column-margin=\"default\" data-midnight=\"dark\" data-top-percent=\"5%\"  class=\"wpb_row vc_row-fluid vc_row\"  style=\"padding-top: calc(100vw * 0.05); padding-bottom: 0px; \"><div class=\"row-bg-wrap\" data-bg-animation=\"none\" data-bg-overlay=\"false\"><div class=\"inner-wrap\"><div class=\"row-bg viewport-desktop\"  style=\"\"><\/div><\/div><\/div><div class=\"row_col_wrap_12 col span_12 dark left\">\n\t<div  class=\"vc_col-sm-3 wpb_column column_container vc_column_container col no-extra-padding inherit_tablet inherit_phone\"  data-padding-pos=\"all\" data-has-bg-color=\"false\" data-bg-color=\"\" data-bg-opacity=\"1\" data-animation=\"\" data-delay=\"0\" >\n\t\t<div class=\"vc_column-inner\" >\n\t\t\t<div class=\"wpb_wrapper\">\n\t\t\t\t\r\n<div class=\"wpb_text_column wpb_content_element\" >\r\n\t<div class=\"wpb_wrapper\">\r\n\t\t<div class=\"col-xs-18\">\n<div class=\"col-xs-18\">\n<div class=\"col-xs-18\">\n<div class=\"col-xs-18\">\n<div><img decoding=\"async\" class=\"fileWidget_image\" src=\"https:\/\/amt-projekt.si\/common\/images\/pdf.png\" alt=\"\" \/><\/div>\n<p><span class=\"web5_plain_text_wraper ng-isolate-scope\"><span class=\"web5_text_wrapper_static ng-scope\"><span class=\"web5_text_class ng-binding ng-scope\">SBR REG 20<\/span><\/span><\/span><\/p>\n<\/div>\n<div class=\"col-xs-6 fileWidget_size\">\n<p><a class=\"fileWidget_download ng-binding\" href=\"https:\/\/amtprojekt.si\/wp-content\/uploads\/2022\/11\/AMT_sbr_20_p.pdf\" target=\"_blank\" rel=\"noopener\">prenesi<\/a><\/p>\n<\/div>\n<\/div>\n<\/div>\n<\/div>\n\t<\/div>\r\n<\/div>\r\n\r\n\r\n\r\n\n\t\t\t<\/div> \n\t\t<\/div>\n\t<\/div> \n\n\t<div  class=\"vc_col-sm-3 wpb_column column_container vc_column_container col no-extra-padding inherit_tablet inherit_phone\"  data-padding-pos=\"all\" data-has-bg-color=\"false\" data-bg-color=\"\" data-bg-opacity=\"1\" data-animation=\"\" data-delay=\"0\" >\n\t\t<div class=\"vc_column-inner\" >\n\t\t\t<div class=\"wpb_wrapper\">\n\t\t\t\t\r\n<div class=\"wpb_text_column wpb_content_element\" >\r\n\t<div class=\"wpb_wrapper\">\r\n\t\t<div class=\"col-xs-18\">\n<div class=\"col-xs-18\">\n<div class=\"col-xs-18\">\n<div><img decoding=\"async\" class=\"fileWidget_image\" src=\"https:\/\/amt-projekt.si\/common\/images\/pdf.png\" alt=\"\" \/><\/div>\n<p><span class=\"web5_plain_text_wraper ng-isolate-scope\"><span class=\"web5_text_wrapper_static ng-scope\"><span class=\"web5_text_class ng-binding ng-scope\">SBR REG 30<\/span><\/span><\/span><\/p>\n<\/div>\n<div class=\"col-xs-6 fileWidget_size\">\n<p><a class=\"fileWidget_download ng-binding\" href=\"https:\/\/amtprojekt.si\/wp-content\/uploads\/2022\/11\/AMT_sbr_30_p.pdf\" target=\"_blank\" rel=\"noopener\">prenesi<\/a><\/p>\n<\/div>\n<\/div>\n<div class=\"col-xs-6 fileWidget_size\"><\/div>\n<\/div>\n\t<\/div>\r\n<\/div>\r\n\r\n\r\n\r\n\n\t\t\t<\/div> \n\t\t<\/div>\n\t<\/div> \n\n\t<div  class=\"vc_col-sm-3 wpb_column column_container vc_column_container col no-extra-padding inherit_tablet inherit_phone\"  data-padding-pos=\"all\" data-has-bg-color=\"false\" data-bg-color=\"\" data-bg-opacity=\"1\" data-animation=\"\" data-delay=\"0\" >\n\t\t<div class=\"vc_column-inner\" >\n\t\t\t<div class=\"wpb_wrapper\">\n\t\t\t\t\r\n<div class=\"wpb_text_column wpb_content_element\" >\r\n\t<div class=\"wpb_wrapper\">\r\n\t\t<div class=\"col-xs-18\">\n<div class=\"col-xs-18\">\n<div class=\"col-xs-18\">\n<div class=\"col-xs-18\">\n<div><img decoding=\"async\" class=\"fileWidget_image\" src=\"https:\/\/amt-projekt.si\/common\/images\/pdf.png\" alt=\"\" \/><\/div>\n<p><span class=\"web5_plain_text_wraper ng-isolate-scope\"><span class=\"web5_text_wrapper_static ng-scope\"><span class=\"web5_text_class ng-binding ng-scope\">SBR REG 40<\/span><\/span><\/span><\/p>\n<\/div>\n<div class=\"col-xs-6 fileWidget_size\">\n<p><a class=\"fileWidget_download ng-binding\" href=\"https:\/\/amtprojekt.si\/wp-content\/uploads\/2022\/11\/AMT_sbr_40_p.pdf\" target=\"_blank\" rel=\"noopener\">prenesi<\/a><\/p>\n<\/div>\n<\/div>\n<\/div>\n<\/div>\n\t<\/div>\r\n<\/div>\r\n\r\n\r\n\r\n\n\t\t\t<\/div> \n\t\t<\/div>\n\t<\/div> \n\n\t<div  class=\"vc_col-sm-3 wpb_column column_container vc_column_container col no-extra-padding inherit_tablet inherit_phone\"  data-padding-pos=\"all\" data-has-bg-color=\"false\" data-bg-color=\"\" data-bg-opacity=\"1\" data-animation=\"\" data-delay=\"0\" >\n\t\t<div class=\"vc_column-inner\" >\n\t\t\t<div class=\"wpb_wrapper\">\n\t\t\t\t\r\n<div class=\"wpb_text_column wpb_content_element\" >\r\n\t<div class=\"wpb_wrapper\">\r\n\t\t<div class=\"col-xs-18\">\n<div class=\"col-xs-18\">\n<div class=\"col-xs-18\">\n<div class=\"col-xs-18\">\n<div><img decoding=\"async\" class=\"fileWidget_image\" src=\"https:\/\/amt-projekt.si\/common\/images\/pdf.png\" alt=\"\" \/><\/div>\n<p><span class=\"web5_plain_text_wraper ng-isolate-scope\"><span class=\"web5_text_wrapper_static ng-scope\"><span class=\"web5_text_class ng-binding ng-scope\">SBR REG 50<\/span><\/span><\/span><\/p>\n<\/div>\n<div class=\"col-xs-6 fileWidget_size\">\n<p><a class=\"fileWidget_download ng-binding\" href=\"https:\/\/amtprojekt.si\/wp-content\/uploads\/2022\/11\/AMT_sbr_50_p.pdf\" target=\"_blank\" rel=\"noopener\">prenesi<\/a><\/p>\n<\/div>\n<\/div>\n<\/div>\n<\/div>\n\t<\/div>\r\n<\/div>\r\n\r\n\r\n\r\n\n\t\t\t<\/div> \n\t\t<\/div>\n\t<\/div> \n<\/div><\/div>\r\n\t\t<div id=\"fws_69d75702d36e5\"  data-column-margin=\"default\" data-midnight=\"dark\" data-bottom-percent=\"5%\"  class=\"wpb_row vc_row-fluid vc_row\"  style=\"padding-top: 0px; padding-bottom: calc(100vw * 0.05); \"><div class=\"row-bg-wrap\" data-bg-animation=\"none\" data-bg-overlay=\"false\"><div class=\"inner-wrap\"><div class=\"row-bg viewport-desktop\"  style=\"\"><\/div><\/div><\/div><div class=\"row_col_wrap_12 col span_12 dark left\">\n\t<div  class=\"vc_col-sm-12 wpb_column column_container vc_column_container col no-extra-padding inherit_tablet inherit_phone\"  data-padding-pos=\"all\" data-has-bg-color=\"false\" data-bg-color=\"\" data-bg-opacity=\"1\" data-animation=\"\" data-delay=\"0\" >\n\t\t<div class=\"vc_column-inner\" >\n\t\t\t<div class=\"wpb_wrapper\">\n\t\t\t\t\n\t\t\t<\/div> \n\t\t<\/div>\n\t<\/div> \n<\/div><\/div>","protected":false},"excerpt":{"rendered":"A biological wastewater treatment plant The biological wastewater treatment plant is designed to purify the wastewater from ex. toilets, bathrooms, kitchens and other similar sources of pollution. A biological wastewater treatment plant is often used in households, businesses, premises and catering establishments. Biological wastewater treatment plant download SBR REG 5 download SBR REG 8 download SBR REG 12 download SBR REG 20 download SBR REG...","protected":false},"author":1,"featured_media":0,"parent":0,"menu_order":0,"comment_status":"closed","ping_status":"closed","template":"","meta":{"footnotes":""},"class_list":["post-17951","page","type-page","status-publish"],"yoast_head":"<!-- This site is optimized with the Yoast SEO plugin v27.3 - https:\/\/yoast.com\/product\/yoast-seo-wordpress\/ -->\n<title>Biological wastewater treatment plant - AMT Projekt<\/title>\n<meta name=\"description\" content=\"The biological wastewater treatment plant is designed to purify the wastewater from ex. toilets, and other similar sources of pollution.\" \/>\n<meta name=\"robots\" content=\"index, follow, max-snippet:-1, max-image-preview:large, max-video-preview:-1\" \/>\n<link rel=\"canonical\" href=\"https:\/\/amtprojekt.si\/sl\/biological-wastewater-treatment-plant-2\/\" \/>\n<meta property=\"og:locale\" content=\"sl_SI\" \/>\n<meta property=\"og:type\" content=\"article\" \/>\n<meta property=\"og:title\" content=\"Biological wastewater treatment plant - AMT Projekt\" \/>\n<meta property=\"og:description\" content=\"The biological wastewater treatment plant is designed to purify the wastewater from ex. toilets, and other similar sources of pollution.\" \/>\n<meta property=\"og:url\" content=\"https:\/\/amtprojekt.si\/sl\/biological-wastewater-treatment-plant-2\/\" \/>\n<meta property=\"og:site_name\" content=\"AMT Projekt\" \/>\n<meta property=\"article:modified_time\" content=\"2025-06-17T10:19:23+00:00\" \/>\n<meta property=\"og:image\" content=\"https:\/\/amt-projekt.si\/common\/images\/pdf.png\" \/>\n<meta name=\"twitter:card\" content=\"summary_large_image\" \/>\n<meta name=\"twitter:label1\" content=\"Est. reading time\" \/>\n\t<meta name=\"twitter:data1\" content=\"4 minute\" \/>\n<script type=\"application\/ld+json\" class=\"yoast-schema-graph\">{\"@context\":\"https:\\\/\\\/schema.org\",\"@graph\":[{\"@type\":\"WebPage\",\"@id\":\"https:\\\/\\\/amtprojekt.si\\\/biological-wastewater-treatment-plant-2\\\/\",\"url\":\"https:\\\/\\\/amtprojekt.si\\\/biological-wastewater-treatment-plant-2\\\/\",\"name\":\"Biological wastewater treatment plant - AMT Projekt\",\"isPartOf\":{\"@id\":\"https:\\\/\\\/amtprojekt.si\\\/#website\"},\"primaryImageOfPage\":{\"@id\":\"https:\\\/\\\/amtprojekt.si\\\/biological-wastewater-treatment-plant-2\\\/#primaryimage\"},\"image\":{\"@id\":\"https:\\\/\\\/amtprojekt.si\\\/biological-wastewater-treatment-plant-2\\\/#primaryimage\"},\"thumbnailUrl\":\"https:\\\/\\\/amt-projekt.si\\\/common\\\/images\\\/pdf.png\",\"datePublished\":\"2022-06-10T09:43:28+00:00\",\"dateModified\":\"2025-06-17T10:19:23+00:00\",\"description\":\"The biological wastewater treatment plant is designed to purify the wastewater from ex. toilets, and other similar sources of pollution.\",\"breadcrumb\":{\"@id\":\"https:\\\/\\\/amtprojekt.si\\\/biological-wastewater-treatment-plant-2\\\/#breadcrumb\"},\"inLanguage\":\"sl-SI\",\"potentialAction\":[{\"@type\":\"ReadAction\",\"target\":[\"https:\\\/\\\/amtprojekt.si\\\/biological-wastewater-treatment-plant-2\\\/\"]}]},{\"@type\":\"ImageObject\",\"inLanguage\":\"sl-SI\",\"@id\":\"https:\\\/\\\/amtprojekt.si\\\/biological-wastewater-treatment-plant-2\\\/#primaryimage\",\"url\":\"https:\\\/\\\/amt-projekt.si\\\/common\\\/images\\\/pdf.png\",\"contentUrl\":\"https:\\\/\\\/amt-projekt.si\\\/common\\\/images\\\/pdf.png\"},{\"@type\":\"BreadcrumbList\",\"@id\":\"https:\\\/\\\/amtprojekt.si\\\/biological-wastewater-treatment-plant-2\\\/#breadcrumb\",\"itemListElement\":[{\"@type\":\"ListItem\",\"position\":1,\"name\":\"Hem\",\"item\":\"https:\\\/\\\/amtprojekt.si\\\/\"},{\"@type\":\"ListItem\",\"position\":2,\"name\":\"Biological wastewater treatment plant\"}]},{\"@type\":\"WebSite\",\"@id\":\"https:\\\/\\\/amtprojekt.si\\\/#website\",\"url\":\"https:\\\/\\\/amtprojekt.si\\\/\",\"name\":\"AMT Projekt\",\"description\":\"producer and seller of products for the construction of communal infrastructure.\",\"potentialAction\":[{\"@type\":\"SearchAction\",\"target\":{\"@type\":\"EntryPoint\",\"urlTemplate\":\"https:\\\/\\\/amtprojekt.si\\\/?s={search_term_string}\"},\"query-input\":{\"@type\":\"PropertyValueSpecification\",\"valueRequired\":true,\"valueName\":\"search_term_string\"}}],\"inLanguage\":\"sl-SI\"}]}<\/script>\n<!-- \/ Yoast SEO plugin. -->","yoast_head_json":{"title":"Biological wastewater treatment plant - AMT Projekt","description":"The biological wastewater treatment plant is designed to purify the wastewater from ex. toilets, and other similar sources of pollution.","robots":{"index":"index","follow":"follow","max-snippet":"max-snippet:-1","max-image-preview":"max-image-preview:large","max-video-preview":"max-video-preview:-1"},"canonical":"https:\/\/amtprojekt.si\/sl\/biological-wastewater-treatment-plant-2\/","og_locale":"sl_SI","og_type":"article","og_title":"Biological wastewater treatment plant - AMT Projekt","og_description":"The biological wastewater treatment plant is designed to purify the wastewater from ex. toilets, and other similar sources of pollution.","og_url":"https:\/\/amtprojekt.si\/sl\/biological-wastewater-treatment-plant-2\/","og_site_name":"AMT Projekt","article_modified_time":"2025-06-17T10:19:23+00:00","og_image":[{"url":"https:\/\/amt-projekt.si\/common\/images\/pdf.png","type":"","width":"","height":""}],"twitter_card":"summary_large_image","twitter_misc":{"Est. reading time":"4 minute"},"schema":{"@context":"https:\/\/schema.org","@graph":[{"@type":"WebPage","@id":"https:\/\/amtprojekt.si\/biological-wastewater-treatment-plant-2\/","url":"https:\/\/amtprojekt.si\/biological-wastewater-treatment-plant-2\/","name":"Biological wastewater treatment plant - AMT Projekt","isPartOf":{"@id":"https:\/\/amtprojekt.si\/#website"},"primaryImageOfPage":{"@id":"https:\/\/amtprojekt.si\/biological-wastewater-treatment-plant-2\/#primaryimage"},"image":{"@id":"https:\/\/amtprojekt.si\/biological-wastewater-treatment-plant-2\/#primaryimage"},"thumbnailUrl":"https:\/\/amt-projekt.si\/common\/images\/pdf.png","datePublished":"2022-06-10T09:43:28+00:00","dateModified":"2025-06-17T10:19:23+00:00","description":"The biological wastewater treatment plant is designed to purify the wastewater from ex. toilets, and other similar sources of pollution.","breadcrumb":{"@id":"https:\/\/amtprojekt.si\/biological-wastewater-treatment-plant-2\/#breadcrumb"},"inLanguage":"sl-SI","potentialAction":[{"@type":"ReadAction","target":["https:\/\/amtprojekt.si\/biological-wastewater-treatment-plant-2\/"]}]},{"@type":"ImageObject","inLanguage":"sl-SI","@id":"https:\/\/amtprojekt.si\/biological-wastewater-treatment-plant-2\/#primaryimage","url":"https:\/\/amt-projekt.si\/common\/images\/pdf.png","contentUrl":"https:\/\/amt-projekt.si\/common\/images\/pdf.png"},{"@type":"BreadcrumbList","@id":"https:\/\/amtprojekt.si\/biological-wastewater-treatment-plant-2\/#breadcrumb","itemListElement":[{"@type":"ListItem","position":1,"name":"Hem","item":"https:\/\/amtprojekt.si\/"},{"@type":"ListItem","position":2,"name":"Biological wastewater treatment plant"}]},{"@type":"WebSite","@id":"https:\/\/amtprojekt.si\/#website","url":"https:\/\/amtprojekt.si\/","name":"AMT Projekt","description":"producer and seller of products for the construction of communal infrastructure.","potentialAction":[{"@type":"SearchAction","target":{"@type":"EntryPoint","urlTemplate":"https:\/\/amtprojekt.si\/?s={search_term_string}"},"query-input":{"@type":"PropertyValueSpecification","valueRequired":true,"valueName":"search_term_string"}}],"inLanguage":"sl-SI"}]}},"_links":{"self":[{"href":"https:\/\/amtprojekt.si\/sl\/wp-json\/wp\/v2\/pages\/17951","targetHints":{"allow":["GET"]}}],"collection":[{"href":"https:\/\/amtprojekt.si\/sl\/wp-json\/wp\/v2\/pages"}],"about":[{"href":"https:\/\/amtprojekt.si\/sl\/wp-json\/wp\/v2\/types\/page"}],"author":[{"embeddable":true,"href":"https:\/\/amtprojekt.si\/sl\/wp-json\/wp\/v2\/users\/1"}],"replies":[{"embeddable":true,"href":"https:\/\/amtprojekt.si\/sl\/wp-json\/wp\/v2\/comments?post=17951"}],"version-history":[{"count":8,"href":"https:\/\/amtprojekt.si\/sl\/wp-json\/wp\/v2\/pages\/17951\/revisions"}],"predecessor-version":[{"id":19126,"href":"https:\/\/amtprojekt.si\/sl\/wp-json\/wp\/v2\/pages\/17951\/revisions\/19126"}],"wp:attachment":[{"href":"https:\/\/amtprojekt.si\/sl\/wp-json\/wp\/v2\/media?parent=17951"}],"curies":[{"name":"wp","href":"https:\/\/api.w.org\/{rel}","templated":true}]}}