{"id":17947,"date":"2022-06-10T11:41:48","date_gmt":"2022-06-10T09:41:48","guid":{"rendered":"https:\/\/amtprojekt.si\/?page_id=17947"},"modified":"2025-06-17T12:45:05","modified_gmt":"2025-06-17T10:45:05","slug":"grease-traps-2","status":"publish","type":"page","link":"https:\/\/amtprojekt.si\/sl\/grease-traps-2\/","title":{"rendered":"Lovilci ma\u0161\u010dob"},"content":{"rendered":"<div id=\"fws_69d759981fa4d\"  data-column-margin=\"default\" data-midnight=\"dark\" data-top-percent=\"4%\" data-bottom-percent=\"4%\"  class=\"wpb_row vc_row-fluid vc_row full-width-section vc_row-o-equal-height vc_row-flex vc_row-o-content-middle parallax_section\"  style=\"padding-top: calc(100vw * 0.04); padding-bottom: calc(100vw * 0.04); \"><div class=\"row-bg-wrap\" data-bg-animation=\"none\" data-bg-overlay=\"false\"><div class=\"inner-wrap using-image\"><div class=\"row-bg viewport-desktop using-image using-bg-color\" data-parallax-speed=\"fast\" style=\"background-position: left top; background-repeat: no-repeat; background-color: #f4f4f4; \"><\/div><\/div><\/div><div class=\"row_col_wrap_12 col span_12 dark left\">\n\t<div  class=\"vc_col-sm-4 wpb_column column_container vc_column_container col no-extra-padding inherit_tablet inherit_phone\"  data-padding-pos=\"all\" data-has-bg-color=\"false\" data-bg-color=\"\" data-bg-opacity=\"1\" data-animation=\"\" data-delay=\"0\" >\n\t\t<div class=\"vc_column-inner\" >\n\t\t\t<div class=\"wpb_wrapper\">\n\t\t\t\t<div class=\"img-with-aniamtion-wrap center\" data-max-width=\"100%\" data-max-width-mobile=\"default\" data-border-radius=\"10px\" data-shadow=\"x_large_depth\" data-animation=\"fade-in-from-left\" >\r\n      <div class=\"inner\">\r\n        <div class=\"hover-wrap\"> \r\n          <div class=\"hover-wrap-inner\">\r\n            <img loading=\"lazy\" decoding=\"async\" class=\"img-with-animation skip-lazy\" data-delay=\"0\" height=\"600\" width=\"800\" data-animation=\"fade-in-from-left\" src=\"https:\/\/amtprojekt.si\/wp-content\/uploads\/2022\/06\/a54abf904ec8.jpeg\" alt=\"\" srcset=\"https:\/\/amtprojekt.si\/wp-content\/uploads\/2022\/06\/a54abf904ec8.jpeg 800w, https:\/\/amtprojekt.si\/wp-content\/uploads\/2022\/06\/a54abf904ec8-300x225.jpeg 300w, https:\/\/amtprojekt.si\/wp-content\/uploads\/2022\/06\/a54abf904ec8-768x576.jpeg 768w\" sizes=\"auto, (max-width: 800px) 100vw, 800px\" \/>\r\n          <\/div>\r\n        <\/div>\r\n      <\/div>\r\n    <\/div>\n\t\t\t<\/div> \n\t\t<\/div>\n\t<\/div> \n\n\t<div  class=\"vc_col-sm-8 wpb_column column_container vc_column_container col padding-5-percent inherit_tablet inherit_phone\"  data-padding-pos=\"all\" data-has-bg-color=\"false\" data-bg-color=\"\" data-bg-opacity=\"1\" data-animation=\"\" data-delay=\"0\" >\n\t\t<div class=\"vc_column-inner\" >\n\t\t\t<div class=\"wpb_wrapper\">\n\t\t\t\t<div id=\"fws_69d75998214b0\" data-midnight=\"\" data-column-margin=\"default\" class=\"wpb_row vc_row-fluid vc_row inner_row\"  style=\"\"><div class=\"row-bg-wrap\"> <div class=\"row-bg\" ><\/div> <\/div><div class=\"row_col_wrap_12_inner col span_12  left\">\n\t<div  class=\"vc_col-sm-12 wpb_column column_container vc_column_container col child_column has-animation no-extra-padding inherit_tablet inherit_phone\"   data-padding-pos=\"all\" data-has-bg-color=\"false\" data-bg-color=\"\" data-bg-opacity=\"1\" data-animation=\"fade-in\" data-delay=\"0\" >\n\t\t<div class=\"vc_column-inner\" >\n\t\t<div class=\"wpb_wrapper\">\n\t\t\t\r\n<div class=\"wpb_text_column wpb_content_element\" >\r\n\t<div class=\"wpb_wrapper\">\r\n\t\t<h1>Lovilci ma\u0161\u010dob<\/h1>\n\t<\/div>\r\n<\/div>\r\n\r\n\r\n\r\n\r\n<div class=\"wpb_text_column wpb_content_element\" >\r\n\t<div class=\"wpb_wrapper\">\r\n\t\t<p>Lovilci ma\u0161\u010dob se uporabljajo v industrijskih in gostinskih obratih, iz katerih lahko v okolje odte\u010dejo ma\u0161\u010dobe in olja rastlinskega in \u017eivalskega izvora. Njihova uporaba je obvezna v velikih kuhinjah v hotelih, bolni\u0161nicah, restavracijah, delilnicah hrane, klavnicah, obratih za predelavo mesa, itd.\nLovilec ma\u0161\u010dob ustreza zahtevam SIST EN 1825-1.<\/p>\n\t<\/div>\r\n<\/div>\r\n\r\n\r\n\r\n\n\t\t<\/div> \n\t<\/div>\n\t<\/div> \n<\/div><\/div>\n\t\t\t<\/div> \n\t\t<\/div>\n\t<\/div> \n<\/div><\/div>\r\n\t\t<div id=\"fws_69d7599821d77\"  data-column-margin=\"default\" data-midnight=\"dark\" data-top-percent=\"5%\"  class=\"wpb_row vc_row-fluid vc_row\"  style=\"padding-top: calc(100vw * 0.05); padding-bottom: 0px; \"><div class=\"row-bg-wrap\" data-bg-animation=\"none\" data-bg-overlay=\"false\"><div class=\"inner-wrap\"><div class=\"row-bg viewport-desktop\"  style=\"\"><\/div><\/div><\/div><div class=\"row_col_wrap_12 col span_12 dark left\">\n\t<div  class=\"vc_col-sm-3 wpb_column column_container vc_column_container col no-extra-padding inherit_tablet inherit_phone\"  data-padding-pos=\"all\" data-has-bg-color=\"false\" data-bg-color=\"\" data-bg-opacity=\"1\" data-animation=\"\" data-delay=\"0\" >\n\t\t<div class=\"vc_column-inner\" >\n\t\t\t<div class=\"wpb_wrapper\">\n\t\t\t\t\r\n<div class=\"wpb_text_column wpb_content_element\" >\r\n\t<div class=\"wpb_wrapper\">\r\n\t\t<div class=\"col-xs-18\">\n<div class=\"col-xs-18\">\n<div class=\"col-xs-18\">\n<div><img decoding=\"async\" class=\"fileWidget_image\" src=\"https:\/\/amt-projekt.si\/common\/images\/pdf.png\" alt=\"\" \/><\/div>\n<p><span class=\"web5_plain_text_wraper ng-isolate-scope\"><span class=\"web5_text_wrapper_static ng-scope\"><span class=\"web5_text_class ng-binding ng-scope\">Lovilci ma\u0161\u010dob<\/span><\/span><\/span><\/p>\n<\/div>\n<div class=\"col-xs-6 fileWidget_size\">\n<p><a class=\"fileWidget_download ng-binding\" href=\"https:\/\/amtprojekt.si\/wp-content\/uploads\/2022\/10\/Letak-LO-IN-LM_AMT-PROJEKT_SLO-oktober-2022.pdf\" target=\"_blank\" rel=\"noopener\">prenesi<\/a><\/p>\n<\/div>\n<\/div>\n<div class=\"col-xs-6 fileWidget_size\"><\/div>\n<\/div>\n\t<\/div>\r\n<\/div>\r\n\r\n\r\n\r\n\n\t\t\t<\/div> \n\t\t<\/div>\n\t<\/div> \n\n\t<div  class=\"vc_col-sm-3 wpb_column column_container vc_column_container col no-extra-padding inherit_tablet inherit_phone\"  data-padding-pos=\"all\" data-has-bg-color=\"false\" data-bg-color=\"\" data-bg-opacity=\"1\" data-animation=\"\" data-delay=\"0\" >\n\t\t<div class=\"vc_column-inner\" >\n\t\t\t<div class=\"wpb_wrapper\">\n\t\t\t\t\r\n<div class=\"wpb_text_column wpb_content_element\" >\r\n\t<div class=\"wpb_wrapper\">\r\n\t\t<div class=\"col-xs-18\">\n<div><img decoding=\"async\" class=\"fileWidget_image\" src=\"https:\/\/amt-projekt.si\/common\/images\/pdf.png\" alt=\"\" \/><\/div>\n<div><span class=\"web5_plain_text_wraper ng-isolate-scope\"><span class=\"web5_text_wrapper_static ng-scope\"><span class=\"web5_text_class ng-binding ng-scope\">LM NV 2<\/span><\/span><\/span><\/div>\n<div><a class=\"fileWidget_download ng-binding\" href=\"https:\/\/amtprojekt.si\/wp-content\/uploads\/2022\/11\/Mascobnik_NV2.pdf\" target=\"_blank\" rel=\"noopener\">prenesi<\/a><\/div>\n<\/div>\n\t<\/div>\r\n<\/div>\r\n\r\n\r\n\r\n\n\t\t\t<\/div> \n\t\t<\/div>\n\t<\/div> \n\n\t<div  class=\"vc_col-sm-3 wpb_column column_container vc_column_container col no-extra-padding inherit_tablet inherit_phone\"  data-padding-pos=\"all\" data-has-bg-color=\"false\" data-bg-color=\"\" data-bg-opacity=\"1\" data-animation=\"\" data-delay=\"0\" >\n\t\t<div class=\"vc_column-inner\" >\n\t\t\t<div class=\"wpb_wrapper\">\n\t\t\t\t\r\n<div class=\"wpb_text_column wpb_content_element\" >\r\n\t<div class=\"wpb_wrapper\">\r\n\t\t<div class=\"col-xs-18\">\n<div class=\"col-xs-18\">\n<div class=\"col-xs-18\">\n<div><img decoding=\"async\" class=\"fileWidget_image\" src=\"https:\/\/amt-projekt.si\/common\/images\/pdf.png\" alt=\"\" \/><\/div>\n<p><span class=\"web5_plain_text_wraper ng-isolate-scope\"><span class=\"web5_text_wrapper_static ng-scope\"><span class=\"web5_text_class ng-binding ng-scope\">LM NV 4<\/span><\/span><\/span><\/p>\n<\/div>\n<div class=\"col-xs-6 fileWidget_size\">\n<p><a class=\"fileWidget_download ng-binding\" href=\"https:\/\/amtprojekt.si\/wp-content\/uploads\/2022\/11\/Mascobnik_NV4.pdf\" target=\"_blank\" rel=\"noopener\">prenesi<\/a><\/p>\n<\/div>\n<\/div>\n<div class=\"col-xs-6 fileWidget_size\"><\/div>\n<\/div>\n\t<\/div>\r\n<\/div>\r\n\r\n\r\n\r\n\n\t\t\t<\/div> \n\t\t<\/div>\n\t<\/div> \n\n\t<div  class=\"vc_col-sm-3 wpb_column column_container vc_column_container col no-extra-padding inherit_tablet inherit_phone\"  data-padding-pos=\"all\" data-has-bg-color=\"false\" data-bg-color=\"\" data-bg-opacity=\"1\" data-animation=\"\" data-delay=\"0\" >\n\t\t<div class=\"vc_column-inner\" >\n\t\t\t<div class=\"wpb_wrapper\">\n\t\t\t\t\r\n<div class=\"wpb_text_column wpb_content_element\" >\r\n\t<div class=\"wpb_wrapper\">\r\n\t\t<div class=\"col-xs-18\">\n<div class=\"col-xs-18\">\n<div class=\"col-xs-18\">\n<div><img decoding=\"async\" class=\"fileWidget_image\" src=\"https:\/\/amt-projekt.si\/common\/images\/pdf.png\" alt=\"\" \/><\/div>\n<p><span class=\"web5_plain_text_wraper ng-isolate-scope\"><span class=\"web5_text_wrapper_static ng-scope\"><span class=\"web5_text_class ng-binding ng-scope\">LM NV 6<\/span><\/span><\/span><\/p>\n<\/div>\n<div class=\"col-xs-6 fileWidget_size\">\n<p><a class=\"fileWidget_download ng-binding\" href=\"https:\/\/amtprojekt.si\/wp-content\/uploads\/2022\/11\/Mascobnik_NV6.pdf\" target=\"_blank\" rel=\"noopener\">prenesi<\/a><\/p>\n<\/div>\n<\/div>\n<div class=\"col-xs-6 fileWidget_size\"><\/div>\n<\/div>\n\t<\/div>\r\n<\/div>\r\n\r\n\r\n\r\n\n\t\t\t<\/div> \n\t\t<\/div>\n\t<\/div> \n<\/div><\/div>\r\n\t\t<div id=\"fws_69d75998228e1\"  data-column-margin=\"default\" data-midnight=\"dark\" data-top-percent=\"5%\"  class=\"wpb_row vc_row-fluid vc_row\"  style=\"padding-top: calc(100vw * 0.05); padding-bottom: 0px; \"><div class=\"row-bg-wrap\" data-bg-animation=\"none\" data-bg-overlay=\"false\"><div class=\"inner-wrap\"><div class=\"row-bg viewport-desktop\"  style=\"\"><\/div><\/div><\/div><div class=\"row_col_wrap_12 col span_12 dark left\">\n\t<div  class=\"vc_col-sm-3 wpb_column column_container vc_column_container col no-extra-padding inherit_tablet inherit_phone\"  data-padding-pos=\"all\" data-has-bg-color=\"false\" data-bg-color=\"\" data-bg-opacity=\"1\" data-animation=\"\" data-delay=\"0\" >\n\t\t<div class=\"vc_column-inner\" >\n\t\t\t<div class=\"wpb_wrapper\">\n\t\t\t\t\r\n<div class=\"wpb_text_column wpb_content_element\" >\r\n\t<div class=\"wpb_wrapper\">\r\n\t\t<div class=\"col-xs-18\">\n<div class=\"col-xs-18\">\n<div class=\"col-xs-18\">\n<div class=\"col-xs-18\">\n<div><img decoding=\"async\" class=\"fileWidget_image\" src=\"https:\/\/amt-projekt.si\/common\/images\/pdf.png\" alt=\"\" \/><\/div>\n<p><span class=\"web5_plain_text_wraper ng-isolate-scope\"><span class=\"web5_text_wrapper_static ng-scope\"><span class=\"web5_text_class ng-binding ng-scope\">LM NV 7<\/span><\/span><\/span><\/p>\n<\/div>\n<div class=\"col-xs-6 fileWidget_size\">\n<p><a class=\"fileWidget_download ng-binding\" href=\"https:\/\/amtprojekt.si\/wp-content\/uploads\/2022\/11\/Mascobnik_NV7.pdf\" target=\"_blank\" rel=\"noopener\">prenesi<\/a><\/p>\n<\/div>\n<\/div>\n<\/div>\n<\/div>\n\t<\/div>\r\n<\/div>\r\n\r\n\r\n\r\n\n\t\t\t<\/div> \n\t\t<\/div>\n\t<\/div> \n\n\t<div  class=\"vc_col-sm-3 wpb_column column_container vc_column_container col no-extra-padding inherit_tablet inherit_phone\"  data-padding-pos=\"all\" data-has-bg-color=\"false\" data-bg-color=\"\" data-bg-opacity=\"1\" data-animation=\"\" data-delay=\"0\" >\n\t\t<div class=\"vc_column-inner\" >\n\t\t\t<div class=\"wpb_wrapper\">\n\t\t\t\t\r\n<div class=\"wpb_text_column wpb_content_element\" >\r\n\t<div class=\"wpb_wrapper\">\r\n\t\t<div class=\"col-xs-18\">\n<div class=\"col-xs-18\">\n<div class=\"col-xs-18\">\n<div><img decoding=\"async\" class=\"fileWidget_image\" src=\"https:\/\/amt-projekt.si\/common\/images\/pdf.png\" alt=\"\" \/><\/div>\n<p><span class=\"web5_plain_text_wraper ng-isolate-scope\"><span class=\"web5_text_wrapper_static ng-scope\"><span class=\"web5_text_class ng-binding ng-scope\">LM NV 10<\/span><\/span><\/span><\/p>\n<\/div>\n<div class=\"col-xs-6 fileWidget_size\">\n<p><a class=\"fileWidget_download ng-binding\" href=\"https:\/\/amtprojekt.si\/wp-content\/uploads\/2022\/11\/Mascobnik_NV10-22.11.pdf\" target=\"_blank\" rel=\"noopener\">prenesi<\/a><\/p>\n<\/div>\n<\/div>\n<div class=\"col-xs-6 fileWidget_size\"><\/div>\n<\/div>\n\t<\/div>\r\n<\/div>\r\n\r\n\r\n\r\n\n\t\t\t<\/div> \n\t\t<\/div>\n\t<\/div> \n\n\t<div  class=\"vc_col-sm-3 wpb_column column_container vc_column_container col no-extra-padding inherit_tablet inherit_phone\"  data-padding-pos=\"all\" data-has-bg-color=\"false\" data-bg-color=\"\" data-bg-opacity=\"1\" data-animation=\"\" data-delay=\"0\" >\n\t\t<div class=\"vc_column-inner\" >\n\t\t\t<div class=\"wpb_wrapper\">\n\t\t\t\t\r\n<div class=\"wpb_text_column wpb_content_element\" >\r\n\t<div class=\"wpb_wrapper\">\r\n\t\t<div class=\"col-xs-18\">\n<div class=\"col-xs-18\">\n<div class=\"col-xs-18\">\n<div class=\"col-xs-18\">\n<div><img decoding=\"async\" class=\"fileWidget_image\" src=\"https:\/\/amt-projekt.si\/common\/images\/pdf.png\" alt=\"\" \/><\/div>\n<p><span class=\"web5_plain_text_wraper ng-isolate-scope\"><span class=\"web5_text_wrapper_static ng-scope\"><span class=\"web5_text_class ng-binding ng-scope\">LM NV 15<\/span><\/span><\/span><\/p>\n<\/div>\n<div class=\"col-xs-6 fileWidget_size\">\n<p><a class=\"fileWidget_download ng-binding\" href=\"https:\/\/amtprojekt.si\/wp-content\/uploads\/2022\/11\/Mascobnik_NV15.pdf\" target=\"_blank\" rel=\"noopener\">prenesi<\/a><\/p>\n<\/div>\n<\/div>\n<\/div>\n<\/div>\n\t<\/div>\r\n<\/div>\r\n\r\n\r\n\r\n\n\t\t\t<\/div> \n\t\t<\/div>\n\t<\/div> \n\n\t<div  class=\"vc_col-sm-3 wpb_column column_container vc_column_container col no-extra-padding inherit_tablet inherit_phone\"  data-padding-pos=\"all\" data-has-bg-color=\"false\" data-bg-color=\"\" data-bg-opacity=\"1\" data-animation=\"\" data-delay=\"0\" >\n\t\t<div class=\"vc_column-inner\" >\n\t\t\t<div class=\"wpb_wrapper\">\n\t\t\t\t\r\n<div class=\"wpb_text_column wpb_content_element\" >\r\n\t<div class=\"wpb_wrapper\">\r\n\t\t<div class=\"col-xs-18\">\n<div class=\"col-xs-18\">\n<div class=\"col-xs-18\">\n<div class=\"col-xs-18\">\n<div><img decoding=\"async\" class=\"fileWidget_image\" src=\"https:\/\/amt-projekt.si\/common\/images\/pdf.png\" alt=\"\" \/><\/div>\n<p><span class=\"web5_plain_text_wraper ng-isolate-scope\"><span class=\"web5_text_wrapper_static ng-scope\"><span class=\"web5_text_class ng-binding ng-scope\">LM NV 20<\/span><\/span><\/span><\/p>\n<\/div>\n<div class=\"col-xs-6 fileWidget_size\">\n<p><a class=\"fileWidget_download ng-binding\" href=\"https:\/\/amtprojekt.si\/wp-content\/uploads\/2022\/11\/Mascobnik_NV20.pdf\" target=\"_blank\" rel=\"noopener\">prenesi<\/a><\/p>\n<\/div>\n<\/div>\n<\/div>\n<\/div>\n\t<\/div>\r\n<\/div>\r\n\r\n\r\n\r\n\n\t\t\t<\/div> \n\t\t<\/div>\n\t<\/div> \n<\/div><\/div>\r\n\t\t<div id=\"fws_69d7599823512\"  data-column-margin=\"default\" data-midnight=\"dark\" data-top-percent=\"5%\"  class=\"wpb_row vc_row-fluid vc_row\"  style=\"padding-top: calc(100vw * 0.05); padding-bottom: 0px; \"><div class=\"row-bg-wrap\" data-bg-animation=\"none\" data-bg-overlay=\"false\"><div class=\"inner-wrap\"><div class=\"row-bg viewport-desktop\"  style=\"\"><\/div><\/div><\/div><div class=\"row_col_wrap_12 col span_12 dark left\">\n\t<div  class=\"vc_col-sm-3 wpb_column column_container vc_column_container col no-extra-padding inherit_tablet inherit_phone\"  data-padding-pos=\"all\" data-has-bg-color=\"false\" data-bg-color=\"\" data-bg-opacity=\"1\" data-animation=\"\" data-delay=\"0\" >\n\t\t<div class=\"vc_column-inner\" >\n\t\t\t<div class=\"wpb_wrapper\">\n\t\t\t\t\r\n<div class=\"wpb_text_column wpb_content_element\" >\r\n\t<div class=\"wpb_wrapper\">\r\n\t\t<div class=\"col-xs-18\">\n<div class=\"col-xs-18\">\n<div class=\"col-xs-18\">\n<div class=\"col-xs-18\">\n<div class=\"col-xs-18\">\n<div class=\"col-xs-18\">\n<div><img decoding=\"async\" class=\"fileWidget_image\" src=\"https:\/\/amt-projekt.si\/common\/images\/pdf.png\" alt=\"\" \/><\/div>\n<p><span class=\"web5_plain_text_wraper ng-isolate-scope\"><span class=\"web5_text_wrapper_static ng-scope\"><span class=\"web5_text_class ng-binding ng-scope\">LM NV 25<\/span><\/span><\/span><\/p>\n<\/div>\n<div class=\"col-xs-6 fileWidget_size\">\n<p><a class=\"fileWidget_download ng-binding\" href=\"https:\/\/amtprojekt.si\/wp-content\/uploads\/2022\/11\/Mascobnik_NV25.pdf\" target=\"_blank\" rel=\"noopener\">prenesi<\/a><\/p>\n<\/div>\n<\/div>\n<\/div>\n<\/div>\n<\/div>\n<\/div>\n\t<\/div>\r\n<\/div>\r\n\r\n\r\n\r\n\n\t\t\t<\/div> \n\t\t<\/div>\n\t<\/div> \n\n\t<div  class=\"vc_col-sm-3 wpb_column column_container vc_column_container col no-extra-padding inherit_tablet inherit_phone\"  data-padding-pos=\"all\" data-has-bg-color=\"false\" data-bg-color=\"\" data-bg-opacity=\"1\" data-animation=\"\" data-delay=\"0\" >\n\t\t<div class=\"vc_column-inner\" >\n\t\t\t<div class=\"wpb_wrapper\">\n\t\t\t\t\n\t\t\t<\/div> \n\t\t<\/div>\n\t<\/div> \n\n\t<div  class=\"vc_col-sm-3 wpb_column column_container vc_column_container col no-extra-padding inherit_tablet inherit_phone\"  data-padding-pos=\"all\" data-has-bg-color=\"false\" data-bg-color=\"\" data-bg-opacity=\"1\" data-animation=\"\" data-delay=\"0\" >\n\t\t<div class=\"vc_column-inner\" >\n\t\t\t<div class=\"wpb_wrapper\">\n\t\t\t\t\n\t\t\t<\/div> \n\t\t<\/div>\n\t<\/div> \n\n\t<div  class=\"vc_col-sm-3 wpb_column column_container vc_column_container col no-extra-padding inherit_tablet inherit_phone\"  data-padding-pos=\"all\" data-has-bg-color=\"false\" data-bg-color=\"\" data-bg-opacity=\"1\" data-animation=\"\" data-delay=\"0\" >\n\t\t<div class=\"vc_column-inner\" >\n\t\t\t<div class=\"wpb_wrapper\">\n\t\t\t\t\n\t\t\t<\/div> \n\t\t<\/div>\n\t<\/div> \n<\/div><\/div>\r\n\t\t<div id=\"fws_69d7599823c1c\"  data-column-margin=\"default\" data-midnight=\"dark\" data-bottom-percent=\"5%\"  class=\"wpb_row vc_row-fluid vc_row\"  style=\"padding-top: 0px; padding-bottom: calc(100vw * 0.05); \"><div class=\"row-bg-wrap\" data-bg-animation=\"none\" data-bg-overlay=\"false\"><div class=\"inner-wrap\"><div class=\"row-bg viewport-desktop\"  style=\"\"><\/div><\/div><\/div><div class=\"row_col_wrap_12 col span_12 dark left\">\n\t<div  class=\"vc_col-sm-12 wpb_column column_container vc_column_container col no-extra-padding inherit_tablet inherit_phone\"  data-padding-pos=\"all\" data-has-bg-color=\"false\" data-bg-color=\"\" data-bg-opacity=\"1\" data-animation=\"\" data-delay=\"0\" >\n\t\t<div class=\"vc_column-inner\" >\n\t\t\t<div class=\"wpb_wrapper\">\n\t\t\t\t\n\t\t\t<\/div> \n\t\t<\/div>\n\t<\/div> \n<\/div><\/div>","protected":false},"excerpt":{"rendered":"Grease traps Grease traps are often used by industries and catering establishments where grease and oils of organic origin can be released into the environment. For example, they are common in large kitchens, hotels, hospitals, restaurants etc. Grease traps download Grease trap NV 2 download Grease trap NV 4 download Grease trap NV 6 download Grease trap NV 7 download Grease trap NV 10 download...","protected":false},"author":1,"featured_media":0,"parent":0,"menu_order":0,"comment_status":"closed","ping_status":"closed","template":"","meta":{"footnotes":""},"class_list":["post-17947","page","type-page","status-publish"],"yoast_head":"<!-- This site is optimized with the Yoast SEO plugin v27.3 - https:\/\/yoast.com\/product\/yoast-seo-wordpress\/ -->\n<title>Grease traps - AMT Projekt<\/title>\n<meta name=\"description\" content=\"Often used by industries and catering establishments where grease and oils of organic origin can be released into the environment.\" \/>\n<meta name=\"robots\" content=\"index, follow, max-snippet:-1, max-image-preview:large, max-video-preview:-1\" \/>\n<link rel=\"canonical\" href=\"https:\/\/amtprojekt.si\/sl\/grease-traps-2\/\" \/>\n<meta property=\"og:locale\" content=\"sl_SI\" \/>\n<meta property=\"og:type\" content=\"article\" \/>\n<meta property=\"og:title\" content=\"Grease traps - AMT Projekt\" \/>\n<meta property=\"og:description\" content=\"Often used by industries and catering establishments where grease and oils of organic origin can be released into the environment.\" \/>\n<meta property=\"og:url\" content=\"https:\/\/amtprojekt.si\/sl\/grease-traps-2\/\" \/>\n<meta property=\"og:site_name\" content=\"AMT Projekt\" \/>\n<meta property=\"article:modified_time\" content=\"2025-06-17T10:45:05+00:00\" \/>\n<meta property=\"og:image\" content=\"https:\/\/amt-projekt.si\/common\/images\/pdf.png\" \/>\n<meta name=\"twitter:card\" content=\"summary_large_image\" \/>\n<meta name=\"twitter:label1\" content=\"Est. reading time\" \/>\n\t<meta name=\"twitter:data1\" content=\"5 minut\" \/>\n<script type=\"application\/ld+json\" class=\"yoast-schema-graph\">{\"@context\":\"https:\\\/\\\/schema.org\",\"@graph\":[{\"@type\":\"WebPage\",\"@id\":\"https:\\\/\\\/amtprojekt.si\\\/grease-traps-2\\\/\",\"url\":\"https:\\\/\\\/amtprojekt.si\\\/grease-traps-2\\\/\",\"name\":\"Grease traps - AMT Projekt\",\"isPartOf\":{\"@id\":\"https:\\\/\\\/amtprojekt.si\\\/#website\"},\"primaryImageOfPage\":{\"@id\":\"https:\\\/\\\/amtprojekt.si\\\/grease-traps-2\\\/#primaryimage\"},\"image\":{\"@id\":\"https:\\\/\\\/amtprojekt.si\\\/grease-traps-2\\\/#primaryimage\"},\"thumbnailUrl\":\"https:\\\/\\\/amt-projekt.si\\\/common\\\/images\\\/pdf.png\",\"datePublished\":\"2022-06-10T09:41:48+00:00\",\"dateModified\":\"2025-06-17T10:45:05+00:00\",\"description\":\"Often used by industries and catering establishments where grease and oils of organic origin can be released into the environment.\",\"breadcrumb\":{\"@id\":\"https:\\\/\\\/amtprojekt.si\\\/grease-traps-2\\\/#breadcrumb\"},\"inLanguage\":\"sl-SI\",\"potentialAction\":[{\"@type\":\"ReadAction\",\"target\":[\"https:\\\/\\\/amtprojekt.si\\\/grease-traps-2\\\/\"]}]},{\"@type\":\"ImageObject\",\"inLanguage\":\"sl-SI\",\"@id\":\"https:\\\/\\\/amtprojekt.si\\\/grease-traps-2\\\/#primaryimage\",\"url\":\"https:\\\/\\\/amt-projekt.si\\\/common\\\/images\\\/pdf.png\",\"contentUrl\":\"https:\\\/\\\/amt-projekt.si\\\/common\\\/images\\\/pdf.png\"},{\"@type\":\"BreadcrumbList\",\"@id\":\"https:\\\/\\\/amtprojekt.si\\\/grease-traps-2\\\/#breadcrumb\",\"itemListElement\":[{\"@type\":\"ListItem\",\"position\":1,\"name\":\"Hem\",\"item\":\"https:\\\/\\\/amtprojekt.si\\\/\"},{\"@type\":\"ListItem\",\"position\":2,\"name\":\"Grease traps\"}]},{\"@type\":\"WebSite\",\"@id\":\"https:\\\/\\\/amtprojekt.si\\\/#website\",\"url\":\"https:\\\/\\\/amtprojekt.si\\\/\",\"name\":\"AMT Projekt\",\"description\":\"producer and seller of products for the construction of communal infrastructure.\",\"potentialAction\":[{\"@type\":\"SearchAction\",\"target\":{\"@type\":\"EntryPoint\",\"urlTemplate\":\"https:\\\/\\\/amtprojekt.si\\\/?s={search_term_string}\"},\"query-input\":{\"@type\":\"PropertyValueSpecification\",\"valueRequired\":true,\"valueName\":\"search_term_string\"}}],\"inLanguage\":\"sl-SI\"}]}<\/script>\n<!-- \/ Yoast SEO plugin. -->","yoast_head_json":{"title":"Grease traps - AMT Projekt","description":"Often used by industries and catering establishments where grease and oils of organic origin can be released into the environment.","robots":{"index":"index","follow":"follow","max-snippet":"max-snippet:-1","max-image-preview":"max-image-preview:large","max-video-preview":"max-video-preview:-1"},"canonical":"https:\/\/amtprojekt.si\/sl\/grease-traps-2\/","og_locale":"sl_SI","og_type":"article","og_title":"Grease traps - AMT Projekt","og_description":"Often used by industries and catering establishments where grease and oils of organic origin can be released into the environment.","og_url":"https:\/\/amtprojekt.si\/sl\/grease-traps-2\/","og_site_name":"AMT Projekt","article_modified_time":"2025-06-17T10:45:05+00:00","og_image":[{"url":"https:\/\/amt-projekt.si\/common\/images\/pdf.png","type":"","width":"","height":""}],"twitter_card":"summary_large_image","twitter_misc":{"Est. reading time":"5 minut"},"schema":{"@context":"https:\/\/schema.org","@graph":[{"@type":"WebPage","@id":"https:\/\/amtprojekt.si\/grease-traps-2\/","url":"https:\/\/amtprojekt.si\/grease-traps-2\/","name":"Grease traps - AMT Projekt","isPartOf":{"@id":"https:\/\/amtprojekt.si\/#website"},"primaryImageOfPage":{"@id":"https:\/\/amtprojekt.si\/grease-traps-2\/#primaryimage"},"image":{"@id":"https:\/\/amtprojekt.si\/grease-traps-2\/#primaryimage"},"thumbnailUrl":"https:\/\/amt-projekt.si\/common\/images\/pdf.png","datePublished":"2022-06-10T09:41:48+00:00","dateModified":"2025-06-17T10:45:05+00:00","description":"Often used by industries and catering establishments where grease and oils of organic origin can be released into the environment.","breadcrumb":{"@id":"https:\/\/amtprojekt.si\/grease-traps-2\/#breadcrumb"},"inLanguage":"sl-SI","potentialAction":[{"@type":"ReadAction","target":["https:\/\/amtprojekt.si\/grease-traps-2\/"]}]},{"@type":"ImageObject","inLanguage":"sl-SI","@id":"https:\/\/amtprojekt.si\/grease-traps-2\/#primaryimage","url":"https:\/\/amt-projekt.si\/common\/images\/pdf.png","contentUrl":"https:\/\/amt-projekt.si\/common\/images\/pdf.png"},{"@type":"BreadcrumbList","@id":"https:\/\/amtprojekt.si\/grease-traps-2\/#breadcrumb","itemListElement":[{"@type":"ListItem","position":1,"name":"Hem","item":"https:\/\/amtprojekt.si\/"},{"@type":"ListItem","position":2,"name":"Grease traps"}]},{"@type":"WebSite","@id":"https:\/\/amtprojekt.si\/#website","url":"https:\/\/amtprojekt.si\/","name":"AMT Projekt","description":"producer and seller of products for the construction of communal infrastructure.","potentialAction":[{"@type":"SearchAction","target":{"@type":"EntryPoint","urlTemplate":"https:\/\/amtprojekt.si\/?s={search_term_string}"},"query-input":{"@type":"PropertyValueSpecification","valueRequired":true,"valueName":"search_term_string"}}],"inLanguage":"sl-SI"}]}},"_links":{"self":[{"href":"https:\/\/amtprojekt.si\/sl\/wp-json\/wp\/v2\/pages\/17947","targetHints":{"allow":["GET"]}}],"collection":[{"href":"https:\/\/amtprojekt.si\/sl\/wp-json\/wp\/v2\/pages"}],"about":[{"href":"https:\/\/amtprojekt.si\/sl\/wp-json\/wp\/v2\/types\/page"}],"author":[{"embeddable":true,"href":"https:\/\/amtprojekt.si\/sl\/wp-json\/wp\/v2\/users\/1"}],"replies":[{"embeddable":true,"href":"https:\/\/amtprojekt.si\/sl\/wp-json\/wp\/v2\/comments?post=17947"}],"version-history":[{"count":6,"href":"https:\/\/amtprojekt.si\/sl\/wp-json\/wp\/v2\/pages\/17947\/revisions"}],"predecessor-version":[{"id":19129,"href":"https:\/\/amtprojekt.si\/sl\/wp-json\/wp\/v2\/pages\/17947\/revisions\/19129"}],"wp:attachment":[{"href":"https:\/\/amtprojekt.si\/sl\/wp-json\/wp\/v2\/media?parent=17947"}],"curies":[{"name":"wp","href":"https:\/\/api.w.org\/{rel}","templated":true}]}}