{"id":15069,"date":"2022-03-16T10:30:03","date_gmt":"2022-03-16T09:30:03","guid":{"rendered":"https:\/\/amtprojekt.si\/?page_id=15069"},"modified":"2023-09-25T09:05:37","modified_gmt":"2023-09-25T07:05:37","slug":"about-us","status":"publish","type":"page","link":"https:\/\/amtprojekt.si\/sl\/about-us\/","title":{"rendered":"O podjetju"},"content":{"rendered":"<div id=\"fws_69e234abab78d\"  data-column-margin=\"default\" data-midnight=\"dark\"  class=\"wpb_row vc_row-fluid vc_row full-width-content vc_row-o-equal-height vc_row-flex vc_row-o-content-middle\"  style=\"padding-top: 0px; padding-bottom: 0px; \"><div class=\"row-bg-wrap\" data-bg-animation=\"none\" data-bg-overlay=\"false\"><div class=\"inner-wrap\"><div class=\"row-bg viewport-desktop\"  style=\"\"><\/div><\/div><div class=\"row-bg-overlay\" style=\"background:radial-gradient(circle at top left, rgb(255, 200, 129) 0%, rgba(243, 243, 243, 0) 33%);\"><\/div><\/div><div class=\"row_col_wrap_12 col span_12 dark left\">\n\t<div  class=\"vc_col-sm-6 wpb_column column_container vc_column_container col padding-5-percent inherit_tablet inherit_phone\"  data-padding-pos=\"all\" data-has-bg-color=\"false\" data-bg-color=\"\" data-bg-opacity=\"1\" data-animation=\"\" data-delay=\"0\" >\n\t\t<div class=\"vc_column-inner\" >\n\t\t\t<div class=\"wpb_wrapper\">\n\t\t\t\t<div id=\"fws_69e234ababc84\" data-midnight=\"\" data-column-margin=\"default\" class=\"wpb_row vc_row-fluid vc_row inner_row\"  style=\"\"><div class=\"row-bg-wrap\"> <div class=\"row-bg\" ><\/div> <\/div><div class=\"row_col_wrap_12_inner col span_12  left\">\n\t<div  class=\"vc_col-sm-12 wpb_column column_container vc_column_container col child_column has-animation no-extra-padding inherit_tablet inherit_phone\"   data-padding-pos=\"all\" data-has-bg-color=\"false\" data-bg-color=\"\" data-bg-opacity=\"1\" data-animation=\"fade-in-from-bottom\" data-delay=\"0\" >\n\t\t<div class=\"vc_column-inner\" >\n\t\t<div class=\"wpb_wrapper\">\n\t\t\t<h5 style=\"color: #000000;text-align: left\" class=\"vc_custom_heading vc_custom_1652349258037\" >This is AMT Projekt.<\/h5><h3 style=\"text-align: left\" class=\"vc_custom_heading translation-block\" >Podjetje AMT PROJEKT d.o.o. je proizvajalec in prodajalec proizvodov za izgradnjo komunalne infrastrukture (\u010distilne naprave, cisterne za vode, cisterne za kemikalije, lovilci olja in lovilci ma\u0161\u010dob, \u010drpali\u0161\u010da, greznice, ja\u0161ki, vodohrani,...). V prodajni program spadajo tudi cisterne za ladje\/barke (italijanski trg), nadzemne in prevozne cisterne (nem\u0161ki trg), deli iz poliestra za program marin, premaz proti pokanju in za ozna\u010devanje lesa (woodpol), vrata za delovne stroje (nem\u0161ki trg) ter razni proizvodi po naro\u010dilu.<\/h3>\r\n<div class=\"wpb_text_column wpb_content_element\" >\r\n\t<div class=\"wpb_wrapper\">\r\n\t\t<div class=\"wpb_text_column wpb_content_element\">\n<div class=\"wpb_wrapper\">\n<div class=\"elementor-element elementor-element-f939b6d elementor-widget elementor-widget-heading\" data-id=\"f939b6d\" data-element_type=\"widget\" data-widget_type=\"heading.default\">\n<div class=\"elementor-widget-container\"><\/div>\n<\/div>\n<\/div>\n<\/div>\n<div id=\"fws_65112eb3189be\" class=\"wpb_row vc_row-fluid vc_row inner_row\" data-midnight=\"\" data-column-margin=\"default\">\n<div class=\"row-bg-wrap\">\n<div class=\"row-bg\"><\/div>\n<\/div>\n<div class=\"row_col_wrap_12_inner col span_12 left\">\n<div class=\"vc_col-sm-12 wpb_column column_container vc_column_container col child_column no-extra-padding inherit_tablet inherit_phone\" data-padding-pos=\"all\" data-has-bg-color=\"false\" data-bg-color=\"\" data-bg-opacity=\"1\" data-animation=\"\" data-delay=\"0\">\n<div class=\"vc_column-inner\">\n<div class=\"wpb_wrapper\">\n<div class=\"wpb_text_column wpb_content_element vc_custom_1667468055439\">\n<div class=\"wpb_wrapper\">\n<div class=\"elementor-element elementor-element-29784d43 elementor-widget elementor-widget-heading\" data-id=\"29784d43\" data-element_type=\"widget\" data-widget_type=\"heading.default\">\n<div class=\"elementor-widget-container\">\n<p>&nbsp;<\/p>\n<\/div>\n<\/div>\n<\/div>\n<\/div>\n<div class=\"wpb_text_column wpb_content_element vc_custom_1695027462853\">\n<div class=\"wpb_wrapper\">\n<div class=\"elementor-element elementor-element-29784d43 elementor-widget elementor-widget-heading\" data-id=\"29784d43\" data-element_type=\"widget\" data-widget_type=\"heading.default\">\n<div class=\"elementor-widget-container\">\n<p class=\"translation-block\"><strong>PROIZVODI ZA GRADNJO KOMUNALNE INFRASTRUKTURE:<\/strong><br>\n\u2022 Posode za pitno vodo in de\u017eevnico<br>\n\u2022 Posode za tehnolo\u0161ko procesno vodo iz proizvodnih procesov<br>\n\u2022 Posode za kemikalije, enojne in dvojne stene<br>\n\u2022 Lo\u010devalci olja in lovilci ma\u0161\u010dob<br>\n\u2022 \u010crpali\u0161\u010da \u2013 nudimo strojne in elektro in\u0161talacije za poliester in vodo<br>\n\u010drpali\u0161\u010da<br>\n\u2022 \u010cistilne naprave (izvajamo tudi in\u017eeniring na velikih \u010distilnih napravah)<br>\n\u2022 Rezervoarji za vodo<br>\n\u2022 Zabojniki za vzdr\u017eevanje cestne infrastrukture (skladi\u0161\u010denje, me\u0161anje, posode za pesek)<br>\n\u2022 Greznice<br>\n\u2022 Dobro odcedite<\/p>\n<p><strong>POSLANSTVO<\/strong><\/p>\n<\/div>\n<p>Okolje spreminjamo na bolje<\/p>\n<p><strong>VIZIJA<br \/>\n<\/strong>Zanesljiv partner tehnolo\u0161kih re\u0161itev komunalne infrastrukture in  proizvodnje GRP izdelkov za trajnostno ozave\u0161\u010dene uporabnike.<\/p>\n<p><strong>\u00a0VREDNOTE<\/strong><\/p>\n<p>\u2022 Timsko delovanje<br \/>\n\u2022 Nenehno izbolj\u0161evanje<br \/>\n\u2022 Podjetno delovanje<br \/>\n\u2022 Odgovorno in partnersko delovanje<br \/>\n\u2022 Izvirno in ustvarjalno delovanje<br \/>\n\u2022 Odkrito in spo\u0161tljivo komuniciranje<\/p>\n<\/div>\n<\/div>\n<\/div>\n<\/div>\n<\/div>\n<\/div>\n<\/div>\n<\/div>\n\t<\/div>\r\n<\/div>\r\n\r\n\r\n\r\n\n\t\t<\/div> \n\t<\/div>\n\t<\/div> \n<\/div><\/div>\n\t\t\t<\/div> \n\t\t<\/div>\n\t<\/div> \n\n\t<div style=\"\" class=\"vc_col-sm-6 wpb_column column_container vc_column_container col no-extra-padding inherit_tablet inherit_phone\" data-using-bg=\"true\" data-bg-cover=\"true\" data-padding-pos=\"all\" data-has-bg-color=\"false\" data-bg-color=\"\" data-bg-opacity=\"1\" data-animation=\"\" data-delay=\"0\" >\n\t\t<div class=\"vc_column-inner\" ><div class=\"column-image-bg-wrap viewport-desktop\" data-bg-pos=\"center center\" data-bg-animation=\"none\" data-bg-overlay=\"false\"><div class=\"inner-wrap\"><div class=\"column-image-bg\" style=\"\"><\/div><\/div><\/div>\n\t\t\t<div class=\"wpb_wrapper\">\n\t\t\t\t<div class=\"img-with-aniamtion-wrap\" data-max-width=\"100%\" data-max-width-mobile=\"default\" data-shadow=\"none\" data-animation=\"fade-in\" >\r\n      <div class=\"inner\">\r\n        <div class=\"hover-wrap\"> \r\n          <div class=\"hover-wrap-inner\">\r\n            <img loading=\"lazy\" decoding=\"async\" class=\"img-with-animation skip-lazy\" data-delay=\"0\" height=\"444\" width=\"800\" data-animation=\"fade-in\" src=\"https:\/\/amtprojekt.si\/wp-content\/uploads\/2022\/05\/b4c5d5b2c574.jpeg\" alt=\"\" srcset=\"https:\/\/amtprojekt.si\/wp-content\/uploads\/2022\/05\/b4c5d5b2c574.jpeg 800w, https:\/\/amtprojekt.si\/wp-content\/uploads\/2022\/05\/b4c5d5b2c574-300x167.jpeg 300w, https:\/\/amtprojekt.si\/wp-content\/uploads\/2022\/05\/b4c5d5b2c574-768x426.jpeg 768w\" sizes=\"auto, (max-width: 800px) 100vw, 800px\" \/>\r\n          <\/div>\r\n        <\/div>\r\n      <\/div>\r\n    <\/div>\n\t\t\t<\/div> \n\t\t<\/div>\n\t<\/div> \n<\/div><\/div>\r\n\t\t<div id=\"fws_69e234abad807\"  data-column-margin=\"default\" data-midnight=\"dark\"  class=\"wpb_row vc_row-fluid vc_row full-width-content vc_row-o-equal-height vc_row-flex vc_row-o-content-middle\"  style=\"padding-top: 0px; padding-bottom: 0px; \"><div class=\"row-bg-wrap\" data-bg-animation=\"none\" data-bg-overlay=\"false\"><div class=\"inner-wrap\"><div class=\"row-bg viewport-desktop\"  style=\"\"><\/div><\/div><\/div><div class=\"row_col_wrap_12 col span_12 dark left\">\n\t<div  class=\"vc_col-sm-6 wpb_column column_container vc_column_container col padding-1-percent inherit_tablet inherit_phone\"  data-padding-pos=\"all\" data-has-bg-color=\"false\" data-bg-color=\"\" data-bg-opacity=\"1\" data-animation=\"\" data-delay=\"0\" >\n\t\t<div class=\"vc_column-inner\" >\n\t\t\t<div class=\"wpb_wrapper\">\n\t\t\t\t\n\t\t\t<\/div> \n\t\t<\/div>\n\t<\/div> \n\n\t<div style=\"\" class=\"vc_col-sm-6 wpb_column column_container vc_column_container col no-extra-padding inherit_tablet inherit_phone\" data-using-bg=\"true\" data-padding-pos=\"all\" data-has-bg-color=\"true\" data-bg-color=\"#ffffff\" data-bg-opacity=\"1\" data-animation=\"\" data-delay=\"0\" >\n\t\t<div class=\"vc_column-inner\" ><div class=\"column-image-bg-wrap viewport-desktop\" data-bg-pos=\"center center\" data-bg-animation=\"none\" data-bg-overlay=\"false\"><div class=\"inner-wrap\"><div class=\"column-image-bg\" style=\" background-image: url('https:\/\/amtprojekt.si\/wp-content\/uploads\/2022\/05\/2f597e507fc7.jpeg'); \"><\/div><\/div><\/div><div class=\"column-bg-overlay-wrap\" data-bg-animation=\"none\"><div class=\"column-bg-overlay\" style=\"opacity: 1; background-color: #ffffff;\"><\/div><\/div>\n\t\t\t<div class=\"wpb_wrapper\">\n\t\t\t\t\n\t\t\t<\/div> \n\t\t<\/div>\n\t<\/div> \n<\/div><\/div>\r\n\t\t<div id=\"fws_69e234abaddbf\"  data-column-margin=\"default\" data-midnight=\"dark\"  class=\"wpb_row vc_row-fluid vc_row full-width-section  reverse_columns_desktop top_padding_tablet_8pct bottom_padding_tablet_8pct right_padding_phone_0px left_padding_phone_0px\"  style=\"padding-top: 0px; padding-bottom: 0px; \"><div class=\"row-bg-wrap\" data-bg-animation=\"none\" data-bg-overlay=\"false\"><div class=\"inner-wrap\"><div class=\"row-bg viewport-desktop using-bg-color\"  style=\"background-color: #ffffff; \"><\/div><\/div><\/div><div class=\"row_col_wrap_12 col span_12 dark left\">\n\t<div  class=\"vc_col-sm-12 wpb_column column_container vc_column_container col no-extra-padding inherit_tablet inherit_phone\"  data-padding-pos=\"all\" data-has-bg-color=\"false\" data-bg-color=\"\" data-bg-opacity=\"1\" data-animation=\"\" data-delay=\"0\" >\n\t\t<div class=\"vc_column-inner\" >\n\t\t\t<div class=\"wpb_wrapper\">\n\t\t\t\t\n\t\t\t<\/div> \n\t\t<\/div>\n\t<\/div> \n<\/div><\/div>\r\n\t\t<div id=\"fws_69e234abadf46\"  data-column-margin=\"default\" data-midnight=\"dark\"  class=\"wpb_row vc_row-fluid vc_row  right_padding_10pct left_padding_10pct right_padding_phone_0pct left_padding_phone_0pct\"  style=\"padding-top: 0px; padding-bottom: 0px; \"><div class=\"row-bg-wrap\" data-bg-animation=\"none\" data-bg-overlay=\"false\"><div class=\"inner-wrap\"><div class=\"row-bg viewport-desktop\"  style=\"\"><\/div><\/div><\/div><div class=\"row_col_wrap_12 col span_12 dark left\">\n\t<div  class=\"vc_col-sm-12 wpb_column column_container vc_column_container col no-extra-padding inherit_tablet inherit_phone\"  data-padding-pos=\"all\" data-has-bg-color=\"false\" data-bg-color=\"\" data-bg-opacity=\"1\" data-animation=\"\" data-delay=\"0\" >\n\t\t<div class=\"vc_column-inner\" >\n\t\t\t<div class=\"wpb_wrapper\">\n\t\t\t\t\n\t\t\t<\/div> \n\t\t<\/div>\n\t<\/div> \n<\/div><\/div>","protected":false},"excerpt":{"rendered":"This is AMT Projekt.AMT PROJEKT d.o.o. is a producer and seller of GRP products for the construction of communal infrastructure. We also offer services of various kinds, such as remediation, assembly, commissioning and project solutions. We use different production technologies (machine winding, manual laminate, spray up, vacuum and infusion). &nbsp; PRODUCTS FOR THE BUILDING OF MUNICIPAL INFRASTRUCTURE: \u2022 Drinking water and rainwater containers \u2022 Technological...","protected":false},"author":1,"featured_media":0,"parent":0,"menu_order":0,"comment_status":"closed","ping_status":"closed","template":"","meta":{"footnotes":""},"class_list":["post-15069","page","type-page","status-publish"],"yoast_head":"<!-- This site is optimized with the Yoast SEO plugin v27.3 - https:\/\/yoast.com\/product\/yoast-seo-wordpress\/ -->\n<title>About us - AMT Projekt<\/title>\n<meta name=\"description\" content=\"This is AMT Projekt - AMT PROJEKT d.o.o. is a producer and seller of products for the construction of communal infrastructure.\" \/>\n<meta name=\"robots\" content=\"index, follow, max-snippet:-1, max-image-preview:large, max-video-preview:-1\" \/>\n<link rel=\"canonical\" href=\"https:\/\/amtprojekt.si\/sl\/about-us\/\" \/>\n<meta property=\"og:locale\" content=\"sl_SI\" \/>\n<meta property=\"og:type\" content=\"article\" \/>\n<meta property=\"og:title\" content=\"About us - AMT Projekt\" \/>\n<meta property=\"og:description\" content=\"This is AMT Projekt - AMT PROJEKT d.o.o. is a producer and seller of products for the construction of communal infrastructure.\" \/>\n<meta property=\"og:url\" content=\"https:\/\/amtprojekt.si\/sl\/about-us\/\" \/>\n<meta property=\"og:site_name\" content=\"AMT Projekt\" \/>\n<meta property=\"article:modified_time\" content=\"2023-09-25T07:05:37+00:00\" \/>\n<meta name=\"twitter:card\" content=\"summary_large_image\" \/>\n<meta name=\"twitter:label1\" content=\"Est. reading time\" \/>\n\t<meta name=\"twitter:data1\" content=\"3 minute\" \/>\n<script type=\"application\/ld+json\" class=\"yoast-schema-graph\">{\"@context\":\"https:\\\/\\\/schema.org\",\"@graph\":[{\"@type\":\"WebPage\",\"@id\":\"https:\\\/\\\/amtprojekt.si\\\/about-us\\\/\",\"url\":\"https:\\\/\\\/amtprojekt.si\\\/about-us\\\/\",\"name\":\"About us - AMT Projekt\",\"isPartOf\":{\"@id\":\"https:\\\/\\\/amtprojekt.si\\\/#website\"},\"datePublished\":\"2022-03-16T09:30:03+00:00\",\"dateModified\":\"2023-09-25T07:05:37+00:00\",\"description\":\"This is AMT Projekt - AMT PROJEKT d.o.o. is a producer and seller of products for the construction of communal infrastructure.\",\"breadcrumb\":{\"@id\":\"https:\\\/\\\/amtprojekt.si\\\/about-us\\\/#breadcrumb\"},\"inLanguage\":\"sl-SI\",\"potentialAction\":[{\"@type\":\"ReadAction\",\"target\":[\"https:\\\/\\\/amtprojekt.si\\\/about-us\\\/\"]}]},{\"@type\":\"BreadcrumbList\",\"@id\":\"https:\\\/\\\/amtprojekt.si\\\/about-us\\\/#breadcrumb\",\"itemListElement\":[{\"@type\":\"ListItem\",\"position\":1,\"name\":\"Hem\",\"item\":\"https:\\\/\\\/amtprojekt.si\\\/\"},{\"@type\":\"ListItem\",\"position\":2,\"name\":\"About us\"}]},{\"@type\":\"WebSite\",\"@id\":\"https:\\\/\\\/amtprojekt.si\\\/#website\",\"url\":\"https:\\\/\\\/amtprojekt.si\\\/\",\"name\":\"AMT Projekt\",\"description\":\"producer and seller of products for the construction of communal infrastructure.\",\"potentialAction\":[{\"@type\":\"SearchAction\",\"target\":{\"@type\":\"EntryPoint\",\"urlTemplate\":\"https:\\\/\\\/amtprojekt.si\\\/?s={search_term_string}\"},\"query-input\":{\"@type\":\"PropertyValueSpecification\",\"valueRequired\":true,\"valueName\":\"search_term_string\"}}],\"inLanguage\":\"sl-SI\"}]}<\/script>\n<!-- \/ Yoast SEO plugin. -->","yoast_head_json":{"title":"About us - AMT Projekt","description":"This is AMT Projekt - AMT PROJEKT d.o.o. is a producer and seller of products for the construction of communal infrastructure.","robots":{"index":"index","follow":"follow","max-snippet":"max-snippet:-1","max-image-preview":"max-image-preview:large","max-video-preview":"max-video-preview:-1"},"canonical":"https:\/\/amtprojekt.si\/sl\/about-us\/","og_locale":"sl_SI","og_type":"article","og_title":"About us - AMT Projekt","og_description":"This is AMT Projekt - AMT PROJEKT d.o.o. is a producer and seller of products for the construction of communal infrastructure.","og_url":"https:\/\/amtprojekt.si\/sl\/about-us\/","og_site_name":"AMT Projekt","article_modified_time":"2023-09-25T07:05:37+00:00","twitter_card":"summary_large_image","twitter_misc":{"Est. reading time":"3 minute"},"schema":{"@context":"https:\/\/schema.org","@graph":[{"@type":"WebPage","@id":"https:\/\/amtprojekt.si\/about-us\/","url":"https:\/\/amtprojekt.si\/about-us\/","name":"About us - AMT Projekt","isPartOf":{"@id":"https:\/\/amtprojekt.si\/#website"},"datePublished":"2022-03-16T09:30:03+00:00","dateModified":"2023-09-25T07:05:37+00:00","description":"This is AMT Projekt - AMT PROJEKT d.o.o. is a producer and seller of products for the construction of communal infrastructure.","breadcrumb":{"@id":"https:\/\/amtprojekt.si\/about-us\/#breadcrumb"},"inLanguage":"sl-SI","potentialAction":[{"@type":"ReadAction","target":["https:\/\/amtprojekt.si\/about-us\/"]}]},{"@type":"BreadcrumbList","@id":"https:\/\/amtprojekt.si\/about-us\/#breadcrumb","itemListElement":[{"@type":"ListItem","position":1,"name":"Hem","item":"https:\/\/amtprojekt.si\/"},{"@type":"ListItem","position":2,"name":"About us"}]},{"@type":"WebSite","@id":"https:\/\/amtprojekt.si\/#website","url":"https:\/\/amtprojekt.si\/","name":"AMT Projekt","description":"producer and seller of products for the construction of communal infrastructure.","potentialAction":[{"@type":"SearchAction","target":{"@type":"EntryPoint","urlTemplate":"https:\/\/amtprojekt.si\/?s={search_term_string}"},"query-input":{"@type":"PropertyValueSpecification","valueRequired":true,"valueName":"search_term_string"}}],"inLanguage":"sl-SI"}]}},"_links":{"self":[{"href":"https:\/\/amtprojekt.si\/sl\/wp-json\/wp\/v2\/pages\/15069","targetHints":{"allow":["GET"]}}],"collection":[{"href":"https:\/\/amtprojekt.si\/sl\/wp-json\/wp\/v2\/pages"}],"about":[{"href":"https:\/\/amtprojekt.si\/sl\/wp-json\/wp\/v2\/types\/page"}],"author":[{"embeddable":true,"href":"https:\/\/amtprojekt.si\/sl\/wp-json\/wp\/v2\/users\/1"}],"replies":[{"embeddable":true,"href":"https:\/\/amtprojekt.si\/sl\/wp-json\/wp\/v2\/comments?post=15069"}],"version-history":[{"count":13,"href":"https:\/\/amtprojekt.si\/sl\/wp-json\/wp\/v2\/pages\/15069\/revisions"}],"predecessor-version":[{"id":19010,"href":"https:\/\/amtprojekt.si\/sl\/wp-json\/wp\/v2\/pages\/15069\/revisions\/19010"}],"wp:attachment":[{"href":"https:\/\/amtprojekt.si\/sl\/wp-json\/wp\/v2\/media?parent=15069"}],"curies":[{"name":"wp","href":"https:\/\/api.w.org\/{rel}","templated":true}]}}